{"id":181150,"date":"2026-04-29T17:02:42","date_gmt":"2026-04-29T15:02:42","guid":{"rendered":"https:\/\/watchdeluxe.it\/prodotto\/hamilton-khaki-field-expedition-ref-h70315910\/"},"modified":"2026-04-29T17:02:42","modified_gmt":"2026-04-29T15:02:42","slug":"hamilton-khaki-field-expedition-ref-h70315910","status":"publish","type":"product","link":"https:\/\/watchdeluxe.it\/fr\/prodotto\/hamilton-khaki-field-expedition-ref-h70315910\/","title":{"rendered":"Hamilton khaki field expedition r\u00e9f. H70315910"},"content":{"rendered":"<p>Hamilton khaki field expedition r\u00e9f. H70315910<\/p>\n<ul>\n<li>Mat\u00e9riau du bo\u00eetier : Acier inoxydable<\/li>\n<li>Diam\u00e8tre du bo\u00eetier : 37 mm<\/li>\n<li>\u00c9paisseur : 11,45 mm<\/li>\n<li>Mouvement : Automatique H-10 avec 80 heures de r\u00e9serve de marche<\/li>\n<li>\u00c9tanch\u00e9it\u00e9 : 10 bar (100 m) avec couronne viss\u00e9e<\/li>\n<li>Cristal : Verre saphir avec traitement antireflet<\/li>\n<li>Bracelet : NATO en tissu vert avec boucle ardillon<\/li>\n<\/ul>\n","protected":false},"excerpt":{"rendered":"<p>Esprit d&#8217;aventure et style field militaire intemporel<\/p>\n","protected":false},"featured_media":181114,"template":"","meta":{"_crdt_document":"","advanced_seo_description":"","jetpack_seo_html_title":"","jetpack_seo_noindex":false},"product_brand":[],"product_cat":[1915],"product_tag":[1387],"berocket_brand":[],"woo-feed-brand":[],"class_list":{"0":"post-181150","1":"product","2":"type-product","3":"status-publish","4":"has-post-thumbnail","6":"product_cat-hamilton","7":"product_tag-khaki","9":"first","10":"instock","11":"sale","12":"taxable","13":"shipping-taxable","14":"purchasable","15":"product-type-simple"},"bundled_by":[],"bundle_stock_status":"instock","bundle_stock_quantity":1,"bundle_virtual":false,"bundle_layout":"","bundle_add_to_cart_form_location":"","bundle_editable_in_cart":false,"bundle_sold_individually_context":"","bundle_item_grouping":"","bundle_min_size":"","bundle_max_size":"","bundle_price":[],"bundled_items":[],"bundle_sell_ids":[],"group_of_quantity":0,"min_quantity":0,"max_quantity":"","exclude_order_quantity_value_rules":"no","exclude_category_quantity_rules":"no","combine_variations":"no","jetpack_sharing_enabled":true,"jetpack_likes_enabled":true,"_links":{"self":[{"href":"https:\/\/watchdeluxe.it\/fr\/wp-json\/wp\/v2\/product\/181150","targetHints":{"allow":["GET"]}}],"collection":[{"href":"https:\/\/watchdeluxe.it\/fr\/wp-json\/wp\/v2\/product"}],"about":[{"href":"https:\/\/watchdeluxe.it\/fr\/wp-json\/wp\/v2\/types\/product"}],"wp:featuredmedia":[{"embeddable":true,"href":"https:\/\/watchdeluxe.it\/fr\/wp-json\/wp\/v2\/media\/181114"}],"wp:attachment":[{"href":"https:\/\/watchdeluxe.it\/fr\/wp-json\/wp\/v2\/media?parent=181150"}],"wp:term":[{"taxonomy":"product_brand","embeddable":true,"href":"https:\/\/watchdeluxe.it\/fr\/wp-json\/wp\/v2\/product_brand?post=181150"},{"taxonomy":"product_cat","embeddable":true,"href":"https:\/\/watchdeluxe.it\/fr\/wp-json\/wp\/v2\/product_cat?post=181150"},{"taxonomy":"product_tag","embeddable":true,"href":"https:\/\/watchdeluxe.it\/fr\/wp-json\/wp\/v2\/product_tag?post=181150"},{"taxonomy":"berocket_brand","embeddable":true,"href":"https:\/\/watchdeluxe.it\/fr\/wp-json\/wp\/v2\/berocket_brand?post=181150"},{"taxonomy":"woo-feed-brand","embeddable":true,"href":"https:\/\/watchdeluxe.it\/fr\/wp-json\/wp\/v2\/woo-feed-brand?post=181150"}],"curies":[{"name":"wp","href":"https:\/\/api.w.org\/{rel}","templated":true}]}}