{"id":181069,"date":"2026-04-29T16:41:38","date_gmt":"2026-04-29T14:41:38","guid":{"rendered":"https:\/\/watchdeluxe.it\/prodotto\/iwc-pilots-watch-mark-xx-le-petit-prince-ref-iw328221\/"},"modified":"2026-04-29T16:41:38","modified_gmt":"2026-04-29T14:41:38","slug":"iwc-pilots-watch-mark-xx-le-petit-prince-ref-iw328221","status":"publish","type":"product","link":"https:\/\/watchdeluxe.it\/fr\/prodotto\/iwc-pilots-watch-mark-xx-le-petit-prince-ref-iw328221\/","title":{"rendered":"IWC Pilot\u2019s Watch Mark XX Le Petit Prince r\u00e9f. IW328221"},"content":{"rendered":"<p>IWC Pilot\u2019s Watch Mark XX Le Petit Prince r\u00e9f. IW328221<\/p>\n<ul>\n<li>Acier inoxydable<\/li>\n<li>40,0 mm<\/li>\n<li>10,8 mm<\/li>\n<li>Mouvement automatique, calibre 32111 de manufacture IWC<\/li>\n<li>\u00c9tanch\u00e9it\u00e9 jusqu\u2019\u00e0 10 bar<\/li>\n<li>Verre saphir bomb\u00e9 avec traitement antireflet<\/li>\n<li>Bracelet en caoutchouc bleu avec syst\u00e8me EasX-CHANGE<\/ul>\n","protected":false},"excerpt":{"rendered":"<p>Montre d\u2019aviateur iconique d\u00e9di\u00e9e au Petit Prince<\/p>\n","protected":false},"featured_media":181044,"template":"","meta":{"_crdt_document":"","advanced_seo_description":"","jetpack_seo_html_title":"","jetpack_seo_noindex":false},"product_brand":[],"product_cat":[1918],"product_tag":[3715],"berocket_brand":[],"woo-feed-brand":[],"class_list":{"0":"post-181069","1":"product","2":"type-product","3":"status-publish","4":"has-post-thumbnail","6":"product_cat-iwc","7":"product_tag-pilot-2","9":"first","10":"instock","11":"sale","12":"taxable","13":"shipping-taxable","14":"purchasable","15":"product-type-simple"},"bundled_by":[],"bundle_stock_status":"instock","bundle_stock_quantity":1,"bundle_virtual":false,"bundle_layout":"","bundle_add_to_cart_form_location":"","bundle_editable_in_cart":false,"bundle_sold_individually_context":"","bundle_item_grouping":"","bundle_min_size":"","bundle_max_size":"","bundle_price":[],"bundled_items":[],"bundle_sell_ids":[],"group_of_quantity":0,"min_quantity":0,"max_quantity":"","exclude_order_quantity_value_rules":"no","exclude_category_quantity_rules":"no","combine_variations":"no","jetpack_sharing_enabled":true,"jetpack_likes_enabled":true,"_links":{"self":[{"href":"https:\/\/watchdeluxe.it\/fr\/wp-json\/wp\/v2\/product\/181069","targetHints":{"allow":["GET"]}}],"collection":[{"href":"https:\/\/watchdeluxe.it\/fr\/wp-json\/wp\/v2\/product"}],"about":[{"href":"https:\/\/watchdeluxe.it\/fr\/wp-json\/wp\/v2\/types\/product"}],"wp:featuredmedia":[{"embeddable":true,"href":"https:\/\/watchdeluxe.it\/fr\/wp-json\/wp\/v2\/media\/181044"}],"wp:attachment":[{"href":"https:\/\/watchdeluxe.it\/fr\/wp-json\/wp\/v2\/media?parent=181069"}],"wp:term":[{"taxonomy":"product_brand","embeddable":true,"href":"https:\/\/watchdeluxe.it\/fr\/wp-json\/wp\/v2\/product_brand?post=181069"},{"taxonomy":"product_cat","embeddable":true,"href":"https:\/\/watchdeluxe.it\/fr\/wp-json\/wp\/v2\/product_cat?post=181069"},{"taxonomy":"product_tag","embeddable":true,"href":"https:\/\/watchdeluxe.it\/fr\/wp-json\/wp\/v2\/product_tag?post=181069"},{"taxonomy":"berocket_brand","embeddable":true,"href":"https:\/\/watchdeluxe.it\/fr\/wp-json\/wp\/v2\/berocket_brand?post=181069"},{"taxonomy":"woo-feed-brand","embeddable":true,"href":"https:\/\/watchdeluxe.it\/fr\/wp-json\/wp\/v2\/woo-feed-brand?post=181069"}],"curies":[{"name":"wp","href":"https:\/\/api.w.org\/{rel}","templated":true}]}}