{"id":180394,"date":"2026-04-28T11:09:56","date_gmt":"2026-04-28T09:09:56","guid":{"rendered":"https:\/\/watchdeluxe.it\/prodotto\/longines-spirit-ref-l34104530\/"},"modified":"2026-04-28T11:09:56","modified_gmt":"2026-04-28T09:09:56","slug":"longines-spirit-ref-l34104530","status":"publish","type":"product","link":"https:\/\/watchdeluxe.it\/fr\/prodotto\/longines-spirit-ref-l34104530\/","title":{"rendered":"Longines Spirit r\u00e9f. L34104530"},"content":{"rendered":"<p>Longines Spirit r\u00e9f. L34104530<\/p>\n<ul>\n<li>Mat\u00e9riau du bo\u00eetier : Acier inoxydable<\/li>\n<li>Diam\u00e8tre du bo\u00eetier : 37 mm<\/li>\n<li>\u00c9paisseur : 11,70 mm<\/li>\n<li>Mouvement : M\u00e9canique \u00e0 remontage automatique, calibre L888.4 certifi\u00e9 COSC<\/li>\n<li>\u00c9tanch\u00e9it\u00e9 : 10 bar (100 m\u00e8tres)<\/li>\n<li>Verre : Verre saphir antirayures avec traitement antireflet multicouche sur les deux faces<\/li>\n<li>Bracelet : Bracelet en cuir marron<\/li>\n<\/ul>\n","protected":false},"excerpt":{"rendered":"<p>\u00c9l\u00e9gance sportive d\u2019inspiration vintage et style pilote.<\/p>\n","protected":false},"featured_media":180388,"template":"","meta":{"_crdt_document":"","advanced_seo_description":"","jetpack_seo_html_title":"","jetpack_seo_noindex":false},"product_brand":[],"product_cat":[1923],"product_tag":[3932],"berocket_brand":[],"woo-feed-brand":[],"class_list":{"0":"post-180394","1":"product","2":"type-product","3":"status-publish","4":"has-post-thumbnail","6":"product_cat-longines","7":"product_tag-spirit-2","9":"first","10":"instock","11":"sale","12":"taxable","13":"shipping-taxable","14":"purchasable","15":"product-type-simple"},"bundled_by":[],"bundle_stock_status":"instock","bundle_stock_quantity":1,"bundle_virtual":false,"bundle_layout":"","bundle_add_to_cart_form_location":"","bundle_editable_in_cart":false,"bundle_sold_individually_context":"","bundle_item_grouping":"","bundle_min_size":"","bundle_max_size":"","bundle_price":[],"bundled_items":[],"bundle_sell_ids":[],"group_of_quantity":0,"min_quantity":0,"max_quantity":"","exclude_order_quantity_value_rules":"no","exclude_category_quantity_rules":"no","combine_variations":"no","jetpack_sharing_enabled":true,"jetpack_likes_enabled":true,"_links":{"self":[{"href":"https:\/\/watchdeluxe.it\/fr\/wp-json\/wp\/v2\/product\/180394","targetHints":{"allow":["GET"]}}],"collection":[{"href":"https:\/\/watchdeluxe.it\/fr\/wp-json\/wp\/v2\/product"}],"about":[{"href":"https:\/\/watchdeluxe.it\/fr\/wp-json\/wp\/v2\/types\/product"}],"wp:featuredmedia":[{"embeddable":true,"href":"https:\/\/watchdeluxe.it\/fr\/wp-json\/wp\/v2\/media\/180388"}],"wp:attachment":[{"href":"https:\/\/watchdeluxe.it\/fr\/wp-json\/wp\/v2\/media?parent=180394"}],"wp:term":[{"taxonomy":"product_brand","embeddable":true,"href":"https:\/\/watchdeluxe.it\/fr\/wp-json\/wp\/v2\/product_brand?post=180394"},{"taxonomy":"product_cat","embeddable":true,"href":"https:\/\/watchdeluxe.it\/fr\/wp-json\/wp\/v2\/product_cat?post=180394"},{"taxonomy":"product_tag","embeddable":true,"href":"https:\/\/watchdeluxe.it\/fr\/wp-json\/wp\/v2\/product_tag?post=180394"},{"taxonomy":"berocket_brand","embeddable":true,"href":"https:\/\/watchdeluxe.it\/fr\/wp-json\/wp\/v2\/berocket_brand?post=180394"},{"taxonomy":"woo-feed-brand","embeddable":true,"href":"https:\/\/watchdeluxe.it\/fr\/wp-json\/wp\/v2\/woo-feed-brand?post=180394"}],"curies":[{"name":"wp","href":"https:\/\/api.w.org\/{rel}","templated":true}]}}