{"id":180344,"date":"2026-04-28T11:00:40","date_gmt":"2026-04-28T09:00:40","guid":{"rendered":"https:\/\/watchdeluxe.it\/prodotto\/longines-legend-diver-ref-l33744902\/"},"modified":"2026-04-28T11:00:40","modified_gmt":"2026-04-28T09:00:40","slug":"longines-legend-diver-ref-l33744902","status":"publish","type":"product","link":"https:\/\/watchdeluxe.it\/fr\/prodotto\/longines-legend-diver-ref-l33744902\/","title":{"rendered":"Longines Legend Diver r\u00e9f. L33744902"},"content":{"rendered":"<p>Longines Legend Diver r\u00e9f. L33744902<\/p>\n<ul>\n<li>Acier inoxydable<\/li>\n<li>36,00 mm<\/li>\n<li>11,90 mm<\/li>\n<li>Mouvement m\u00e9canique \u00e0 remontage automatique, calibre L592<\/li>\n<li>30 bar (300 m\u00e8tres)<\/li>\n<li>Verre saphir inrayable bomb\u00e9 avec traitement antireflet<\/li>\n<li>Bracelet en cuir bleu avec boucle<\/li>\n<\/li>\n<\/ul>\n","protected":false},"excerpt":{"rendered":"<p>Diver iconique au charme vintage et \u00e0 l\u2019\u00e9l\u00e9gance raffin\u00e9e.<\/p>\n","protected":false},"featured_media":180345,"template":"","meta":{"_crdt_document":"","advanced_seo_description":"","jetpack_seo_html_title":"","jetpack_seo_noindex":false},"product_brand":[],"product_cat":[1923],"product_tag":[],"berocket_brand":[],"woo-feed-brand":[],"class_list":{"0":"post-180344","1":"product","2":"type-product","3":"status-publish","4":"has-post-thumbnail","6":"product_cat-longines","8":"first","9":"instock","10":"sale","11":"taxable","12":"shipping-taxable","13":"purchasable","14":"product-type-simple"},"bundled_by":[],"bundle_stock_status":"instock","bundle_stock_quantity":1,"bundle_virtual":false,"bundle_layout":"","bundle_add_to_cart_form_location":"","bundle_editable_in_cart":false,"bundle_sold_individually_context":"","bundle_item_grouping":"","bundle_min_size":"","bundle_max_size":"","bundle_price":[],"bundled_items":[],"bundle_sell_ids":[],"group_of_quantity":0,"min_quantity":0,"max_quantity":"","exclude_order_quantity_value_rules":"no","exclude_category_quantity_rules":"no","combine_variations":"no","jetpack_sharing_enabled":true,"jetpack_likes_enabled":true,"_links":{"self":[{"href":"https:\/\/watchdeluxe.it\/fr\/wp-json\/wp\/v2\/product\/180344","targetHints":{"allow":["GET"]}}],"collection":[{"href":"https:\/\/watchdeluxe.it\/fr\/wp-json\/wp\/v2\/product"}],"about":[{"href":"https:\/\/watchdeluxe.it\/fr\/wp-json\/wp\/v2\/types\/product"}],"wp:featuredmedia":[{"embeddable":true,"href":"https:\/\/watchdeluxe.it\/fr\/wp-json\/wp\/v2\/media\/180345"}],"wp:attachment":[{"href":"https:\/\/watchdeluxe.it\/fr\/wp-json\/wp\/v2\/media?parent=180344"}],"wp:term":[{"taxonomy":"product_brand","embeddable":true,"href":"https:\/\/watchdeluxe.it\/fr\/wp-json\/wp\/v2\/product_brand?post=180344"},{"taxonomy":"product_cat","embeddable":true,"href":"https:\/\/watchdeluxe.it\/fr\/wp-json\/wp\/v2\/product_cat?post=180344"},{"taxonomy":"product_tag","embeddable":true,"href":"https:\/\/watchdeluxe.it\/fr\/wp-json\/wp\/v2\/product_tag?post=180344"},{"taxonomy":"berocket_brand","embeddable":true,"href":"https:\/\/watchdeluxe.it\/fr\/wp-json\/wp\/v2\/berocket_brand?post=180344"},{"taxonomy":"woo-feed-brand","embeddable":true,"href":"https:\/\/watchdeluxe.it\/fr\/wp-json\/wp\/v2\/woo-feed-brand?post=180344"}],"curies":[{"name":"wp","href":"https:\/\/api.w.org\/{rel}","templated":true}]}}