{"id":180235,"date":"2026-04-28T10:43:17","date_gmt":"2026-04-28T08:43:17","guid":{"rendered":"https:\/\/watchdeluxe.it\/prodotto\/longines-master-collection-ref-l27934796\/"},"modified":"2026-04-28T10:43:17","modified_gmt":"2026-04-28T08:43:17","slug":"longines-master-collection-ref-l27934796","status":"publish","type":"product","link":"https:\/\/watchdeluxe.it\/fr\/prodotto\/longines-master-collection-ref-l27934796\/","title":{"rendered":"Longines master collection r\u00e9f. L27934796"},"content":{"rendered":"<p>Longines master collection r\u00e9f. L27934796<\/p>\n<ul>\n<li>Acier inoxydable<\/li>\n<li>40,00 mm<\/li>\n<li>9,80 mm<\/li>\n<li>M\u00e9canique \u00e0 remontage automatique, calibre L888<\/li>\n<li>3 bars<\/li>\n<li>Verre saphir inrayable<\/li>\n<li>Acier inoxydable<\/li>\n<li>Contemporain<\/li>\n<\/ul>\n","protected":false},"excerpt":{"rendered":"<p>Montre classique et \u00e9l\u00e9gante \u00e0 l&#8217;esth\u00e9tique raffin\u00e9e<\/p>\n","protected":false},"featured_media":180236,"template":"","meta":{"_crdt_document":"","advanced_seo_description":"","jetpack_seo_html_title":"","jetpack_seo_noindex":false},"product_brand":[],"product_cat":[1923],"product_tag":[3923],"berocket_brand":[],"woo-feed-brand":[],"class_list":{"0":"post-180235","1":"product","2":"type-product","3":"status-publish","4":"has-post-thumbnail","6":"product_cat-longines","7":"product_tag-master-2","9":"first","10":"instock","11":"sale","12":"taxable","13":"shipping-taxable","14":"purchasable","15":"product-type-simple"},"bundled_by":[],"bundle_stock_status":"instock","bundle_stock_quantity":1,"bundle_virtual":false,"bundle_layout":"","bundle_add_to_cart_form_location":"","bundle_editable_in_cart":false,"bundle_sold_individually_context":"","bundle_item_grouping":"","bundle_min_size":"","bundle_max_size":"","bundle_price":[],"bundled_items":[],"bundle_sell_ids":[],"group_of_quantity":0,"min_quantity":0,"max_quantity":"","exclude_order_quantity_value_rules":"no","exclude_category_quantity_rules":"no","combine_variations":"no","jetpack_sharing_enabled":true,"jetpack_likes_enabled":true,"_links":{"self":[{"href":"https:\/\/watchdeluxe.it\/fr\/wp-json\/wp\/v2\/product\/180235","targetHints":{"allow":["GET"]}}],"collection":[{"href":"https:\/\/watchdeluxe.it\/fr\/wp-json\/wp\/v2\/product"}],"about":[{"href":"https:\/\/watchdeluxe.it\/fr\/wp-json\/wp\/v2\/types\/product"}],"wp:featuredmedia":[{"embeddable":true,"href":"https:\/\/watchdeluxe.it\/fr\/wp-json\/wp\/v2\/media\/180236"}],"wp:attachment":[{"href":"https:\/\/watchdeluxe.it\/fr\/wp-json\/wp\/v2\/media?parent=180235"}],"wp:term":[{"taxonomy":"product_brand","embeddable":true,"href":"https:\/\/watchdeluxe.it\/fr\/wp-json\/wp\/v2\/product_brand?post=180235"},{"taxonomy":"product_cat","embeddable":true,"href":"https:\/\/watchdeluxe.it\/fr\/wp-json\/wp\/v2\/product_cat?post=180235"},{"taxonomy":"product_tag","embeddable":true,"href":"https:\/\/watchdeluxe.it\/fr\/wp-json\/wp\/v2\/product_tag?post=180235"},{"taxonomy":"berocket_brand","embeddable":true,"href":"https:\/\/watchdeluxe.it\/fr\/wp-json\/wp\/v2\/berocket_brand?post=180235"},{"taxonomy":"woo-feed-brand","embeddable":true,"href":"https:\/\/watchdeluxe.it\/fr\/wp-json\/wp\/v2\/woo-feed-brand?post=180235"}],"curies":[{"name":"wp","href":"https:\/\/api.w.org\/{rel}","templated":true}]}}