{"id":179537,"date":"2026-04-25T10:08:16","date_gmt":"2026-04-25T08:08:16","guid":{"rendered":"https:\/\/watchdeluxe.it\/prodotto\/longines-hydroconquest-ref-l37803786\/"},"modified":"2026-04-25T10:08:16","modified_gmt":"2026-04-25T08:08:16","slug":"longines-hydroconquest-ref-l37803786","status":"publish","type":"product","link":"https:\/\/watchdeluxe.it\/fr\/prodotto\/longines-hydroconquest-ref-l37803786\/","title":{"rendered":"Longines HydroConquest r\u00e9f. L37803786"},"content":{"rendered":"<p>Longines HydroConquest r\u00e9f. L37803786<\/p>\n<ul>\n<li><strong>Collection :<\/strong> HydroConquest<\/li>\n<li><strong>Bo\u00eetier :<\/strong> Acier inoxydable et rev\u00eatement PVD or rose<\/li>\n<li><strong>Diam\u00e8tre :<\/strong> 39,00 mm<\/li>\n<li><strong>Lunette :<\/strong> C\u00e9ramique grise tournante unidirectionnelle<\/li>\n<li><strong>Verre :<\/strong> Saphir inrayable avec traitement antireflet multicouche sur les deux faces<\/li>\n<li><strong>Cadran :<\/strong> Gris soleil avec index et chiffres arabes appliqu\u00e9s<\/li>\n<li><strong>Mouvement :<\/strong> M\u00e9canique \u00e0 remontage automatique calibre L888<\/li>\n<li><strong>R\u00e9serve de marche :<\/strong> Environ 72 heures<\/li>\n<li><strong>\u00c9tanch\u00e9it\u00e9 :<\/strong> Jusqu&#8217;\u00e0 30 bar (300 m\u00e8tres)<\/li>\n<li><strong>Bracelet :<\/strong> Acier inoxydable et rev\u00eatement PVD or rose<\/li>\n<\/ul>\n","protected":false},"excerpt":{"rendered":"<p>L\u2019union parfaite entre l\u2019audace sportive et l\u2019\u00e9l\u00e9gance intemporelle : la Longines HydroConquest L37803786 enchante par sa lunette en c\u00e9ramique grise et ses d\u00e9tails raffin\u00e9s en PVD or rose.<\/p>\n","protected":false},"featured_media":179391,"template":"","meta":{"_crdt_document":"","advanced_seo_description":"","jetpack_seo_html_title":"","jetpack_seo_noindex":false},"product_brand":[],"product_cat":[1923],"product_tag":[3737],"berocket_brand":[],"woo-feed-brand":[],"class_list":{"0":"post-179537","1":"product","2":"type-product","3":"status-publish","4":"has-post-thumbnail","6":"product_cat-longines","7":"product_tag-hydroconquest-2","9":"first","10":"instock","11":"sale","12":"taxable","13":"shipping-taxable","14":"purchasable","15":"product-type-simple"},"bundled_by":[],"bundle_stock_status":"instock","bundle_stock_quantity":1,"bundle_virtual":false,"bundle_layout":"","bundle_add_to_cart_form_location":"","bundle_editable_in_cart":false,"bundle_sold_individually_context":"","bundle_item_grouping":"","bundle_min_size":"","bundle_max_size":"","bundle_price":[],"bundled_items":[],"bundle_sell_ids":[],"group_of_quantity":0,"min_quantity":0,"max_quantity":"","exclude_order_quantity_value_rules":"no","exclude_category_quantity_rules":"no","combine_variations":"no","jetpack_sharing_enabled":true,"jetpack_likes_enabled":true,"_links":{"self":[{"href":"https:\/\/watchdeluxe.it\/fr\/wp-json\/wp\/v2\/product\/179537","targetHints":{"allow":["GET"]}}],"collection":[{"href":"https:\/\/watchdeluxe.it\/fr\/wp-json\/wp\/v2\/product"}],"about":[{"href":"https:\/\/watchdeluxe.it\/fr\/wp-json\/wp\/v2\/types\/product"}],"wp:featuredmedia":[{"embeddable":true,"href":"https:\/\/watchdeluxe.it\/fr\/wp-json\/wp\/v2\/media\/179391"}],"wp:attachment":[{"href":"https:\/\/watchdeluxe.it\/fr\/wp-json\/wp\/v2\/media?parent=179537"}],"wp:term":[{"taxonomy":"product_brand","embeddable":true,"href":"https:\/\/watchdeluxe.it\/fr\/wp-json\/wp\/v2\/product_brand?post=179537"},{"taxonomy":"product_cat","embeddable":true,"href":"https:\/\/watchdeluxe.it\/fr\/wp-json\/wp\/v2\/product_cat?post=179537"},{"taxonomy":"product_tag","embeddable":true,"href":"https:\/\/watchdeluxe.it\/fr\/wp-json\/wp\/v2\/product_tag?post=179537"},{"taxonomy":"berocket_brand","embeddable":true,"href":"https:\/\/watchdeluxe.it\/fr\/wp-json\/wp\/v2\/berocket_brand?post=179537"},{"taxonomy":"woo-feed-brand","embeddable":true,"href":"https:\/\/watchdeluxe.it\/fr\/wp-json\/wp\/v2\/woo-feed-brand?post=179537"}],"curies":[{"name":"wp","href":"https:\/\/api.w.org\/{rel}","templated":true}]}}