{"id":179319,"date":"2026-04-25T09:09:17","date_gmt":"2026-04-25T07:09:17","guid":{"rendered":"https:\/\/watchdeluxe.it\/prodotto\/longines-presence-ref-l49214112\/"},"modified":"2026-04-25T09:09:17","modified_gmt":"2026-04-25T07:09:17","slug":"longines-presence-ref-l49214112","status":"publish","type":"product","link":"https:\/\/watchdeluxe.it\/fr\/prodotto\/longines-presence-ref-l49214112\/","title":{"rendered":"Longines Pr\u00e9sence r\u00e9f. L49214112"},"content":{"rendered":"<p>Longines Pr\u00e9sence r\u00e9f. L49214112<\/p>\n<ul>\n<li><strong>Collection :<\/strong> Pr\u00e9sence<\/li>\n<li><strong>Mouvement :<\/strong> M\u00e9canique \u00e0 remontage automatique<\/li>\n<li><strong>Calibre :<\/strong> L888<\/li>\n<li><strong>R\u00e9serve de marche :<\/strong> Environ 72 heures<\/li>\n<li><strong>Mat\u00e9riau du bo\u00eetier :<\/strong> Acier inoxydable<\/li>\n<li><strong>Diam\u00e8tre :<\/strong> 38,50 mm<\/li>\n<li><strong>Verre :<\/strong> Verre saphir antirayures<\/li>\n<li><strong>Fond :<\/strong> Transparent en verre saphir<\/li>\n<li><strong>Cadran :<\/strong> Blanc mat avec chiffres romains peints<\/li>\n<li><strong>\u00c9tanch\u00e9it\u00e9 :<\/strong> 3 bar (30 m\u00e8tres)<\/li>\n<li><strong>Bracelet :<\/strong> cuir noir avec boucle<\/li>\n<\/ul>\n","protected":false},"excerpt":{"rendered":"<p>Symbole de raffinement intemporel, la Longines Pr\u00e9sence L49214112 allie un design classique \u00e0 une m\u00e9canique automatique sup\u00e9rieure pour une \u00e9l\u00e9gance quotidienne sans compromis.<\/p>\n","protected":false},"featured_media":179321,"template":"","meta":{"_crdt_document":"","advanced_seo_description":"","jetpack_seo_html_title":"","jetpack_seo_noindex":false},"product_brand":[],"product_cat":[1923],"product_tag":[4059],"berocket_brand":[],"woo-feed-brand":[],"class_list":{"0":"post-179319","1":"product","2":"type-product","3":"status-publish","4":"has-post-thumbnail","6":"product_cat-longines","7":"product_tag-presence-2","9":"first","10":"instock","11":"sale","12":"taxable","13":"shipping-taxable","14":"purchasable","15":"product-type-simple"},"bundled_by":[],"bundle_stock_status":"instock","bundle_stock_quantity":1,"bundle_virtual":false,"bundle_layout":"","bundle_add_to_cart_form_location":"","bundle_editable_in_cart":false,"bundle_sold_individually_context":"","bundle_item_grouping":"","bundle_min_size":"","bundle_max_size":"","bundle_price":[],"bundled_items":[],"bundle_sell_ids":[],"group_of_quantity":0,"min_quantity":0,"max_quantity":"","exclude_order_quantity_value_rules":"no","exclude_category_quantity_rules":"no","combine_variations":"no","jetpack_sharing_enabled":true,"jetpack_likes_enabled":true,"_links":{"self":[{"href":"https:\/\/watchdeluxe.it\/fr\/wp-json\/wp\/v2\/product\/179319","targetHints":{"allow":["GET"]}}],"collection":[{"href":"https:\/\/watchdeluxe.it\/fr\/wp-json\/wp\/v2\/product"}],"about":[{"href":"https:\/\/watchdeluxe.it\/fr\/wp-json\/wp\/v2\/types\/product"}],"wp:featuredmedia":[{"embeddable":true,"href":"https:\/\/watchdeluxe.it\/fr\/wp-json\/wp\/v2\/media\/179321"}],"wp:attachment":[{"href":"https:\/\/watchdeluxe.it\/fr\/wp-json\/wp\/v2\/media?parent=179319"}],"wp:term":[{"taxonomy":"product_brand","embeddable":true,"href":"https:\/\/watchdeluxe.it\/fr\/wp-json\/wp\/v2\/product_brand?post=179319"},{"taxonomy":"product_cat","embeddable":true,"href":"https:\/\/watchdeluxe.it\/fr\/wp-json\/wp\/v2\/product_cat?post=179319"},{"taxonomy":"product_tag","embeddable":true,"href":"https:\/\/watchdeluxe.it\/fr\/wp-json\/wp\/v2\/product_tag?post=179319"},{"taxonomy":"berocket_brand","embeddable":true,"href":"https:\/\/watchdeluxe.it\/fr\/wp-json\/wp\/v2\/berocket_brand?post=179319"},{"taxonomy":"woo-feed-brand","embeddable":true,"href":"https:\/\/watchdeluxe.it\/fr\/wp-json\/wp\/v2\/woo-feed-brand?post=179319"}],"curies":[{"name":"wp","href":"https:\/\/api.w.org\/{rel}","templated":true}]}}