{"id":179087,"date":"2026-04-24T17:10:58","date_gmt":"2026-04-24T15:10:58","guid":{"rendered":"https:\/\/watchdeluxe.it\/prodotto\/montblanc-star-legacy-nicolas-rieussec-ref-133232\/"},"modified":"2026-04-24T17:10:58","modified_gmt":"2026-04-24T15:10:58","slug":"montblanc-star-legacy-nicolas-rieussec-ref-133232","status":"publish","type":"product","link":"https:\/\/watchdeluxe.it\/fr\/prodotto\/montblanc-star-legacy-nicolas-rieussec-ref-133232\/","title":{"rendered":"Montblanc star legacy nicolas rieussec r\u00e9f. 133232"},"content":{"rendered":"<p>Montblanc star legacy nicolas rieussec r\u00e9f. 133232\n<\/p>\n<ul>\n<li><strong>Mouvement :<\/strong> Calibre de manufacture MB R200, chronographe monopoussoir automatique<\/li>\n<li><strong>\u00c9dition limit\u00e9e :<\/strong> Exemplaire exclusif limit\u00e9 \u00e0 500 pi\u00e8ces au monde<\/li>\n<li><strong>Bo\u00eetier :<\/strong> Acier pr\u00e9cieux de 43 mm avec finition polie<\/li>\n<li><strong>Fonctions :<\/strong> Chronographe monopoussoir, second fuseau horaire et indicateur jour\/nuit<\/li>\n<li><strong>Cadran :<\/strong> Noir avec blueprint luminescent Meisterst\u00fcck et d\u00e9tails finition or rose<\/li>\n<li><strong>Verre :<\/strong> Cristal de saphir bomb\u00e9 avec double traitement antireflet<\/li>\n<li><strong>Fond :<\/strong> Verre saphir transparent avec masse oscillante inspir\u00e9e par la calligraphie<\/li>\n<li><strong>Complications :<\/strong> Disques rotatifs bomb\u00e9s pour les compteurs des 60 secondes et 30 minutes<\/li>\n<li><strong>Bracelet :<\/strong> Cuir de veau noir avec impression alligator et syst\u00e8me interchangeable<\/li>\n<li><strong>\u00c9tanch\u00e9it\u00e9 :<\/strong> Jusqu\u2019\u00e0 5 bars (environ 50 m\u00e8tres)<\/li>\n<\/ul>\n","protected":false},"excerpt":{"rendered":"<p>Un chef-d\u2019\u0153uvre en \u00e9dition limit\u00e9e qui c\u00e9l\u00e8bre les 100 ans de l\u2019iconique Meisterst\u00fcck, alliant l\u2019art de l\u2019\u00e9criture \u00e0 la haute horlogerie suisse dans un design Nicolas Rieussec sans pr\u00e9c\u00e9dent.<\/p>\n","protected":false},"featured_media":179083,"template":"","meta":{"_crdt_document":"","advanced_seo_description":"","jetpack_seo_html_title":"","jetpack_seo_noindex":false},"product_brand":[],"product_cat":[1929],"product_tag":[1616],"berocket_brand":[],"woo-feed-brand":[],"class_list":{"0":"post-179087","1":"product","2":"type-product","3":"status-publish","4":"has-post-thumbnail","6":"product_cat-montblanc","7":"product_tag-star-legacy","9":"first","10":"instock","11":"taxable","12":"shipping-taxable","13":"purchasable","14":"product-type-simple"},"bundled_by":[],"bundle_stock_status":"instock","bundle_stock_quantity":1,"bundle_virtual":false,"bundle_layout":"","bundle_add_to_cart_form_location":"","bundle_editable_in_cart":false,"bundle_sold_individually_context":"","bundle_item_grouping":"","bundle_min_size":"","bundle_max_size":"","bundle_price":[],"bundled_items":[],"bundle_sell_ids":[],"group_of_quantity":0,"min_quantity":0,"max_quantity":"","exclude_order_quantity_value_rules":"no","exclude_category_quantity_rules":"no","combine_variations":"no","jetpack_sharing_enabled":true,"jetpack_likes_enabled":true,"_links":{"self":[{"href":"https:\/\/watchdeluxe.it\/fr\/wp-json\/wp\/v2\/product\/179087","targetHints":{"allow":["GET"]}}],"collection":[{"href":"https:\/\/watchdeluxe.it\/fr\/wp-json\/wp\/v2\/product"}],"about":[{"href":"https:\/\/watchdeluxe.it\/fr\/wp-json\/wp\/v2\/types\/product"}],"wp:featuredmedia":[{"embeddable":true,"href":"https:\/\/watchdeluxe.it\/fr\/wp-json\/wp\/v2\/media\/179083"}],"wp:attachment":[{"href":"https:\/\/watchdeluxe.it\/fr\/wp-json\/wp\/v2\/media?parent=179087"}],"wp:term":[{"taxonomy":"product_brand","embeddable":true,"href":"https:\/\/watchdeluxe.it\/fr\/wp-json\/wp\/v2\/product_brand?post=179087"},{"taxonomy":"product_cat","embeddable":true,"href":"https:\/\/watchdeluxe.it\/fr\/wp-json\/wp\/v2\/product_cat?post=179087"},{"taxonomy":"product_tag","embeddable":true,"href":"https:\/\/watchdeluxe.it\/fr\/wp-json\/wp\/v2\/product_tag?post=179087"},{"taxonomy":"berocket_brand","embeddable":true,"href":"https:\/\/watchdeluxe.it\/fr\/wp-json\/wp\/v2\/berocket_brand?post=179087"},{"taxonomy":"woo-feed-brand","embeddable":true,"href":"https:\/\/watchdeluxe.it\/fr\/wp-json\/wp\/v2\/woo-feed-brand?post=179087"}],"curies":[{"name":"wp","href":"https:\/\/api.w.org\/{rel}","templated":true}]}}