{"id":179061,"date":"2026-04-24T16:58:35","date_gmt":"2026-04-24T14:58:35","guid":{"rendered":"https:\/\/watchdeluxe.it\/prodotto\/stylo-roller-montblanc-meisterstuck-bordeaux-legrand-ref-133003\/"},"modified":"2026-04-24T16:58:35","modified_gmt":"2026-04-24T14:58:35","slug":"stylo-roller-montblanc-meisterstuck-bordeaux-legrand-ref-133003","status":"publish","type":"product","link":"https:\/\/watchdeluxe.it\/fr\/prodotto\/stylo-roller-montblanc-meisterstuck-bordeaux-legrand-ref-133003\/","title":{"rendered":"Stylo roller Montblanc Meisterst\u00fcck bordeaux LeGrand r\u00e9f. 133003"},"content":{"rendered":"<p>Stylo Roller Meisterst\u00fcck Bordeaux LeGrand Montblanc 133003,<br \/>\nAgrafe avec finition dor\u00e9e distinctive<br \/>\nCorps en r\u00e9sine pr\u00e9cieuse bordeaux<br \/>\nCapuchon en r\u00e9sine pr\u00e9cieuse bordeaux<br \/>\nTaille M<br \/>\nCouleur Burgundy Red (bordeaux)<\/p>\n","protected":false},"excerpt":{"rendered":"<p>Stylo Roller Meisterst\u00fcck Bordeaux LeGrand Montblanc 133003, Agrafe avec finition dor\u00e9e distinctive Corps en r\u00e9sine pr\u00e9cieuse bordeaux Capuchon en r\u00e9sine pr\u00e9cieuse bordeaux Taille M Couleur Burgundy Red (bordeaux)<\/p>\n","protected":false},"featured_media":179053,"template":"","meta":{"_crdt_document":"","advanced_seo_description":"","jetpack_seo_html_title":"","jetpack_seo_noindex":false},"product_brand":[],"product_cat":[1929],"product_tag":[1452],"berocket_brand":[],"woo-feed-brand":[],"class_list":{"0":"post-179061","1":"product","2":"type-product","3":"status-publish","4":"has-post-thumbnail","6":"product_cat-montblanc","7":"product_tag-penne","9":"first","10":"instock","11":"sale","12":"taxable","13":"shipping-taxable","14":"purchasable","15":"product-type-simple"},"bundled_by":[],"bundle_stock_status":"instock","bundle_stock_quantity":1,"bundle_virtual":false,"bundle_layout":"","bundle_add_to_cart_form_location":"","bundle_editable_in_cart":false,"bundle_sold_individually_context":"","bundle_item_grouping":"","bundle_min_size":"","bundle_max_size":"","bundle_price":[],"bundled_items":[],"bundle_sell_ids":[],"group_of_quantity":0,"min_quantity":0,"max_quantity":"","exclude_order_quantity_value_rules":"no","exclude_category_quantity_rules":"no","combine_variations":"no","jetpack_sharing_enabled":true,"jetpack_likes_enabled":true,"_links":{"self":[{"href":"https:\/\/watchdeluxe.it\/fr\/wp-json\/wp\/v2\/product\/179061","targetHints":{"allow":["GET"]}}],"collection":[{"href":"https:\/\/watchdeluxe.it\/fr\/wp-json\/wp\/v2\/product"}],"about":[{"href":"https:\/\/watchdeluxe.it\/fr\/wp-json\/wp\/v2\/types\/product"}],"wp:featuredmedia":[{"embeddable":true,"href":"https:\/\/watchdeluxe.it\/fr\/wp-json\/wp\/v2\/media\/179053"}],"wp:attachment":[{"href":"https:\/\/watchdeluxe.it\/fr\/wp-json\/wp\/v2\/media?parent=179061"}],"wp:term":[{"taxonomy":"product_brand","embeddable":true,"href":"https:\/\/watchdeluxe.it\/fr\/wp-json\/wp\/v2\/product_brand?post=179061"},{"taxonomy":"product_cat","embeddable":true,"href":"https:\/\/watchdeluxe.it\/fr\/wp-json\/wp\/v2\/product_cat?post=179061"},{"taxonomy":"product_tag","embeddable":true,"href":"https:\/\/watchdeluxe.it\/fr\/wp-json\/wp\/v2\/product_tag?post=179061"},{"taxonomy":"berocket_brand","embeddable":true,"href":"https:\/\/watchdeluxe.it\/fr\/wp-json\/wp\/v2\/berocket_brand?post=179061"},{"taxonomy":"woo-feed-brand","embeddable":true,"href":"https:\/\/watchdeluxe.it\/fr\/wp-json\/wp\/v2\/woo-feed-brand?post=179061"}],"curies":[{"name":"wp","href":"https:\/\/api.w.org\/{rel}","templated":true}]}}