{"id":178819,"date":"2026-04-24T15:21:39","date_gmt":"2026-04-24T13:21:39","guid":{"rendered":"https:\/\/watchdeluxe.it\/prodotto\/mido-ocean-star-decompression-worldtimer-ref-m0268291705100\/"},"modified":"2026-04-24T15:21:39","modified_gmt":"2026-04-24T13:21:39","slug":"mido-ocean-star-decompression-worldtimer-ref-m0268291705100","status":"publish","type":"product","link":"https:\/\/watchdeluxe.it\/fr\/prodotto\/mido-ocean-star-decompression-worldtimer-ref-m0268291705100\/","title":{"rendered":"Mido Ocean Star Decompression Worldtimer r\u00e9f. M0268291705100"},"content":{"rendered":"<p>Mido Ocean Star Decompression Worldtimer r\u00e9f. M0268291705100<\/p>\n<ul>\n<li><strong>Mouvement :<\/strong> Automatique Mido Calibre 80 (base ETA C07.661) avec fonction GMT<\/li>\n<li><strong>R\u00e9serve de marche :<\/strong> Jusqu\u2019\u00e0 80 heures d\u2019autonomie<\/li>\n<li><strong>Mat\u00e9riau du bo\u00eetier :<\/strong> Acier inoxydable avec lunette tournante bidirectionnelle en c\u00e9ramique bleue<\/li>\n<li><strong>Diam\u00e8tre :<\/strong> 44 mm<\/li>\n<li><strong>Verre :<\/strong> Saphir avec traitement antireflet sur les deux faces<\/li>\n<li><strong>\u00c9tanch\u00e9it\u00e9 :<\/strong> 20 bar (200 m \/ 660 ft) avec couronne viss\u00e9e<\/li>\n<li><strong>Cadran :<\/strong> Noir mat avec index appliqu\u00e9s et aiguilles avec Super-LumiNova<\/li>\n<li><strong>Fonctions :<\/strong> Date, GMT 24 heures, heures, minutes et secondes<\/li>\n<li><strong>Bracelet :<\/strong> Coffret sp\u00e9cial avec bracelet en tissu bleu et bracelet suppl\u00e9mentaire en acier<\/li>\n<li><strong>Fond de bo\u00eete :<\/strong> Fond viss\u00e9 avec gravure des fuseaux horaires mondiaux<\/li>\n<\/ul>\n","protected":false},"excerpt":{"rendered":"<p>Le Mido Ocean Star GMT \u00c9dition Sp\u00e9ciale est l\u2019essence m\u00eame du voyage contemporain, alliant la pr\u00e9cision du second fuseau horaire \u00e0 l\u2019\u00e2me maritime d\u2019un garde-temps l\u00e9gendaire.<\/p>\n","protected":false},"featured_media":178809,"template":"","meta":{"_crdt_document":"","advanced_seo_description":"","jetpack_seo_html_title":"","jetpack_seo_noindex":false},"product_brand":[],"product_cat":[1922],"product_tag":[3739],"berocket_brand":[],"woo-feed-brand":[],"class_list":{"0":"post-178819","1":"product","2":"type-product","3":"status-publish","4":"has-post-thumbnail","6":"product_cat-mido","7":"product_tag-ocean-star-2","9":"first","10":"instock","11":"sale","12":"taxable","13":"shipping-taxable","14":"purchasable","15":"product-type-simple"},"bundled_by":[],"bundle_stock_status":"instock","bundle_stock_quantity":1,"bundle_virtual":false,"bundle_layout":"","bundle_add_to_cart_form_location":"","bundle_editable_in_cart":false,"bundle_sold_individually_context":"","bundle_item_grouping":"","bundle_min_size":"","bundle_max_size":"","bundle_price":[],"bundled_items":[],"bundle_sell_ids":[],"group_of_quantity":0,"min_quantity":0,"max_quantity":"","exclude_order_quantity_value_rules":"no","exclude_category_quantity_rules":"no","combine_variations":"no","jetpack_sharing_enabled":true,"jetpack_likes_enabled":true,"_links":{"self":[{"href":"https:\/\/watchdeluxe.it\/fr\/wp-json\/wp\/v2\/product\/178819","targetHints":{"allow":["GET"]}}],"collection":[{"href":"https:\/\/watchdeluxe.it\/fr\/wp-json\/wp\/v2\/product"}],"about":[{"href":"https:\/\/watchdeluxe.it\/fr\/wp-json\/wp\/v2\/types\/product"}],"wp:featuredmedia":[{"embeddable":true,"href":"https:\/\/watchdeluxe.it\/fr\/wp-json\/wp\/v2\/media\/178809"}],"wp:attachment":[{"href":"https:\/\/watchdeluxe.it\/fr\/wp-json\/wp\/v2\/media?parent=178819"}],"wp:term":[{"taxonomy":"product_brand","embeddable":true,"href":"https:\/\/watchdeluxe.it\/fr\/wp-json\/wp\/v2\/product_brand?post=178819"},{"taxonomy":"product_cat","embeddable":true,"href":"https:\/\/watchdeluxe.it\/fr\/wp-json\/wp\/v2\/product_cat?post=178819"},{"taxonomy":"product_tag","embeddable":true,"href":"https:\/\/watchdeluxe.it\/fr\/wp-json\/wp\/v2\/product_tag?post=178819"},{"taxonomy":"berocket_brand","embeddable":true,"href":"https:\/\/watchdeluxe.it\/fr\/wp-json\/wp\/v2\/berocket_brand?post=178819"},{"taxonomy":"woo-feed-brand","embeddable":true,"href":"https:\/\/watchdeluxe.it\/fr\/wp-json\/wp\/v2\/woo-feed-brand?post=178819"}],"curies":[{"name":"wp","href":"https:\/\/api.w.org\/{rel}","templated":true}]}}