{"id":178741,"date":"2026-04-24T15:02:13","date_gmt":"2026-04-24T13:02:13","guid":{"rendered":"https:\/\/watchdeluxe.it\/prodotto\/mido-multifort-m-chronometer-ref-m0384311109700\/"},"modified":"2026-04-24T15:02:13","modified_gmt":"2026-04-24T13:02:13","slug":"mido-multifort-m-chronometer-ref-m0384311109700","status":"publish","type":"product","link":"https:\/\/watchdeluxe.it\/fr\/prodotto\/mido-multifort-m-chronometer-ref-m0384311109700\/","title":{"rendered":"Mido Multifort M Chronometer r\u00e9f. M0384311109700"},"content":{"rendered":"<p>Mido Multifort M Chronometer r\u00e9f. M0384311109700<\/p>\n<ul>\n<li><strong>Mouvement :<\/strong> Automatique Mido Calibre 80 Si (base ETA C07.821) certifi\u00e9 COSC<\/li>\n<li><strong>R\u00e9serve de marche :<\/strong> Autonomie exceptionnelle jusqu\u2019\u00e0 80 heures<\/li>\n<li><strong>Innovation :<\/strong> Spiral en silicium amagn\u00e9tique pour une pr\u00e9cision sup\u00e9rieure et une r\u00e9sistance aux chocs<\/li>\n<li><strong>Mat\u00e9riau :<\/strong> Bo\u00eetier en acier inoxydable 316L d\u2019un diam\u00e8tre de 42 mm<\/li>\n<li><strong>Cadran :<\/strong> Vert d\u00e9grad\u00e9 avec finition satin\u00e9e verticale et index en Super-LumiNova beige<\/li>\n<li><strong>Verre :<\/strong> Saphir avec traitement antireflet sur les deux faces<\/li>\n<li><strong>Fonctions :<\/strong> Jour et date \u00e0 3 heures avec r\u00e9glage rapide<\/li>\n<li><strong>\u00c9tanch\u00e9it\u00e9 :<\/strong> Jusqu\u2019\u00e0 10 bar (100 m \/ 330 ft) avec couronne et fond viss\u00e9s<\/li>\n<li><strong>Bracelet :<\/strong> Acier inoxydable avec syst\u00e8me de changement rapide \u00ab one-click \u00bb<\/li>\n<li><strong>Certification :<\/strong> Chronom\u00e8tre officiel (COSC) garantissant des standards de marche rigoureux<\/li>\n<\/ul>\n","protected":false},"excerpt":{"rendered":"<p>L\u2019excellence chronom\u00e9trique rencontre un design audacieux : le MIDO Multifort M Chronometer est un hymne \u00e0 la pr\u00e9cision suisse, sublim\u00e9 par un cadran vert d\u00e9grad\u00e9 et le l\u00e9gendaire Calibre 80 avec spiral en silicium.<\/p>\n","protected":false},"featured_media":178635,"template":"","meta":{"_crdt_document":"","advanced_seo_description":"","jetpack_seo_html_title":"","jetpack_seo_noindex":false},"product_brand":[],"product_cat":[1922],"product_tag":[3719],"berocket_brand":[],"woo-feed-brand":[],"class_list":{"0":"post-178741","1":"product","2":"type-product","3":"status-publish","4":"has-post-thumbnail","6":"product_cat-mido","7":"product_tag-multifort","9":"first","10":"instock","11":"sale","12":"taxable","13":"shipping-taxable","14":"purchasable","15":"product-type-simple"},"bundled_by":[],"bundle_stock_status":"instock","bundle_stock_quantity":1,"bundle_virtual":false,"bundle_layout":"","bundle_add_to_cart_form_location":"","bundle_editable_in_cart":false,"bundle_sold_individually_context":"","bundle_item_grouping":"","bundle_min_size":"","bundle_max_size":"","bundle_price":[],"bundled_items":[],"bundle_sell_ids":[],"group_of_quantity":0,"min_quantity":0,"max_quantity":"","exclude_order_quantity_value_rules":"no","exclude_category_quantity_rules":"no","combine_variations":"no","jetpack_sharing_enabled":true,"jetpack_likes_enabled":true,"_links":{"self":[{"href":"https:\/\/watchdeluxe.it\/fr\/wp-json\/wp\/v2\/product\/178741","targetHints":{"allow":["GET"]}}],"collection":[{"href":"https:\/\/watchdeluxe.it\/fr\/wp-json\/wp\/v2\/product"}],"about":[{"href":"https:\/\/watchdeluxe.it\/fr\/wp-json\/wp\/v2\/types\/product"}],"wp:featuredmedia":[{"embeddable":true,"href":"https:\/\/watchdeluxe.it\/fr\/wp-json\/wp\/v2\/media\/178635"}],"wp:attachment":[{"href":"https:\/\/watchdeluxe.it\/fr\/wp-json\/wp\/v2\/media?parent=178741"}],"wp:term":[{"taxonomy":"product_brand","embeddable":true,"href":"https:\/\/watchdeluxe.it\/fr\/wp-json\/wp\/v2\/product_brand?post=178741"},{"taxonomy":"product_cat","embeddable":true,"href":"https:\/\/watchdeluxe.it\/fr\/wp-json\/wp\/v2\/product_cat?post=178741"},{"taxonomy":"product_tag","embeddable":true,"href":"https:\/\/watchdeluxe.it\/fr\/wp-json\/wp\/v2\/product_tag?post=178741"},{"taxonomy":"berocket_brand","embeddable":true,"href":"https:\/\/watchdeluxe.it\/fr\/wp-json\/wp\/v2\/berocket_brand?post=178741"},{"taxonomy":"woo-feed-brand","embeddable":true,"href":"https:\/\/watchdeluxe.it\/fr\/wp-json\/wp\/v2\/woo-feed-brand?post=178741"}],"curies":[{"name":"wp","href":"https:\/\/api.w.org\/{rel}","templated":true}]}}