{"id":178711,"date":"2026-04-24T15:14:59","date_gmt":"2026-04-24T13:14:59","guid":{"rendered":"https:\/\/watchdeluxe.it\/prodotto\/mido-baroncelli-big-date-ref-m0274263604300\/"},"modified":"2026-04-24T15:14:59","modified_gmt":"2026-04-24T13:14:59","slug":"mido-baroncelli-big-date-ref-m0274263604300","status":"publish","type":"product","link":"https:\/\/watchdeluxe.it\/fr\/prodotto\/mido-baroncelli-big-date-ref-m0274263604300\/","title":{"rendered":"Mido baroncelli big date r\u00e9f. M0274263604300"},"content":{"rendered":"<p>Mido baroncelli big date r\u00e9f. M0274263604300<\/p>\n<ul>\n<li><strong>Collection :<\/strong> Baroncelli<\/li>\n<li><strong>Mouvement :<\/strong> Automatique Mido Calibre 80 (base ETA C07.651)<\/li>\n<li><strong>R\u00e9serve de marche :<\/strong> Jusqu\u2019\u00e0 80 heures<\/li>\n<li><strong>Mat\u00e9riau du bo\u00eetier :<\/strong> Acier inoxydable avec traitement PVD or rose<\/li>\n<li><strong>Diam\u00e8tre :<\/strong> 40 mm<\/li>\n<li><strong>\u00c9paisseur :<\/strong> 10,38 mm<\/li>\n<li><strong>Verre :<\/strong> Saphir avec traitement antireflet sur les deux faces<\/li>\n<li><strong>Cadran :<\/strong> Bleu satin\u00e9 avec finition soleil et index romains<\/li>\n<li><strong>Complications :<\/strong> Grande Date (Big Date) \u00e0 double guichet \u00e0 6 heures<\/li>\n<li><strong>Fond :<\/strong> Transparent en verre saphir avec mouvement apparent<\/li>\n<li><strong>\u00c9tanch\u00e9it\u00e9 :<\/strong> 3 bar (30 m\u00e8tres)<\/li>\n<\/ul>\n","protected":false},"excerpt":{"rendered":"<p>La Mido Baroncelli Big Date Limited Edition incarne l&#8217;excellence de l&#8217;horlogerie suisse avec un design sophistiqu\u00e9 en or rose et une r\u00e9serve de marche extraordinaire. Un chef-d&#8217;\u0153uvre d&#8217;\u00e9quilibre esth\u00e9tique et de pr\u00e9cision m\u00e9canique, d\u00e9di\u00e9 aux v\u00e9ritables connaisseurs de style. <\/p>\n","protected":false},"featured_media":178703,"template":"","meta":{"_crdt_document":"","advanced_seo_description":"","jetpack_seo_html_title":"","jetpack_seo_noindex":false},"product_brand":[],"product_cat":[1922],"product_tag":[1515],"berocket_brand":[],"woo-feed-brand":[],"class_list":{"0":"post-178711","1":"product","2":"type-product","3":"status-publish","4":"has-post-thumbnail","6":"product_cat-mido","7":"product_tag-baroncelli","9":"first","10":"instock","11":"sale","12":"taxable","13":"shipping-taxable","14":"purchasable","15":"product-type-simple"},"bundled_by":[],"bundle_stock_status":"instock","bundle_stock_quantity":1,"bundle_virtual":false,"bundle_layout":"","bundle_add_to_cart_form_location":"","bundle_editable_in_cart":false,"bundle_sold_individually_context":"","bundle_item_grouping":"","bundle_min_size":"","bundle_max_size":"","bundle_price":[],"bundled_items":[],"bundle_sell_ids":[],"group_of_quantity":0,"min_quantity":0,"max_quantity":"","exclude_order_quantity_value_rules":"no","exclude_category_quantity_rules":"no","combine_variations":"no","jetpack_sharing_enabled":true,"jetpack_likes_enabled":true,"_links":{"self":[{"href":"https:\/\/watchdeluxe.it\/fr\/wp-json\/wp\/v2\/product\/178711","targetHints":{"allow":["GET"]}}],"collection":[{"href":"https:\/\/watchdeluxe.it\/fr\/wp-json\/wp\/v2\/product"}],"about":[{"href":"https:\/\/watchdeluxe.it\/fr\/wp-json\/wp\/v2\/types\/product"}],"wp:featuredmedia":[{"embeddable":true,"href":"https:\/\/watchdeluxe.it\/fr\/wp-json\/wp\/v2\/media\/178703"}],"wp:attachment":[{"href":"https:\/\/watchdeluxe.it\/fr\/wp-json\/wp\/v2\/media?parent=178711"}],"wp:term":[{"taxonomy":"product_brand","embeddable":true,"href":"https:\/\/watchdeluxe.it\/fr\/wp-json\/wp\/v2\/product_brand?post=178711"},{"taxonomy":"product_cat","embeddable":true,"href":"https:\/\/watchdeluxe.it\/fr\/wp-json\/wp\/v2\/product_cat?post=178711"},{"taxonomy":"product_tag","embeddable":true,"href":"https:\/\/watchdeluxe.it\/fr\/wp-json\/wp\/v2\/product_tag?post=178711"},{"taxonomy":"berocket_brand","embeddable":true,"href":"https:\/\/watchdeluxe.it\/fr\/wp-json\/wp\/v2\/berocket_brand?post=178711"},{"taxonomy":"woo-feed-brand","embeddable":true,"href":"https:\/\/watchdeluxe.it\/fr\/wp-json\/wp\/v2\/woo-feed-brand?post=178711"}],"curies":[{"name":"wp","href":"https:\/\/api.w.org\/{rel}","templated":true}]}}