{"id":178669,"date":"2026-04-24T14:55:08","date_gmt":"2026-04-24T12:55:08","guid":{"rendered":"https:\/\/watchdeluxe.it\/prodotto\/mido-ocean-star-200c-ref-m0424302105100\/"},"modified":"2026-04-24T14:55:08","modified_gmt":"2026-04-24T12:55:08","slug":"mido-ocean-star-200c-ref-m0424302105100","status":"publish","type":"product","link":"https:\/\/watchdeluxe.it\/fr\/prodotto\/mido-ocean-star-200c-ref-m0424302105100\/","title":{"rendered":"Mido Ocean Star 200C r\u00e9f. M0424302105100"},"content":{"rendered":"<p>Mido Ocean Star 200C r\u00e9f. M0424302105100<\/p>\n<ul>\n<li><strong>Mat\u00e9riau du bo\u00eetier :<\/strong> Acier inoxydable avec lunette tournante unidirectionnelle en c\u00e9ramique noire<\/li>\n<li><strong>Diam\u00e8tre :<\/strong> 42,50 mm<\/li>\n<li><strong>Mouvement :<\/strong> Automatique Mido Calibre 80 (base ETA C07.621) avec 80 heures de r\u00e9serve de marche<\/li>\n<li><strong>Verre :<\/strong> Verre saphir avec traitement antireflet double face<\/li>\n<li><strong>\u00c9tanch\u00e9it\u00e9 :<\/strong> 20 bar (200 m \/ 660 ft) avec couronne viss\u00e9e<\/li>\n<li><strong>Cadran :<\/strong> Noir avec d\u00e9cor \u00e0 vagues et index appliqu\u00e9s<\/li>\n<li><strong>Luminescence :<\/strong> Super-LumiNova sur les aiguilles et les index pour une lisibilit\u00e9 maximale<\/li>\n<li><strong>Spiral :<\/strong> Nivachron pour une r\u00e9sistance sup\u00e9rieure aux champs magn\u00e9tiques et aux chocs<\/li>\n<li><strong>Bracelet :<\/strong> Acier inoxydable avec boucle d\u00e9ployante et extension de plong\u00e9e<\/li>\n<li><strong>Fonctions :<\/strong> Jour et date positionn\u00e9s \u00e0 3 heures<\/li>\n<\/ul>\n","protected":false},"excerpt":{"rendered":"<p>Incarnation parfaite de l\u2019esprit nautique, la MIDO Ocean Star 200C allie des performances de plong\u00e9e d\u2019avant-garde \u00e0 une lunette en c\u00e9ramique d\u2019une r\u00e9sistance exceptionnelle.<\/p>\n","protected":false},"featured_media":178670,"template":"","meta":{"_crdt_document":"","advanced_seo_description":"","jetpack_seo_html_title":"","jetpack_seo_noindex":false},"product_brand":[],"product_cat":[1922],"product_tag":[3739],"berocket_brand":[],"woo-feed-brand":[],"class_list":{"0":"post-178669","1":"product","2":"type-product","3":"status-publish","4":"has-post-thumbnail","6":"product_cat-mido","7":"product_tag-ocean-star-2","9":"first","10":"instock","11":"sale","12":"taxable","13":"shipping-taxable","14":"purchasable","15":"product-type-simple"},"bundled_by":[],"bundle_stock_status":"instock","bundle_stock_quantity":1,"bundle_virtual":false,"bundle_layout":"","bundle_add_to_cart_form_location":"","bundle_editable_in_cart":false,"bundle_sold_individually_context":"","bundle_item_grouping":"","bundle_min_size":"","bundle_max_size":"","bundle_price":[],"bundled_items":[],"bundle_sell_ids":[],"group_of_quantity":0,"min_quantity":0,"max_quantity":"","exclude_order_quantity_value_rules":"no","exclude_category_quantity_rules":"no","combine_variations":"no","jetpack_sharing_enabled":true,"jetpack_likes_enabled":true,"_links":{"self":[{"href":"https:\/\/watchdeluxe.it\/fr\/wp-json\/wp\/v2\/product\/178669","targetHints":{"allow":["GET"]}}],"collection":[{"href":"https:\/\/watchdeluxe.it\/fr\/wp-json\/wp\/v2\/product"}],"about":[{"href":"https:\/\/watchdeluxe.it\/fr\/wp-json\/wp\/v2\/types\/product"}],"wp:featuredmedia":[{"embeddable":true,"href":"https:\/\/watchdeluxe.it\/fr\/wp-json\/wp\/v2\/media\/178670"}],"wp:attachment":[{"href":"https:\/\/watchdeluxe.it\/fr\/wp-json\/wp\/v2\/media?parent=178669"}],"wp:term":[{"taxonomy":"product_brand","embeddable":true,"href":"https:\/\/watchdeluxe.it\/fr\/wp-json\/wp\/v2\/product_brand?post=178669"},{"taxonomy":"product_cat","embeddable":true,"href":"https:\/\/watchdeluxe.it\/fr\/wp-json\/wp\/v2\/product_cat?post=178669"},{"taxonomy":"product_tag","embeddable":true,"href":"https:\/\/watchdeluxe.it\/fr\/wp-json\/wp\/v2\/product_tag?post=178669"},{"taxonomy":"berocket_brand","embeddable":true,"href":"https:\/\/watchdeluxe.it\/fr\/wp-json\/wp\/v2\/berocket_brand?post=178669"},{"taxonomy":"woo-feed-brand","embeddable":true,"href":"https:\/\/watchdeluxe.it\/fr\/wp-json\/wp\/v2\/woo-feed-brand?post=178669"}],"curies":[{"name":"wp","href":"https:\/\/api.w.org\/{rel}","templated":true}]}}