{"id":178616,"date":"2026-04-24T12:01:14","date_gmt":"2026-04-24T10:01:14","guid":{"rendered":"https:\/\/watchdeluxe.it\/prodotto\/mido-multifort-tv-35-ref-m0493073329600\/"},"modified":"2026-04-24T12:01:14","modified_gmt":"2026-04-24T10:01:14","slug":"mido-multifort-tv-35-ref-m0493073329600","status":"publish","type":"product","link":"https:\/\/watchdeluxe.it\/fr\/prodotto\/mido-multifort-tv-35-ref-m0493073329600\/","title":{"rendered":"Mido multifort tv 35 r\u00e9f. M0493073329600"},"content":{"rendered":"<p>Mido multifort tv 35 r\u00e9f. M0493073329600<\/p>\n<ul>\n<li><strong>Collection :<\/strong> Multifort TV 35<\/li>\n<li><strong>Mouvement :<\/strong> M\u00e9canique \u00e0 remontage automatique Mido Calibre 72 (base ETA)<\/li>\n<li><strong>R\u00e9serve de marche :<\/strong> Jusqu&#8217;\u00e0 72 heures<\/li>\n<li><strong>Mat\u00e9riau du bo\u00eetier :<\/strong> Acier inoxydable avec traitement PVD or rose<\/li>\n<li><strong>Cadran :<\/strong> Marron avec finition d\u00e9grad\u00e9e et 8 diamants sertis<\/li>\n<li><strong>Verre :<\/strong> Saphir avec traitement antireflet sur les deux faces<\/li>\n<li><strong>Dimensions :<\/strong> Largeur 35 mm, hauteur 34,2 mm (\u00e9paisseur 9,3 mm)<\/li>\n<li><strong>\u00c9tanch\u00e9it\u00e9 :<\/strong> 10 bar (100 m\u00e8tres) avec couronne viss\u00e9e<\/li>\n<li><strong>Technologie :<\/strong> Spiral en Nivachron\u2122 amagn\u00e9tique haute pr\u00e9cision<\/li>\n<li><strong>Bracelet :<\/strong> Acier PVD or rose avec fermoir papillon<\/li>\n<\/ul>\n","protected":false},"excerpt":{"rendered":"<p>Ic\u00f4ne de style au charme r\u00e9tro, la MIDO Multifort TV 35 s\u00e9duit par son bo\u00eetier iconique \u00ab TV-shape \u00bb en PVD or rose et son cadran marron d\u00e9grad\u00e9 raffin\u00e9 rehauss\u00e9 de diamants.<\/p>\n","protected":false},"featured_media":178463,"template":"","meta":{"_crdt_document":"","advanced_seo_description":"","jetpack_seo_html_title":"","jetpack_seo_noindex":false},"product_brand":[],"product_cat":[1922],"product_tag":[3719],"berocket_brand":[],"woo-feed-brand":[],"class_list":{"0":"post-178616","1":"product","2":"type-product","3":"status-publish","4":"has-post-thumbnail","6":"product_cat-mido","7":"product_tag-multifort","9":"first","10":"instock","11":"sale","12":"taxable","13":"shipping-taxable","14":"purchasable","15":"product-type-simple"},"bundled_by":[],"bundle_stock_status":"instock","bundle_stock_quantity":1,"bundle_virtual":false,"bundle_layout":"","bundle_add_to_cart_form_location":"","bundle_editable_in_cart":false,"bundle_sold_individually_context":"","bundle_item_grouping":"","bundle_min_size":"","bundle_max_size":"","bundle_price":[],"bundled_items":[],"bundle_sell_ids":[],"group_of_quantity":0,"min_quantity":0,"max_quantity":"","exclude_order_quantity_value_rules":"no","exclude_category_quantity_rules":"no","combine_variations":"no","jetpack_sharing_enabled":true,"jetpack_likes_enabled":true,"_links":{"self":[{"href":"https:\/\/watchdeluxe.it\/fr\/wp-json\/wp\/v2\/product\/178616","targetHints":{"allow":["GET"]}}],"collection":[{"href":"https:\/\/watchdeluxe.it\/fr\/wp-json\/wp\/v2\/product"}],"about":[{"href":"https:\/\/watchdeluxe.it\/fr\/wp-json\/wp\/v2\/types\/product"}],"wp:featuredmedia":[{"embeddable":true,"href":"https:\/\/watchdeluxe.it\/fr\/wp-json\/wp\/v2\/media\/178463"}],"wp:attachment":[{"href":"https:\/\/watchdeluxe.it\/fr\/wp-json\/wp\/v2\/media?parent=178616"}],"wp:term":[{"taxonomy":"product_brand","embeddable":true,"href":"https:\/\/watchdeluxe.it\/fr\/wp-json\/wp\/v2\/product_brand?post=178616"},{"taxonomy":"product_cat","embeddable":true,"href":"https:\/\/watchdeluxe.it\/fr\/wp-json\/wp\/v2\/product_cat?post=178616"},{"taxonomy":"product_tag","embeddable":true,"href":"https:\/\/watchdeluxe.it\/fr\/wp-json\/wp\/v2\/product_tag?post=178616"},{"taxonomy":"berocket_brand","embeddable":true,"href":"https:\/\/watchdeluxe.it\/fr\/wp-json\/wp\/v2\/berocket_brand?post=178616"},{"taxonomy":"woo-feed-brand","embeddable":true,"href":"https:\/\/watchdeluxe.it\/fr\/wp-json\/wp\/v2\/woo-feed-brand?post=178616"}],"curies":[{"name":"wp","href":"https:\/\/api.w.org\/{rel}","templated":true}]}}