{"id":178596,"date":"2026-04-24T12:23:56","date_gmt":"2026-04-24T10:23:56","guid":{"rendered":"https:\/\/watchdeluxe.it\/prodotto\/mido-baroncelli-lady-twenty-five-ref-m0390071109600\/"},"modified":"2026-04-24T12:23:56","modified_gmt":"2026-04-24T10:23:56","slug":"mido-baroncelli-lady-twenty-five-ref-m0390071109600","status":"publish","type":"product","link":"https:\/\/watchdeluxe.it\/fr\/prodotto\/mido-baroncelli-lady-twenty-five-ref-m0390071109600\/","title":{"rendered":"Mido baroncelli lady twenty five r\u00e9f. M0390071109600"},"content":{"rendered":"<p>Mido baroncelli lady twenty five r\u00e9f. M0390071109600<\/p>\n<li><strong>Collection :<\/strong> Baroncelli Lady Twenty-Five<\/li>\n<li><strong>Mouvement :<\/strong> Automatique Mido Calibre 48 (base ETA 2671)<\/li>\n<li><strong>R\u00e9serve de marche :<\/strong> Jusqu&#8217;\u00e0 48 heures<\/li>\n<li><strong>Bo\u00eetier :<\/strong> Acier inoxydable 316L de haute qualit\u00e9<\/li>\n<li><strong>Diam\u00e8tre :<\/strong> 25 mm<\/li>\n<li><strong>Cadran :<\/strong> Vert soleil avec 12 diamants sertis (0,0252 carat)<\/li>\n<li><strong>Verre :<\/strong> Verre saphir avec traitement antireflet double face<\/li>\n<li><strong>Fond :<\/strong> Transparent en verre saphir pour admirer le mouvement<\/li>\n<li><strong>\u00c9tanch\u00e9it\u00e9 :<\/strong> 5 bar (50 m\u00e8tres \/ 165 pieds)<\/li>\n<li><strong>Bracelet :<\/strong> Acier inoxydable avec fermoir d\u00e9ployant<\/li>\n<\/ul>\n","protected":false},"excerpt":{"rendered":"<p>Chef-d&#8217;\u0153uvre de microm\u00e9canique et de style, la MIDO Baroncelli Lady Twenty Five s\u00e9duit par son cadran vert \u00e9meraude rehauss\u00e9 de diamants authentiques et un design inspir\u00e9 de l&#8217;\u00e9l\u00e9gance de l&#8217;architecture classique.<\/p>\n","protected":false},"featured_media":178485,"template":"","meta":{"_crdt_document":"","advanced_seo_description":"","jetpack_seo_html_title":"","jetpack_seo_noindex":false},"product_brand":[],"product_cat":[1922],"product_tag":[1515],"berocket_brand":[],"woo-feed-brand":[],"class_list":{"0":"post-178596","1":"product","2":"type-product","3":"status-publish","4":"has-post-thumbnail","6":"product_cat-mido","7":"product_tag-baroncelli","9":"first","10":"instock","11":"sale","12":"taxable","13":"shipping-taxable","14":"purchasable","15":"product-type-simple"},"bundled_by":[],"bundle_stock_status":"instock","bundle_stock_quantity":1,"bundle_virtual":false,"bundle_layout":"","bundle_add_to_cart_form_location":"","bundle_editable_in_cart":false,"bundle_sold_individually_context":"","bundle_item_grouping":"","bundle_min_size":"","bundle_max_size":"","bundle_price":[],"bundled_items":[],"bundle_sell_ids":[],"group_of_quantity":0,"min_quantity":0,"max_quantity":"","exclude_order_quantity_value_rules":"no","exclude_category_quantity_rules":"no","combine_variations":"no","jetpack_sharing_enabled":true,"jetpack_likes_enabled":true,"_links":{"self":[{"href":"https:\/\/watchdeluxe.it\/fr\/wp-json\/wp\/v2\/product\/178596","targetHints":{"allow":["GET"]}}],"collection":[{"href":"https:\/\/watchdeluxe.it\/fr\/wp-json\/wp\/v2\/product"}],"about":[{"href":"https:\/\/watchdeluxe.it\/fr\/wp-json\/wp\/v2\/types\/product"}],"wp:featuredmedia":[{"embeddable":true,"href":"https:\/\/watchdeluxe.it\/fr\/wp-json\/wp\/v2\/media\/178485"}],"wp:attachment":[{"href":"https:\/\/watchdeluxe.it\/fr\/wp-json\/wp\/v2\/media?parent=178596"}],"wp:term":[{"taxonomy":"product_brand","embeddable":true,"href":"https:\/\/watchdeluxe.it\/fr\/wp-json\/wp\/v2\/product_brand?post=178596"},{"taxonomy":"product_cat","embeddable":true,"href":"https:\/\/watchdeluxe.it\/fr\/wp-json\/wp\/v2\/product_cat?post=178596"},{"taxonomy":"product_tag","embeddable":true,"href":"https:\/\/watchdeluxe.it\/fr\/wp-json\/wp\/v2\/product_tag?post=178596"},{"taxonomy":"berocket_brand","embeddable":true,"href":"https:\/\/watchdeluxe.it\/fr\/wp-json\/wp\/v2\/berocket_brand?post=178596"},{"taxonomy":"woo-feed-brand","embeddable":true,"href":"https:\/\/watchdeluxe.it\/fr\/wp-json\/wp\/v2\/woo-feed-brand?post=178596"}],"curies":[{"name":"wp","href":"https:\/\/api.w.org\/{rel}","templated":true}]}}