{"id":178555,"date":"2026-04-24T12:16:19","date_gmt":"2026-04-24T10:16:19","guid":{"rendered":"https:\/\/watchdeluxe.it\/prodotto\/mido-multifort-patrimony-powerwind-ref-m0404071109100\/"},"modified":"2026-04-24T12:16:19","modified_gmt":"2026-04-24T10:16:19","slug":"mido-multifort-patrimony-powerwind-ref-m0404071109100","status":"publish","type":"product","link":"https:\/\/watchdeluxe.it\/fr\/prodotto\/mido-multifort-patrimony-powerwind-ref-m0404071109100\/","title":{"rendered":"Mido Multifort Patrimony Powerwind r\u00e9f. M0404071109100"},"content":{"rendered":"<p>Mido Multifort Patrimony Powerwind r\u00e9f. M0404071109100<\/p>\n<ul>\n<li><strong>Collection :<\/strong> Multifort Patrimony Powerwind<\/li>\n<li><strong>Mouvement :<\/strong> Automatique Mido Calibre 80 (base ETA C07.621)<\/li>\n<li><strong>R\u00e9serve de marche :<\/strong> Jusqu\u2019\u00e0 80 heures d\u2019autonomie<\/li>\n<li><strong>Mat\u00e9riau du bo\u00eetier :<\/strong> Acier inoxydable 316L avec finitions polies et satin\u00e9es<\/li>\n<li><strong>Diam\u00e8tre :<\/strong> 40 mm<\/li>\n<li><strong>Verre :<\/strong> Verre saphir de type \u00ab box \u00bb (bomb\u00e9) pour un look d\u00e9licieusement vintage<\/li>\n<li><strong>Cadran :<\/strong> Vert soleil avec index luminescents en Super-LumiNova<\/li>\n<li><strong>Technologie :<\/strong> Spiral en Nivachron\u2122 pour une r\u00e9sistance sup\u00e9rieure aux champs magn\u00e9tiques<\/li>\n<li><strong>\u00c9tanch\u00e9it\u00e9 :<\/strong> 5 bar (50 m\u00e8tres \/ 165 pieds)<\/li>\n<li><strong>Fond :<\/strong> Transparent en verre saphir pour admirer le mouvement d\u00e9cor\u00e9<\/li>\n<\/ul>\n","protected":false},"excerpt":{"rendered":"<p>Le MIDO Multifort Patrimony Powerwind allie l\u2019\u00e9l\u00e9gance vintage des ann\u00e9es 50 \u00e0 la pr\u00e9cision du Calibre 80, offrant un design intemporel au charme ind\u00e9modable.<\/p>\n","protected":false},"featured_media":178477,"template":"","meta":{"_crdt_document":"","advanced_seo_description":"","jetpack_seo_html_title":"","jetpack_seo_noindex":false},"product_brand":[],"product_cat":[1922],"product_tag":[3719],"berocket_brand":[],"woo-feed-brand":[],"class_list":{"0":"post-178555","1":"product","2":"type-product","3":"status-publish","4":"has-post-thumbnail","6":"product_cat-mido","7":"product_tag-multifort","9":"first","10":"instock","11":"sale","12":"taxable","13":"shipping-taxable","14":"purchasable","15":"product-type-simple"},"bundled_by":[],"bundle_stock_status":"instock","bundle_stock_quantity":1,"bundle_virtual":false,"bundle_layout":"","bundle_add_to_cart_form_location":"","bundle_editable_in_cart":false,"bundle_sold_individually_context":"","bundle_item_grouping":"","bundle_min_size":"","bundle_max_size":"","bundle_price":[],"bundled_items":[],"bundle_sell_ids":[],"group_of_quantity":0,"min_quantity":0,"max_quantity":"","exclude_order_quantity_value_rules":"no","exclude_category_quantity_rules":"no","combine_variations":"no","jetpack_sharing_enabled":true,"jetpack_likes_enabled":true,"_links":{"self":[{"href":"https:\/\/watchdeluxe.it\/fr\/wp-json\/wp\/v2\/product\/178555","targetHints":{"allow":["GET"]}}],"collection":[{"href":"https:\/\/watchdeluxe.it\/fr\/wp-json\/wp\/v2\/product"}],"about":[{"href":"https:\/\/watchdeluxe.it\/fr\/wp-json\/wp\/v2\/types\/product"}],"wp:featuredmedia":[{"embeddable":true,"href":"https:\/\/watchdeluxe.it\/fr\/wp-json\/wp\/v2\/media\/178477"}],"wp:attachment":[{"href":"https:\/\/watchdeluxe.it\/fr\/wp-json\/wp\/v2\/media?parent=178555"}],"wp:term":[{"taxonomy":"product_brand","embeddable":true,"href":"https:\/\/watchdeluxe.it\/fr\/wp-json\/wp\/v2\/product_brand?post=178555"},{"taxonomy":"product_cat","embeddable":true,"href":"https:\/\/watchdeluxe.it\/fr\/wp-json\/wp\/v2\/product_cat?post=178555"},{"taxonomy":"product_tag","embeddable":true,"href":"https:\/\/watchdeluxe.it\/fr\/wp-json\/wp\/v2\/product_tag?post=178555"},{"taxonomy":"berocket_brand","embeddable":true,"href":"https:\/\/watchdeluxe.it\/fr\/wp-json\/wp\/v2\/berocket_brand?post=178555"},{"taxonomy":"woo-feed-brand","embeddable":true,"href":"https:\/\/watchdeluxe.it\/fr\/wp-json\/wp\/v2\/woo-feed-brand?post=178555"}],"curies":[{"name":"wp","href":"https:\/\/api.w.org\/{rel}","templated":true}]}}