{"id":178449,"date":"2026-04-24T11:53:55","date_gmt":"2026-04-24T09:53:55","guid":{"rendered":"https:\/\/watchdeluxe.it\/prodotto\/mido-all-dial-titane-ref-m83408d811\/"},"modified":"2026-04-24T11:53:55","modified_gmt":"2026-04-24T09:53:55","slug":"mido-all-dial-titane-ref-m83408d811","status":"publish","type":"product","link":"https:\/\/watchdeluxe.it\/fr\/prodotto\/mido-all-dial-titane-ref-m83408d811\/","title":{"rendered":"Mido all dial titane r\u00e9f. M83408D811"},"content":{"rendered":"<p>Mido all dial titane r\u00e9f. M83408D811<\/p>\n<ul>\n<li><strong>Collection :<\/strong> All Dial Chronometer<\/li>\n<li><strong>Mouvement :<\/strong> Automatique certifi\u00e9 chronom\u00e8tre (COSC), Calibre ETA 2836-2<\/li>\n<li><strong>Mat\u00e9riau du bo\u00eetier :<\/strong> Titane pur avec finition satin\u00e9e<\/li>\n<li><strong>Diam\u00e8tre :<\/strong> 42 mm<\/li>\n<li><strong>Cadran :<\/strong> Noir avec texture guilloch\u00e9 et d\u00e9tails luminescents<\/li>\n<li><strong>Verre :<\/strong> Saphir avec traitement antireflet sur les deux faces<\/li>\n<li><strong>\u00c9tanch\u00e9it\u00e9 :<\/strong> 10 bar (100 m \/ 330 ft) avec couronne viss\u00e9e<\/li>\n<li><strong>Fonctions :<\/strong> Dateur Day-Date (jour et date) \u00e0 3 heures<\/li>\n<li><strong>Bracelet :<\/strong> Titane int\u00e9gr\u00e9 avec fermoir d\u00e9ployant de s\u00e9curit\u00e9<\/li>\n<li><strong>Fond :<\/strong> Transparent en saphir avec mouvement apparent<\/li>\n<\/ul>\n","protected":false},"excerpt":{"rendered":"<p>La MIDO All Dial M83408D811 est un chef-d&#8217;\u0153uvre de pr\u00e9cision en titane ultra-l\u00e9ger, inspir\u00e9 de la grandeur du Colis\u00e9e pour une \u00e9l\u00e9gance architecturale intemporelle.<\/p>\n","protected":false},"featured_media":178445,"template":"","meta":{"_crdt_document":"","advanced_seo_description":"","jetpack_seo_html_title":"","jetpack_seo_noindex":false},"product_brand":[],"product_cat":[1922],"product_tag":[],"berocket_brand":[],"woo-feed-brand":[],"class_list":{"0":"post-178449","1":"product","2":"type-product","3":"status-publish","4":"has-post-thumbnail","6":"product_cat-mido","8":"first","9":"outofstock","10":"sale","11":"taxable","12":"shipping-taxable","13":"purchasable","14":"product-type-simple"},"bundled_by":[],"bundle_stock_status":"outofstock","bundle_stock_quantity":0,"bundle_virtual":false,"bundle_layout":"","bundle_add_to_cart_form_location":"","bundle_editable_in_cart":false,"bundle_sold_individually_context":"","bundle_item_grouping":"","bundle_min_size":"","bundle_max_size":"","bundle_price":[],"bundled_items":[],"bundle_sell_ids":[],"group_of_quantity":0,"min_quantity":0,"max_quantity":"","exclude_order_quantity_value_rules":"no","exclude_category_quantity_rules":"no","combine_variations":"no","jetpack_sharing_enabled":true,"jetpack_likes_enabled":true,"_links":{"self":[{"href":"https:\/\/watchdeluxe.it\/fr\/wp-json\/wp\/v2\/product\/178449","targetHints":{"allow":["GET"]}}],"collection":[{"href":"https:\/\/watchdeluxe.it\/fr\/wp-json\/wp\/v2\/product"}],"about":[{"href":"https:\/\/watchdeluxe.it\/fr\/wp-json\/wp\/v2\/types\/product"}],"wp:featuredmedia":[{"embeddable":true,"href":"https:\/\/watchdeluxe.it\/fr\/wp-json\/wp\/v2\/media\/178445"}],"wp:attachment":[{"href":"https:\/\/watchdeluxe.it\/fr\/wp-json\/wp\/v2\/media?parent=178449"}],"wp:term":[{"taxonomy":"product_brand","embeddable":true,"href":"https:\/\/watchdeluxe.it\/fr\/wp-json\/wp\/v2\/product_brand?post=178449"},{"taxonomy":"product_cat","embeddable":true,"href":"https:\/\/watchdeluxe.it\/fr\/wp-json\/wp\/v2\/product_cat?post=178449"},{"taxonomy":"product_tag","embeddable":true,"href":"https:\/\/watchdeluxe.it\/fr\/wp-json\/wp\/v2\/product_tag?post=178449"},{"taxonomy":"berocket_brand","embeddable":true,"href":"https:\/\/watchdeluxe.it\/fr\/wp-json\/wp\/v2\/berocket_brand?post=178449"},{"taxonomy":"woo-feed-brand","embeddable":true,"href":"https:\/\/watchdeluxe.it\/fr\/wp-json\/wp\/v2\/woo-feed-brand?post=178449"}],"curies":[{"name":"wp","href":"https:\/\/api.w.org\/{rel}","templated":true}]}}