{"id":178374,"date":"2026-04-24T09:45:19","date_gmt":"2026-04-24T07:45:19","guid":{"rendered":"https:\/\/watchdeluxe.it\/prodotto\/hamilton-khaki-field-king-day-date-ref-h64475560\/"},"modified":"2026-04-24T09:45:19","modified_gmt":"2026-04-24T07:45:19","slug":"hamilton-khaki-field-king-day-date-ref-h64475560","status":"publish","type":"product","link":"https:\/\/watchdeluxe.it\/fr\/prodotto\/hamilton-khaki-field-king-day-date-ref-h64475560\/","title":{"rendered":"Hamilton Khaki Field King Day-Date r\u00e9f. H64475560"},"content":{"rendered":"<p>Hamilton Khaki Field King Day-Date r\u00e9f. H64475560<\/p>\n<ul>\n<li><strong>R\u00e9f\u00e9rence :<\/strong> H64475560<\/li>\n<li><strong>Collection :<\/strong> Khaki Field<\/li>\n<li><strong>Mouvement :<\/strong> Automatique calibre H-40<\/li>\n<li><strong>R\u00e9serve de marche :<\/strong> 80 heures<\/li>\n<li><strong>Dimensions du bo\u00eetier :<\/strong> 40 mm<\/li>\n<li><strong>Mat\u00e9riau :<\/strong> Acier inoxydable<\/li>\n<li><strong>Verre :<\/strong> Saphir antirayures avec traitement antireflet<\/li>\n<li><strong>Cadran :<\/strong> Vert soleil avec fonction Day-Date \u00e0 12 heures<\/li>\n<li><strong>\u00c9tanch\u00e9it\u00e9 :<\/strong> 10 bar (100 m)<\/li>\n<li><strong>Bracelet :<\/strong> Cuir de vachette marron avec surpiq\u00fbres contrast\u00e9es<\/li>\n<\/ul>\n","protected":false},"excerpt":{"rendered":"<p>Ic\u00f4ne du style militaire \u00e9volu\u00e9e pour le gentleman contemporain, l\u2019Hamilton Khaki Field King Auto allie h\u00e9ritage historique et pr\u00e9cision du mouvement H-40. Son cadran vert distinctif et sa r\u00e9serve de marche de 80 heures en font un chef-d\u2019\u0153uvre de fiabilit\u00e9 et de design. <\/p>\n","protected":false},"featured_media":178157,"template":"","meta":{"_crdt_document":"","advanced_seo_description":"","jetpack_seo_html_title":"","jetpack_seo_noindex":false},"product_brand":[],"product_cat":[1915],"product_tag":[1387],"berocket_brand":[],"woo-feed-brand":[],"class_list":{"0":"post-178374","1":"product","2":"type-product","3":"status-publish","4":"has-post-thumbnail","6":"product_cat-hamilton","7":"product_tag-khaki","9":"first","10":"instock","11":"sale","12":"taxable","13":"shipping-taxable","14":"purchasable","15":"product-type-simple"},"bundled_by":[],"bundle_stock_status":"instock","bundle_stock_quantity":1,"bundle_virtual":false,"bundle_layout":"","bundle_add_to_cart_form_location":"","bundle_editable_in_cart":false,"bundle_sold_individually_context":"","bundle_item_grouping":"","bundle_min_size":"","bundle_max_size":"","bundle_price":[],"bundled_items":[],"bundle_sell_ids":[],"group_of_quantity":0,"min_quantity":0,"max_quantity":"","exclude_order_quantity_value_rules":"no","exclude_category_quantity_rules":"no","combine_variations":"no","jetpack_sharing_enabled":true,"jetpack_likes_enabled":true,"_links":{"self":[{"href":"https:\/\/watchdeluxe.it\/fr\/wp-json\/wp\/v2\/product\/178374","targetHints":{"allow":["GET"]}}],"collection":[{"href":"https:\/\/watchdeluxe.it\/fr\/wp-json\/wp\/v2\/product"}],"about":[{"href":"https:\/\/watchdeluxe.it\/fr\/wp-json\/wp\/v2\/types\/product"}],"wp:featuredmedia":[{"embeddable":true,"href":"https:\/\/watchdeluxe.it\/fr\/wp-json\/wp\/v2\/media\/178157"}],"wp:attachment":[{"href":"https:\/\/watchdeluxe.it\/fr\/wp-json\/wp\/v2\/media?parent=178374"}],"wp:term":[{"taxonomy":"product_brand","embeddable":true,"href":"https:\/\/watchdeluxe.it\/fr\/wp-json\/wp\/v2\/product_brand?post=178374"},{"taxonomy":"product_cat","embeddable":true,"href":"https:\/\/watchdeluxe.it\/fr\/wp-json\/wp\/v2\/product_cat?post=178374"},{"taxonomy":"product_tag","embeddable":true,"href":"https:\/\/watchdeluxe.it\/fr\/wp-json\/wp\/v2\/product_tag?post=178374"},{"taxonomy":"berocket_brand","embeddable":true,"href":"https:\/\/watchdeluxe.it\/fr\/wp-json\/wp\/v2\/berocket_brand?post=178374"},{"taxonomy":"woo-feed-brand","embeddable":true,"href":"https:\/\/watchdeluxe.it\/fr\/wp-json\/wp\/v2\/woo-feed-brand?post=178374"}],"curies":[{"name":"wp","href":"https:\/\/api.w.org\/{rel}","templated":true}]}}