{"id":178120,"date":"2026-04-04T09:19:43","date_gmt":"2026-04-04T07:19:43","guid":{"rendered":"https:\/\/watchdeluxe.it\/prodotto\/longines-pilot-majetek-ref-l28384530\/"},"modified":"2026-04-24T09:10:05","modified_gmt":"2026-04-24T07:10:05","slug":"longines-pilot-majetek-ref-l28384530","status":"publish","type":"product","link":"https:\/\/watchdeluxe.it\/fr\/prodotto\/longines-pilot-majetek-ref-l28384530\/","title":{"rendered":"Longines pilot majetek r\u00e9f. L28384530"},"content":{"rendered":"<p>Longines pilot majetek r\u00e9f. L28384530<\/p>\n<ul>\n<li><strong>Bo\u00eetier :<\/strong> Acier inoxydable en forme de coussin<\/li>\n<li><strong>Diam\u00e8tre :<\/strong> 43,00 mm<\/li>\n<li><strong>Mouvement :<\/strong> M\u00e9canique \u00e0 remontage automatique calibre L893<\/li>\n<li><strong>Caract\u00e9ristiques :<\/strong> Spiral en silicium amagn\u00e9tique et certification COSC<\/li>\n<li><strong>R\u00e9serve de marche :<\/strong> Jusqu&#8217;\u00e0 72 heures<\/li>\n<li><strong>Verre :<\/strong> Saphir inrayable avec traitement antireflet multicouche<\/li>\n<li><strong>Cadran :<\/strong> Noir mat avec chiffres arabes en relief et petite seconde<\/li>\n<li><strong>Lunette :<\/strong> Tournante bidirectionnelle cannel\u00e9e avec indicateur de temps<\/li>\n<li><strong>Bracelet :<\/strong> Cuir de veau marron avec coutures beiges<\/li>\n<li><strong>\u00c9tanch\u00e9it\u00e9 :<\/strong> Jusqu\u2019\u00e0 10 bar (100 m\u00e8tres)<\/li>\n<\/ul>\n","protected":false},"excerpt":{"rendered":"<p>La Longines Pilot Majetek incarne l&#8217;essence de l&#8217;aviation historique avec un bo\u00eetier coussin distinctif et une pr\u00e9cision chronom\u00e9trique d&#8217;avant-garde.<\/p>\n","protected":false},"featured_media":178119,"template":"","meta":{"_crdt_document":"","advanced_seo_description":"","jetpack_seo_html_title":"","jetpack_seo_noindex":false},"product_brand":[],"product_cat":[1918],"product_tag":[3715],"berocket_brand":[],"woo-feed-brand":[],"class_list":{"0":"post-178120","1":"product","2":"type-product","3":"status-publish","4":"has-post-thumbnail","6":"product_cat-iwc","7":"product_tag-pilot-2","9":"first","10":"instock","11":"sale","12":"taxable","13":"shipping-taxable","14":"purchasable","15":"product-type-simple"},"bundled_by":[],"bundle_stock_status":"instock","bundle_stock_quantity":1,"bundle_virtual":false,"bundle_layout":"","bundle_add_to_cart_form_location":"","bundle_editable_in_cart":false,"bundle_sold_individually_context":"","bundle_item_grouping":"","bundle_min_size":"","bundle_max_size":"","bundle_price":[],"bundled_items":[],"bundle_sell_ids":[],"group_of_quantity":0,"min_quantity":0,"max_quantity":"","exclude_order_quantity_value_rules":"no","exclude_category_quantity_rules":"no","combine_variations":"no","jetpack_sharing_enabled":true,"jetpack_likes_enabled":true,"_links":{"self":[{"href":"https:\/\/watchdeluxe.it\/fr\/wp-json\/wp\/v2\/product\/178120","targetHints":{"allow":["GET"]}}],"collection":[{"href":"https:\/\/watchdeluxe.it\/fr\/wp-json\/wp\/v2\/product"}],"about":[{"href":"https:\/\/watchdeluxe.it\/fr\/wp-json\/wp\/v2\/types\/product"}],"wp:featuredmedia":[{"embeddable":true,"href":"https:\/\/watchdeluxe.it\/fr\/wp-json\/wp\/v2\/media\/178119"}],"wp:attachment":[{"href":"https:\/\/watchdeluxe.it\/fr\/wp-json\/wp\/v2\/media?parent=178120"}],"wp:term":[{"taxonomy":"product_brand","embeddable":true,"href":"https:\/\/watchdeluxe.it\/fr\/wp-json\/wp\/v2\/product_brand?post=178120"},{"taxonomy":"product_cat","embeddable":true,"href":"https:\/\/watchdeluxe.it\/fr\/wp-json\/wp\/v2\/product_cat?post=178120"},{"taxonomy":"product_tag","embeddable":true,"href":"https:\/\/watchdeluxe.it\/fr\/wp-json\/wp\/v2\/product_tag?post=178120"},{"taxonomy":"berocket_brand","embeddable":true,"href":"https:\/\/watchdeluxe.it\/fr\/wp-json\/wp\/v2\/berocket_brand?post=178120"},{"taxonomy":"woo-feed-brand","embeddable":true,"href":"https:\/\/watchdeluxe.it\/fr\/wp-json\/wp\/v2\/woo-feed-brand?post=178120"}],"curies":[{"name":"wp","href":"https:\/\/api.w.org\/{rel}","templated":true}]}}