{"id":177770,"date":"2026-04-22T15:34:41","date_gmt":"2026-04-22T13:34:41","guid":{"rendered":"https:\/\/watchdeluxe.it\/prodotto\/oris-artelier-ref-78177294051-0752166fc\/"},"modified":"2026-04-22T15:34:41","modified_gmt":"2026-04-22T13:34:41","slug":"oris-artelier-ref-78177294051-0752166fc","status":"publish","type":"product","link":"https:\/\/watchdeluxe.it\/fr\/prodotto\/oris-artelier-ref-78177294051-0752166fc\/","title":{"rendered":"Oris Artelier r\u00e9f. 78177294051-0752166FC"},"content":{"rendered":"<p>78177294051-0752166FC<\/p>\n<ul>\n<li><strong>Bo\u00eetier :<\/strong> Acier inoxydable multi-pi\u00e8ces (40,00 mm)<\/li>\n<li><strong>Mouvement :<\/strong> Oris 781 automatique (base SW 200-1)<\/li>\n<li><strong>Cadran :<\/strong> Argent avec finition guilloch\u00e9e et aiguilles bleues luminescentes<\/li>\n<li><strong>Fonctions :<\/strong> Heures, minutes et secondes centrales, affichages auxiliaires pour la date et le jour<\/li>\n<li><strong>Complications :<\/strong> Phase de lune et second fuseau horaire (24h)<\/li>\n<li><strong>Verre :<\/strong> Saphir bomb\u00e9 des deux c\u00f4t\u00e9s avec traitement antireflet interne<\/li>\n<li><strong>Fond de bo\u00eetier :<\/strong> Acier inoxydable viss\u00e9 avec guichet en verre min\u00e9ral transparent<\/li>\n<li><strong>Bracelet :<\/strong> Cuir bleu avec boucle d\u00e9ployante en acier inoxydable<\/li>\n<li><strong>R\u00e9serve de marche :<\/strong> 38 heures<\/li>\n<li><strong>\u00c9tanch\u00e9it\u00e9 :<\/strong> 5 bar (50 m\u00e8tres)<\/li>\n<\/ul>\n","protected":false},"excerpt":{"rendered":"<p>L\u2019Oris Artelier Complication est un chef-d\u2019\u0153uvre d\u2019\u00e9l\u00e9gance intemporelle, parfait pour le voyageur moderne en qu\u00eate d\u2019\u00e9quilibre entre pr\u00e9cision m\u00e9canique et style sophistiqu\u00e9.<\/p>\n","protected":false},"featured_media":177750,"template":"","meta":{"_crdt_document":"","advanced_seo_description":"","jetpack_seo_html_title":"","jetpack_seo_noindex":false},"product_brand":[],"product_cat":[1928],"product_tag":[1823],"berocket_brand":[],"woo-feed-brand":[],"class_list":{"0":"post-177770","1":"product","2":"type-product","3":"status-publish","4":"has-post-thumbnail","6":"product_cat-oris","7":"product_tag-artelier-date","9":"first","10":"instock","11":"sale","12":"taxable","13":"shipping-taxable","14":"purchasable","15":"product-type-simple"},"bundled_by":[],"bundle_stock_status":"instock","bundle_stock_quantity":1,"bundle_virtual":false,"bundle_layout":"","bundle_add_to_cart_form_location":"","bundle_editable_in_cart":false,"bundle_sold_individually_context":"","bundle_item_grouping":"","bundle_min_size":"","bundle_max_size":"","bundle_price":[],"bundled_items":[],"bundle_sell_ids":[],"group_of_quantity":0,"min_quantity":0,"max_quantity":"","exclude_order_quantity_value_rules":"no","exclude_category_quantity_rules":"no","combine_variations":"no","jetpack_sharing_enabled":true,"jetpack_likes_enabled":true,"_links":{"self":[{"href":"https:\/\/watchdeluxe.it\/fr\/wp-json\/wp\/v2\/product\/177770","targetHints":{"allow":["GET"]}}],"collection":[{"href":"https:\/\/watchdeluxe.it\/fr\/wp-json\/wp\/v2\/product"}],"about":[{"href":"https:\/\/watchdeluxe.it\/fr\/wp-json\/wp\/v2\/types\/product"}],"wp:featuredmedia":[{"embeddable":true,"href":"https:\/\/watchdeluxe.it\/fr\/wp-json\/wp\/v2\/media\/177750"}],"wp:attachment":[{"href":"https:\/\/watchdeluxe.it\/fr\/wp-json\/wp\/v2\/media?parent=177770"}],"wp:term":[{"taxonomy":"product_brand","embeddable":true,"href":"https:\/\/watchdeluxe.it\/fr\/wp-json\/wp\/v2\/product_brand?post=177770"},{"taxonomy":"product_cat","embeddable":true,"href":"https:\/\/watchdeluxe.it\/fr\/wp-json\/wp\/v2\/product_cat?post=177770"},{"taxonomy":"product_tag","embeddable":true,"href":"https:\/\/watchdeluxe.it\/fr\/wp-json\/wp\/v2\/product_tag?post=177770"},{"taxonomy":"berocket_brand","embeddable":true,"href":"https:\/\/watchdeluxe.it\/fr\/wp-json\/wp\/v2\/berocket_brand?post=177770"},{"taxonomy":"woo-feed-brand","embeddable":true,"href":"https:\/\/watchdeluxe.it\/fr\/wp-json\/wp\/v2\/woo-feed-brand?post=177770"}],"curies":[{"name":"wp","href":"https:\/\/api.w.org\/{rel}","templated":true}]}}