{"id":177630,"date":"2026-04-22T11:42:52","date_gmt":"2026-04-22T09:42:52","guid":{"rendered":"https:\/\/watchdeluxe.it\/prodotto\/omega-seamaster-aqua-terra-34-mm-ref-220-20-34-20-10-001\/"},"modified":"2026-04-22T11:42:52","modified_gmt":"2026-04-22T09:42:52","slug":"omega-seamaster-aqua-terra-34-mm-ref-220-20-34-20-10-001","status":"publish","type":"product","link":"https:\/\/watchdeluxe.it\/fr\/prodotto\/omega-seamaster-aqua-terra-34-mm-ref-220-20-34-20-10-001\/","title":{"rendered":"Omega Seamaster Aqua Terra 34 mm r\u00e9f. 220.20.34.20.10.001"},"content":{"rendered":"<p>Omega Seamaster Aqua Terra 34 mm r\u00e9f. 220.20.34.20.10.001<\/p>\n<ul>\n<li><strong>R\u00e9f\u00e9rence :<\/strong> 220.20.34.20.10.001<\/li>\n<li><strong>Mat\u00e9riau :<\/strong> Acier inoxydable et or Sedna\u2122 18K<\/li>\n<li><strong>Diam\u00e8tre :<\/strong> 34 mm<\/li>\n<li><strong>Cadran :<\/strong> couleur or Sedna avec finition bross\u00e9e soleil et laquage<\/li>\n<li><strong>Mouvement :<\/strong> Calibre OMEGA 8800 Co-Axial Master Chronometer<\/li>\n<li><strong>Certification :<\/strong> Master Chronometer approuv\u00e9e par le METAS<\/li>\n<li><strong>R\u00e9sistance magn\u00e9tique :<\/strong> Jusqu&#8217;\u00e0 15 000 gauss<\/li>\n<li><strong>R\u00e9sistance \u00e0 l&#8217;eau :<\/strong> 15 bars (150 m\u00e8tres \/ 500 pieds)<\/li>\n<li><strong>R\u00e9serve de marche :<\/strong> 55 heures<\/li>\n<li><strong>Caract\u00e9ristiques :<\/strong> Guichet de date \u00e0 6 heures et fond en verre saphir transparent<\/li>\n<\/ul>\n","protected":false},"excerpt":{"rendered":"<p>Un chef-d\u2019\u0153uvre de design qui marie l\u2019acier inoxydable \u00e0 l\u2019or Sedna\u2122 18K exclusif, sublim\u00e9 par un cadran aux tons dor\u00e9s chaleureux et par la pr\u00e9cision Master Chronometer.<\/p>\n","protected":false},"featured_media":177624,"template":"","meta":{"_crdt_document":"","advanced_seo_description":"","jetpack_seo_html_title":"","jetpack_seo_noindex":false},"product_brand":[],"product_cat":[1921],"product_tag":[3961],"berocket_brand":[],"woo-feed-brand":[],"class_list":{"0":"post-177630","1":"product","2":"type-product","3":"status-publish","4":"has-post-thumbnail","6":"product_cat-omega","7":"product_tag-seamaster-2","9":"first","10":"instock","11":"sale","12":"taxable","13":"shipping-taxable","14":"purchasable","15":"product-type-simple"},"bundled_by":[],"bundle_stock_status":"instock","bundle_stock_quantity":1,"bundle_virtual":false,"bundle_layout":"","bundle_add_to_cart_form_location":"","bundle_editable_in_cart":false,"bundle_sold_individually_context":"","bundle_item_grouping":"","bundle_min_size":"","bundle_max_size":"","bundle_price":[],"bundled_items":[],"bundle_sell_ids":[],"group_of_quantity":0,"min_quantity":0,"max_quantity":"","exclude_order_quantity_value_rules":"no","exclude_category_quantity_rules":"no","combine_variations":"no","jetpack_sharing_enabled":true,"jetpack_likes_enabled":true,"_links":{"self":[{"href":"https:\/\/watchdeluxe.it\/fr\/wp-json\/wp\/v2\/product\/177630","targetHints":{"allow":["GET"]}}],"collection":[{"href":"https:\/\/watchdeluxe.it\/fr\/wp-json\/wp\/v2\/product"}],"about":[{"href":"https:\/\/watchdeluxe.it\/fr\/wp-json\/wp\/v2\/types\/product"}],"wp:featuredmedia":[{"embeddable":true,"href":"https:\/\/watchdeluxe.it\/fr\/wp-json\/wp\/v2\/media\/177624"}],"wp:attachment":[{"href":"https:\/\/watchdeluxe.it\/fr\/wp-json\/wp\/v2\/media?parent=177630"}],"wp:term":[{"taxonomy":"product_brand","embeddable":true,"href":"https:\/\/watchdeluxe.it\/fr\/wp-json\/wp\/v2\/product_brand?post=177630"},{"taxonomy":"product_cat","embeddable":true,"href":"https:\/\/watchdeluxe.it\/fr\/wp-json\/wp\/v2\/product_cat?post=177630"},{"taxonomy":"product_tag","embeddable":true,"href":"https:\/\/watchdeluxe.it\/fr\/wp-json\/wp\/v2\/product_tag?post=177630"},{"taxonomy":"berocket_brand","embeddable":true,"href":"https:\/\/watchdeluxe.it\/fr\/wp-json\/wp\/v2\/berocket_brand?post=177630"},{"taxonomy":"woo-feed-brand","embeddable":true,"href":"https:\/\/watchdeluxe.it\/fr\/wp-json\/wp\/v2\/woo-feed-brand?post=177630"}],"curies":[{"name":"wp","href":"https:\/\/api.w.org\/{rel}","templated":true}]}}