{"id":177588,"date":"2026-04-22T11:34:24","date_gmt":"2026-04-22T09:34:24","guid":{"rendered":"https:\/\/watchdeluxe.it\/prodotto\/omega-seamaster-aqua-terra-ref-220-58-38-20-55-001\/"},"modified":"2026-04-22T11:34:24","modified_gmt":"2026-04-22T09:34:24","slug":"omega-seamaster-aqua-terra-ref-220-58-38-20-55-001","status":"publish","type":"product","link":"https:\/\/watchdeluxe.it\/fr\/prodotto\/omega-seamaster-aqua-terra-ref-220-58-38-20-55-001\/","title":{"rendered":"Omega Seamaster Aqua Terra r\u00e9f. 220.58.38.20.55.001"},"content":{"rendered":"<p>Omega Seamaster Aqua Terra r\u00e9f. 220.58.38.20.55.001<\/p>\n<ul>\n<li><strong>R\u00e9f\u00e9rence :<\/strong> 220.58.38.20.55.001<\/li>\n<li><strong>Mat\u00e9riau du bo\u00eetier :<\/strong> Or Sedna\u2122 18 carats<\/li>\n<li><strong>Diam\u00e8tre :<\/strong> 38 mm<\/li>\n<li><strong>Cadran :<\/strong> Nacre blanche avec 11 index en diamants<\/li>\n<li><strong>Lunette :<\/strong> Sertie de diamants<\/li>\n<li><strong>Mouvement :<\/strong> OMEGA 8801 Master Chronometer<\/li>\n<li><strong>Certification :<\/strong> Approuv\u00e9e par le METAS, r\u00e9sistante aux champs magn\u00e9tiques jusqu\u2019\u00e0 15 000 gauss<\/li>\n<li><strong>R\u00e9serve de marche :<\/strong> 55 heures<\/li>\n<li><strong>\u00c9tanch\u00e9it\u00e9 :<\/strong> 15 bars (150 m\u00e8tres \/ 500 pieds)<\/li>\n<li><strong>Verre :<\/strong> Verre saphir bomb\u00e9 inrayable avec traitement antireflet double face<\/li>\n<\/ul>\n","protected":false},"excerpt":{"rendered":"<p>Un chef-d\u2019\u0153uvre de haute horlogerie qui marie l\u2019or Sedna\u2122 18K exclusif \u00e0 l\u2019\u00e9clat des diamants, d\u00e9finissant un nouveau standard d\u2019\u00e9l\u00e9gance et de pr\u00e9cision f\u00e9minine.<\/p>\n","protected":false},"featured_media":177586,"template":"","meta":{"_crdt_document":"","advanced_seo_description":"","jetpack_seo_html_title":"","jetpack_seo_noindex":false},"product_brand":[],"product_cat":[1921],"product_tag":[3961],"berocket_brand":[],"woo-feed-brand":[],"class_list":{"0":"post-177588","1":"product","2":"type-product","3":"status-publish","4":"has-post-thumbnail","6":"product_cat-omega","7":"product_tag-seamaster-2","9":"first","10":"instock","11":"sale","12":"taxable","13":"shipping-taxable","14":"purchasable","15":"product-type-simple"},"bundled_by":[],"bundle_stock_status":"instock","bundle_stock_quantity":1,"bundle_virtual":false,"bundle_layout":"","bundle_add_to_cart_form_location":"","bundle_editable_in_cart":false,"bundle_sold_individually_context":"","bundle_item_grouping":"","bundle_min_size":"","bundle_max_size":"","bundle_price":[],"bundled_items":[],"bundle_sell_ids":[],"group_of_quantity":0,"min_quantity":0,"max_quantity":"","exclude_order_quantity_value_rules":"no","exclude_category_quantity_rules":"no","combine_variations":"no","jetpack_sharing_enabled":true,"jetpack_likes_enabled":true,"_links":{"self":[{"href":"https:\/\/watchdeluxe.it\/fr\/wp-json\/wp\/v2\/product\/177588","targetHints":{"allow":["GET"]}}],"collection":[{"href":"https:\/\/watchdeluxe.it\/fr\/wp-json\/wp\/v2\/product"}],"about":[{"href":"https:\/\/watchdeluxe.it\/fr\/wp-json\/wp\/v2\/types\/product"}],"wp:featuredmedia":[{"embeddable":true,"href":"https:\/\/watchdeluxe.it\/fr\/wp-json\/wp\/v2\/media\/177586"}],"wp:attachment":[{"href":"https:\/\/watchdeluxe.it\/fr\/wp-json\/wp\/v2\/media?parent=177588"}],"wp:term":[{"taxonomy":"product_brand","embeddable":true,"href":"https:\/\/watchdeluxe.it\/fr\/wp-json\/wp\/v2\/product_brand?post=177588"},{"taxonomy":"product_cat","embeddable":true,"href":"https:\/\/watchdeluxe.it\/fr\/wp-json\/wp\/v2\/product_cat?post=177588"},{"taxonomy":"product_tag","embeddable":true,"href":"https:\/\/watchdeluxe.it\/fr\/wp-json\/wp\/v2\/product_tag?post=177588"},{"taxonomy":"berocket_brand","embeddable":true,"href":"https:\/\/watchdeluxe.it\/fr\/wp-json\/wp\/v2\/berocket_brand?post=177588"},{"taxonomy":"woo-feed-brand","embeddable":true,"href":"https:\/\/watchdeluxe.it\/fr\/wp-json\/wp\/v2\/woo-feed-brand?post=177588"}],"curies":[{"name":"wp","href":"https:\/\/api.w.org\/{rel}","templated":true}]}}