{"id":177584,"date":"2026-04-22T11:32:16","date_gmt":"2026-04-22T09:32:16","guid":{"rendered":"https:\/\/watchdeluxe.it\/prodotto\/omega-aqua-terra-150m-ref-231-13-39-21-55-001\/"},"modified":"2026-04-22T11:32:16","modified_gmt":"2026-04-22T09:32:16","slug":"omega-aqua-terra-150m-ref-231-13-39-21-55-001","status":"publish","type":"product","link":"https:\/\/watchdeluxe.it\/fr\/prodotto\/omega-aqua-terra-150m-ref-231-13-39-21-55-001\/","title":{"rendered":"Omega Aqua Terra 150m r\u00e9f. 231.13.39.21.55.001"},"content":{"rendered":"<p>Omega Aqua Terra 150m r\u00e9f. 231.13.39.21.55.001<\/p>\n<ul>\n<li><strong>Collection :<\/strong> Seamaster Aqua Terra 150M<\/li>\n<li><strong>Mouvement :<\/strong> OMEGA Calibre 8500 \u00e0 remontage automatique avec \u00e9chappement Co-Axial<\/li>\n<li><strong>Bo\u00eetier :<\/strong> Acier inoxydable, diam\u00e8tre 38,5 mm<\/li>\n<li><strong>Cadran :<\/strong> Nacre blanche avec 11 index sertis de diamants et motif Teak Concept<\/li>\n<li><strong>R\u00e9serve de marche :<\/strong> 60 heures garanties par deux barillets mont\u00e9s en s\u00e9rie<\/li>\n<li><strong>Verre :<\/strong> Verre saphir bomb\u00e9 r\u00e9sistant aux rayures avec traitement antireflet double face<\/li>\n<li><strong>\u00c9tanch\u00e9it\u00e9 :<\/strong> 15 bar (150 m\u00e8tres \/ 500 pieds) avec couronne viss\u00e9e<\/li>\n<li><strong>Fond :<\/strong> Transparent en verre saphir pour admirer le mouvement apparent<\/li>\n<li><strong>Bracelet :<\/strong> Cuir blanc de qualit\u00e9 sup\u00e9rieure avec boucle d\u00e9ployante en acier<\/li>\n<li><strong>Certification :<\/strong> Chronom\u00e8tre suisse certifi\u00e9 officiellement par le COSC<\/li>\n<\/ul>\n","protected":false},"excerpt":{"rendered":"<p>L&#8217;OMEGA Seamaster Aqua Terra 150M est une ic\u00f4ne de style qui allie l&#8217;\u00e9clat de la nacre et des diamants \u00e0 la pr\u00e9cision du calibre Co-Axial. Un garde-temps sophistiqu\u00e9 inspir\u00e9 par l&#8217;\u00e9l\u00e9gance des ponts des yachts de luxe, parfait pour ceux qui recherchent l&#8217;excellence intemporelle. <\/p>\n","protected":false},"featured_media":177574,"template":"","meta":{"_crdt_document":"","advanced_seo_description":"","jetpack_seo_html_title":"","jetpack_seo_noindex":false},"product_brand":[],"product_cat":[1921],"product_tag":[4086],"berocket_brand":[],"woo-feed-brand":[],"class_list":{"0":"post-177584","1":"product","2":"type-product","3":"status-publish","4":"has-post-thumbnail","6":"product_cat-omega","7":"product_tag-aqua-terra","9":"first","10":"instock","11":"sale","12":"taxable","13":"shipping-taxable","14":"purchasable","15":"product-type-simple"},"bundled_by":[],"bundle_stock_status":"instock","bundle_stock_quantity":1,"bundle_virtual":false,"bundle_layout":"","bundle_add_to_cart_form_location":"","bundle_editable_in_cart":false,"bundle_sold_individually_context":"","bundle_item_grouping":"","bundle_min_size":"","bundle_max_size":"","bundle_price":[],"bundled_items":[],"bundle_sell_ids":[],"group_of_quantity":0,"min_quantity":0,"max_quantity":"","exclude_order_quantity_value_rules":"no","exclude_category_quantity_rules":"no","combine_variations":"no","jetpack_sharing_enabled":true,"jetpack_likes_enabled":true,"_links":{"self":[{"href":"https:\/\/watchdeluxe.it\/fr\/wp-json\/wp\/v2\/product\/177584","targetHints":{"allow":["GET"]}}],"collection":[{"href":"https:\/\/watchdeluxe.it\/fr\/wp-json\/wp\/v2\/product"}],"about":[{"href":"https:\/\/watchdeluxe.it\/fr\/wp-json\/wp\/v2\/types\/product"}],"wp:featuredmedia":[{"embeddable":true,"href":"https:\/\/watchdeluxe.it\/fr\/wp-json\/wp\/v2\/media\/177574"}],"wp:attachment":[{"href":"https:\/\/watchdeluxe.it\/fr\/wp-json\/wp\/v2\/media?parent=177584"}],"wp:term":[{"taxonomy":"product_brand","embeddable":true,"href":"https:\/\/watchdeluxe.it\/fr\/wp-json\/wp\/v2\/product_brand?post=177584"},{"taxonomy":"product_cat","embeddable":true,"href":"https:\/\/watchdeluxe.it\/fr\/wp-json\/wp\/v2\/product_cat?post=177584"},{"taxonomy":"product_tag","embeddable":true,"href":"https:\/\/watchdeluxe.it\/fr\/wp-json\/wp\/v2\/product_tag?post=177584"},{"taxonomy":"berocket_brand","embeddable":true,"href":"https:\/\/watchdeluxe.it\/fr\/wp-json\/wp\/v2\/berocket_brand?post=177584"},{"taxonomy":"woo-feed-brand","embeddable":true,"href":"https:\/\/watchdeluxe.it\/fr\/wp-json\/wp\/v2\/woo-feed-brand?post=177584"}],"curies":[{"name":"wp","href":"https:\/\/api.w.org\/{rel}","templated":true}]}}