{"id":177556,"date":"2026-04-22T11:27:36","date_gmt":"2026-04-22T09:27:36","guid":{"rendered":"https:\/\/watchdeluxe.it\/prodotto\/omega-seamaster-300-ref-234-32-41-21-03-001\/"},"modified":"2026-04-22T11:27:36","modified_gmt":"2026-04-22T09:27:36","slug":"omega-seamaster-300-ref-234-32-41-21-03-001","status":"publish","type":"product","link":"https:\/\/watchdeluxe.it\/fr\/prodotto\/omega-seamaster-300-ref-234-32-41-21-03-001\/","title":{"rendered":"Omega Seamaster 300 r\u00e9f. 234.32.41.21.03.001"},"content":{"rendered":"<p>Omega Seamaster 300 r\u00e9f. 234.32.41.21.03.001<\/p>\n<ul>\n<li><strong>Mouvement :<\/strong> OMEGA 8912 \u00e0 remontage automatique avec \u00e9chappement Co-Axial<\/li>\n<li><strong>Certification :<\/strong> Master Chronometer approuv\u00e9 par le METAS<\/li>\n<li><strong>Bo\u00eetier :<\/strong> Acier inoxydable de 41 mm<\/li>\n<li><strong>Cadran :<\/strong> Bleu avec structure sandwich et chiffres en Super-LumiNova vintage<\/li>\n<li><strong>Lunette :<\/strong> Aluminium anodis\u00e9 bleu oxalique, tournante unidirectionnelle<\/li>\n<li><strong>Verre :<\/strong> Saphir bomb\u00e9 r\u00e9sistant aux rayures avec traitement antireflet interne<\/li>\n<li><strong>Bracelet :<\/strong> Cuir beige de haute qualit\u00e9 avec boucle ardillon<\/li>\n<li><strong>R\u00e9sistance magn\u00e9tique :<\/strong> R\u00e9sistant aux champs sup\u00e9rieurs \u00e0 15 000 gauss<\/li>\n<li><strong>\u00c9tanch\u00e9it\u00e9 :<\/strong> 30 bar (300 m\u00e8tres \/ 1000 feet)<\/li>\n<li><strong>Fond :<\/strong> Transparent en verre saphir avec mouvement apparent<\/li>\n<\/ul>\n","protected":false},"excerpt":{"rendered":"<p>L\u2019\u00e9l\u00e9gance vintage rencontre l\u2019innovation d\u2019avant-garde dans la Seamaster 300, une ic\u00f4ne de 1957 r\u00e9interpr\u00e9t\u00e9e avec le l\u00e9gendaire calibre Master Chronometer. Un hommage raffin\u00e9 \u00e0 l\u2019exploration sous-marine, parfait pour ceux qui exigent une pr\u00e9cision absolue et un style intemporel. <\/p>\n","protected":false},"featured_media":177550,"template":"","meta":{"_crdt_document":"","advanced_seo_description":"","jetpack_seo_html_title":"","jetpack_seo_noindex":false},"product_brand":[],"product_cat":[1921],"product_tag":[],"berocket_brand":[],"woo-feed-brand":[],"class_list":{"0":"post-177556","1":"product","2":"type-product","3":"status-publish","4":"has-post-thumbnail","6":"product_cat-omega","8":"first","9":"instock","10":"sale","11":"taxable","12":"shipping-taxable","13":"purchasable","14":"product-type-simple"},"bundled_by":[],"bundle_stock_status":"instock","bundle_stock_quantity":1,"bundle_virtual":false,"bundle_layout":"","bundle_add_to_cart_form_location":"","bundle_editable_in_cart":false,"bundle_sold_individually_context":"","bundle_item_grouping":"","bundle_min_size":"","bundle_max_size":"","bundle_price":[],"bundled_items":[],"bundle_sell_ids":[],"group_of_quantity":0,"min_quantity":0,"max_quantity":"","exclude_order_quantity_value_rules":"no","exclude_category_quantity_rules":"no","combine_variations":"no","jetpack_sharing_enabled":true,"jetpack_likes_enabled":true,"_links":{"self":[{"href":"https:\/\/watchdeluxe.it\/fr\/wp-json\/wp\/v2\/product\/177556","targetHints":{"allow":["GET"]}}],"collection":[{"href":"https:\/\/watchdeluxe.it\/fr\/wp-json\/wp\/v2\/product"}],"about":[{"href":"https:\/\/watchdeluxe.it\/fr\/wp-json\/wp\/v2\/types\/product"}],"wp:featuredmedia":[{"embeddable":true,"href":"https:\/\/watchdeluxe.it\/fr\/wp-json\/wp\/v2\/media\/177550"}],"wp:attachment":[{"href":"https:\/\/watchdeluxe.it\/fr\/wp-json\/wp\/v2\/media?parent=177556"}],"wp:term":[{"taxonomy":"product_brand","embeddable":true,"href":"https:\/\/watchdeluxe.it\/fr\/wp-json\/wp\/v2\/product_brand?post=177556"},{"taxonomy":"product_cat","embeddable":true,"href":"https:\/\/watchdeluxe.it\/fr\/wp-json\/wp\/v2\/product_cat?post=177556"},{"taxonomy":"product_tag","embeddable":true,"href":"https:\/\/watchdeluxe.it\/fr\/wp-json\/wp\/v2\/product_tag?post=177556"},{"taxonomy":"berocket_brand","embeddable":true,"href":"https:\/\/watchdeluxe.it\/fr\/wp-json\/wp\/v2\/berocket_brand?post=177556"},{"taxonomy":"woo-feed-brand","embeddable":true,"href":"https:\/\/watchdeluxe.it\/fr\/wp-json\/wp\/v2\/woo-feed-brand?post=177556"}],"curies":[{"name":"wp","href":"https:\/\/api.w.org\/{rel}","templated":true}]}}