{"id":177401,"date":"2026-04-22T10:12:39","date_gmt":"2026-04-22T08:12:39","guid":{"rendered":"https:\/\/watchdeluxe.it\/prodotto\/omega-speedmaster-mark-ii-ref-327-20-43-50-01-001\/"},"modified":"2026-04-22T10:12:39","modified_gmt":"2026-04-22T08:12:39","slug":"omega-speedmaster-mark-ii-ref-327-20-43-50-01-001","status":"publish","type":"product","link":"https:\/\/watchdeluxe.it\/fr\/prodotto\/omega-speedmaster-mark-ii-ref-327-20-43-50-01-001\/","title":{"rendered":"Omega Speedmaster Mark II r\u00e9f. 327.20.43.50.01.001"},"content":{"rendered":"<p>Omega Speedmaster Mark II r\u00e9f. 327.20.43.50.01.001<\/p>\n<ul>\n<li><strong>R\u00e9f\u00e9rence :<\/strong> 327.20.43.50.01.001<\/li>\n<li><strong>Mouvement :<\/strong> Calibre OMEGA 3330 automatique avec \u00e9chappement Co-Axial<\/li>\n<li><strong>Mat\u00e9riaux :<\/strong> Acier inoxydable et or Sedna\u2122 18K<\/li>\n<li><strong>Dimensions du bo\u00eetier :<\/strong> 42,4 x 46,2 mm<\/li>\n<li><strong>Cadran :<\/strong> Gris mat avec \u00e9chelle tachym\u00e9trique lumineuse<\/li>\n<li><strong>Verre :<\/strong> Saphir plat r\u00e9sistant aux rayures avec traitement antireflet \u00e0 l\u2019int\u00e9rieur<\/li>\n<li><strong>R\u00e9serve de marche :<\/strong> 52 heures<\/li>\n<li><strong>\u00c9tanch\u00e9it\u00e9 :<\/strong> 10 bars (100 m\u00e8tres \/ 330 pieds)<\/li>\n<li><strong>Fonctions :<\/strong> Chronographe, chronom\u00e8tre certifi\u00e9 COSC, date et petite seconde<\/li>\n<li><strong>Caract\u00e9ristique sp\u00e9ciale :<\/strong> Spiral en silicium Si14 pour une r\u00e9sistance sup\u00e9rieure aux chocs<\/li>\n<\/ul>\n","protected":false},"excerpt":{"rendered":"<p>Une ic\u00f4ne de l\u2019automobile r\u00e9interpr\u00e9t\u00e9e avec le raffinement de l\u2019or Sedna\u2122 18K et l\u2019avant-garde du calibre Co-Axial 3330. Le Speedmaster Mark II allie un design a\u00e9rodynamique vintage \u00e0 des performances chronom\u00e9triques d\u2019excellence. <\/p>\n","protected":false},"featured_media":177399,"template":"","meta":{"_crdt_document":"","advanced_seo_description":"","jetpack_seo_html_title":"","jetpack_seo_noindex":false},"product_brand":[],"product_cat":[1921],"product_tag":[3718],"berocket_brand":[],"woo-feed-brand":[],"class_list":{"0":"post-177401","1":"product","2":"type-product","3":"status-publish","4":"has-post-thumbnail","6":"product_cat-omega","7":"product_tag-speedmaster-2","9":"first","10":"instock","11":"sale","12":"taxable","13":"shipping-taxable","14":"purchasable","15":"product-type-simple"},"bundled_by":[],"bundle_stock_status":"instock","bundle_stock_quantity":1,"bundle_virtual":false,"bundle_layout":"","bundle_add_to_cart_form_location":"","bundle_editable_in_cart":false,"bundle_sold_individually_context":"","bundle_item_grouping":"","bundle_min_size":"","bundle_max_size":"","bundle_price":[],"bundled_items":[],"bundle_sell_ids":[],"group_of_quantity":0,"min_quantity":0,"max_quantity":"","exclude_order_quantity_value_rules":"no","exclude_category_quantity_rules":"no","combine_variations":"no","jetpack_sharing_enabled":true,"jetpack_likes_enabled":true,"_links":{"self":[{"href":"https:\/\/watchdeluxe.it\/fr\/wp-json\/wp\/v2\/product\/177401","targetHints":{"allow":["GET"]}}],"collection":[{"href":"https:\/\/watchdeluxe.it\/fr\/wp-json\/wp\/v2\/product"}],"about":[{"href":"https:\/\/watchdeluxe.it\/fr\/wp-json\/wp\/v2\/types\/product"}],"wp:featuredmedia":[{"embeddable":true,"href":"https:\/\/watchdeluxe.it\/fr\/wp-json\/wp\/v2\/media\/177399"}],"wp:attachment":[{"href":"https:\/\/watchdeluxe.it\/fr\/wp-json\/wp\/v2\/media?parent=177401"}],"wp:term":[{"taxonomy":"product_brand","embeddable":true,"href":"https:\/\/watchdeluxe.it\/fr\/wp-json\/wp\/v2\/product_brand?post=177401"},{"taxonomy":"product_cat","embeddable":true,"href":"https:\/\/watchdeluxe.it\/fr\/wp-json\/wp\/v2\/product_cat?post=177401"},{"taxonomy":"product_tag","embeddable":true,"href":"https:\/\/watchdeluxe.it\/fr\/wp-json\/wp\/v2\/product_tag?post=177401"},{"taxonomy":"berocket_brand","embeddable":true,"href":"https:\/\/watchdeluxe.it\/fr\/wp-json\/wp\/v2\/berocket_brand?post=177401"},{"taxonomy":"woo-feed-brand","embeddable":true,"href":"https:\/\/watchdeluxe.it\/fr\/wp-json\/wp\/v2\/woo-feed-brand?post=177401"}],"curies":[{"name":"wp","href":"https:\/\/api.w.org\/{rel}","templated":true}]}}