{"id":177395,"date":"2026-04-22T10:10:40","date_gmt":"2026-04-22T08:10:40","guid":{"rendered":"https:\/\/watchdeluxe.it\/prodotto\/omega-speedmaster-chronoscope-acier-ref-329-30-43-51-02-002\/"},"modified":"2026-04-22T10:10:40","modified_gmt":"2026-04-22T08:10:40","slug":"omega-speedmaster-chronoscope-acier-ref-329-30-43-51-02-002","status":"publish","type":"product","link":"https:\/\/watchdeluxe.it\/fr\/prodotto\/omega-speedmaster-chronoscope-acier-ref-329-30-43-51-02-002\/","title":{"rendered":"Omega Speedmaster Chronoscope acier r\u00e9f. 329.30.43.51.02.002"},"content":{"rendered":"<p>Omega Speedmaster Chronoscope acier r\u00e9f. 329.30.43.51.02.002<\/p>\n<ul>\n<li><strong>R\u00e9f\u00e9rence :<\/strong> 329.30.43.51.02.002<\/li>\n<li><strong>Bo\u00eetier :<\/strong> Acier inoxydable de 43 mm<\/li>\n<li><strong>Cadran :<\/strong> Argent\u00e9 avec compteurs noirs et design \u00ab escargot \u00bb ann\u00e9es 40<\/li>\n<li><strong>Mouvement :<\/strong> OMEGA Calibre 9908 \u00e0 remontage manuel avec roue \u00e0 colonnes<\/li>\n<li><strong>Certification :<\/strong> Master Chronometer approuv\u00e9 par le METAS<\/li>\n<li><strong>\u00c9chelles du cadran :<\/strong> Tachym\u00e8tre, pulsom\u00e8tre et t\u00e9l\u00e9m\u00e8tre int\u00e9gr\u00e9s<\/li>\n<li><strong>Verre :<\/strong> Verre saphir bomb\u00e9 r\u00e9sistant aux rayures avec traitement antireflet<\/li>\n<li><strong>R\u00e9serve de marche :<\/strong> 60 heures gr\u00e2ce aux deux barillets mont\u00e9s en s\u00e9rie<\/li>\n<li><strong>R\u00e9sistance magn\u00e9tique :<\/strong> Jusqu&#8217;\u00e0 15 000 gauss<\/li>\n<li><strong>\u00c9tanch\u00e9it\u00e9 :<\/strong> 5 bar (50 m\u00e8tres \/ 167 pieds)<\/li>\n<\/ul>\n","protected":false},"excerpt":{"rendered":"<p>Une alliance raffin\u00e9e entre l&#8217;h\u00e9ritage des ann\u00e9es 40 et la pr\u00e9cision moderne, l&#8217;OMEGA Speedmaster Chronoscope est le chronographe ultime pour ceux qui exigent un style iconique et des performances certifi\u00e9es.<\/p>\n","protected":false},"featured_media":177396,"template":"","meta":{"_crdt_document":"","advanced_seo_description":"","jetpack_seo_html_title":"","jetpack_seo_noindex":false},"product_brand":[],"product_cat":[2310],"product_tag":[2315],"berocket_brand":[],"woo-feed-brand":[],"class_list":{"0":"post-177395","1":"product","2":"type-product","3":"status-publish","4":"has-post-thumbnail","6":"product_cat-omega-fr","7":"product_tag-speedmaster-fr","9":"first","10":"instock","11":"sale","12":"taxable","13":"shipping-taxable","14":"purchasable","15":"product-type-simple"},"bundled_by":[],"bundle_stock_status":"instock","bundle_stock_quantity":1,"bundle_virtual":false,"bundle_layout":"","bundle_add_to_cart_form_location":"","bundle_editable_in_cart":false,"bundle_sold_individually_context":"","bundle_item_grouping":"","bundle_min_size":"","bundle_max_size":"","bundle_price":[],"bundled_items":[],"bundle_sell_ids":[],"group_of_quantity":0,"min_quantity":0,"max_quantity":"","exclude_order_quantity_value_rules":"no","exclude_category_quantity_rules":"no","combine_variations":"no","jetpack_sharing_enabled":true,"jetpack_likes_enabled":true,"_links":{"self":[{"href":"https:\/\/watchdeluxe.it\/fr\/wp-json\/wp\/v2\/product\/177395","targetHints":{"allow":["GET"]}}],"collection":[{"href":"https:\/\/watchdeluxe.it\/fr\/wp-json\/wp\/v2\/product"}],"about":[{"href":"https:\/\/watchdeluxe.it\/fr\/wp-json\/wp\/v2\/types\/product"}],"wp:featuredmedia":[{"embeddable":true,"href":"https:\/\/watchdeluxe.it\/fr\/wp-json\/wp\/v2\/media\/177396"}],"wp:attachment":[{"href":"https:\/\/watchdeluxe.it\/fr\/wp-json\/wp\/v2\/media?parent=177395"}],"wp:term":[{"taxonomy":"product_brand","embeddable":true,"href":"https:\/\/watchdeluxe.it\/fr\/wp-json\/wp\/v2\/product_brand?post=177395"},{"taxonomy":"product_cat","embeddable":true,"href":"https:\/\/watchdeluxe.it\/fr\/wp-json\/wp\/v2\/product_cat?post=177395"},{"taxonomy":"product_tag","embeddable":true,"href":"https:\/\/watchdeluxe.it\/fr\/wp-json\/wp\/v2\/product_tag?post=177395"},{"taxonomy":"berocket_brand","embeddable":true,"href":"https:\/\/watchdeluxe.it\/fr\/wp-json\/wp\/v2\/berocket_brand?post=177395"},{"taxonomy":"woo-feed-brand","embeddable":true,"href":"https:\/\/watchdeluxe.it\/fr\/wp-json\/wp\/v2\/woo-feed-brand?post=177395"}],"curies":[{"name":"wp","href":"https:\/\/api.w.org\/{rel}","templated":true}]}}