{"id":177373,"date":"2026-04-22T10:04:15","date_gmt":"2026-04-22T08:04:15","guid":{"rendered":"https:\/\/watchdeluxe.it\/prodotto\/omega-speedmaster-racing-ref-329-30-44-51-01-001\/"},"modified":"2026-04-22T10:04:15","modified_gmt":"2026-04-22T08:04:15","slug":"omega-speedmaster-racing-ref-329-30-44-51-01-001","status":"publish","type":"product","link":"https:\/\/watchdeluxe.it\/fr\/prodotto\/omega-speedmaster-racing-ref-329-30-44-51-01-001\/","title":{"rendered":"Omega Speedmaster Racing r\u00e9f. 329.30.44.51.01.001"},"content":{"rendered":"<p>Omega Speedmaster Racing r\u00e9f. 329.30.44.51.01.001<\/p>\n<ul>\n<li><strong>Mouvement :<\/strong> Calibre OMEGA 9908 \u00e0 remontage manuel avec \u00e9chappement Co-Axial<\/li>\n<li><strong>Certification :<\/strong> Master Chronometer certifi\u00e9 par le METAS<\/li>\n<li><strong>Bo\u00eetier :<\/strong> Acier inoxydable de 43 mm<\/li>\n<li><strong>Cadran :<\/strong> Noir avec \u00e9chelles tachym\u00e9trique, pulsom\u00e9trique et t\u00e9l\u00e9m\u00e9trique int\u00e9gr\u00e9es<\/li>\n<li><strong>Verre :<\/strong> Verre saphir bomb\u00e9 r\u00e9sistant aux rayures avec traitement antireflet interne<\/li>\n<li><strong>R\u00e9sistance magn\u00e9tique :<\/strong> Jusqu\u2019\u00e0 15 000 gauss<\/li>\n<li><strong>R\u00e9serve de marche :<\/strong> 60 heures<\/li>\n<li><strong>Bracelet :<\/strong> Acier inoxydable avec boucle d\u00e9ployante et micro-ajustement<\/li>\n<li><strong>\u00c9tanch\u00e9it\u00e9 :<\/strong> 5 bar (50 m\u00e8tres \/ 167 pieds)<\/li>\n<li><strong>Fonctions :<\/strong> Chronographe et petite seconde avec finition \u00ab snail \u00bb vintage<\/li>\n<\/ul>\n","protected":false},"excerpt":{"rendered":"<p>L\u2019\u00e9l\u00e9gance technique rencontre l\u2019h\u00e9ritage historique dans ce chronographe extraordinaire qui unit trois \u00e9chelles de mesure classiques \u00e0 un mouvement Master Chronometer d\u2019avant-garde.<\/p>\n","protected":false},"featured_media":177374,"template":"","meta":{"_crdt_document":"","advanced_seo_description":"","jetpack_seo_html_title":"","jetpack_seo_noindex":false},"product_brand":[],"product_cat":[2310],"product_tag":[2315],"berocket_brand":[],"woo-feed-brand":[],"class_list":{"0":"post-177373","1":"product","2":"type-product","3":"status-publish","4":"has-post-thumbnail","6":"product_cat-omega-fr","7":"product_tag-speedmaster-fr","9":"first","10":"instock","11":"sale","12":"taxable","13":"shipping-taxable","14":"purchasable","15":"product-type-simple"},"bundled_by":[],"bundle_stock_status":"instock","bundle_stock_quantity":1,"bundle_virtual":false,"bundle_layout":"","bundle_add_to_cart_form_location":"","bundle_editable_in_cart":false,"bundle_sold_individually_context":"","bundle_item_grouping":"","bundle_min_size":"","bundle_max_size":"","bundle_price":[],"bundled_items":[],"bundle_sell_ids":[],"group_of_quantity":0,"min_quantity":0,"max_quantity":"","exclude_order_quantity_value_rules":"no","exclude_category_quantity_rules":"no","combine_variations":"no","jetpack_sharing_enabled":true,"jetpack_likes_enabled":true,"_links":{"self":[{"href":"https:\/\/watchdeluxe.it\/fr\/wp-json\/wp\/v2\/product\/177373","targetHints":{"allow":["GET"]}}],"collection":[{"href":"https:\/\/watchdeluxe.it\/fr\/wp-json\/wp\/v2\/product"}],"about":[{"href":"https:\/\/watchdeluxe.it\/fr\/wp-json\/wp\/v2\/types\/product"}],"wp:featuredmedia":[{"embeddable":true,"href":"https:\/\/watchdeluxe.it\/fr\/wp-json\/wp\/v2\/media\/177374"}],"wp:attachment":[{"href":"https:\/\/watchdeluxe.it\/fr\/wp-json\/wp\/v2\/media?parent=177373"}],"wp:term":[{"taxonomy":"product_brand","embeddable":true,"href":"https:\/\/watchdeluxe.it\/fr\/wp-json\/wp\/v2\/product_brand?post=177373"},{"taxonomy":"product_cat","embeddable":true,"href":"https:\/\/watchdeluxe.it\/fr\/wp-json\/wp\/v2\/product_cat?post=177373"},{"taxonomy":"product_tag","embeddable":true,"href":"https:\/\/watchdeluxe.it\/fr\/wp-json\/wp\/v2\/product_tag?post=177373"},{"taxonomy":"berocket_brand","embeddable":true,"href":"https:\/\/watchdeluxe.it\/fr\/wp-json\/wp\/v2\/berocket_brand?post=177373"},{"taxonomy":"woo-feed-brand","embeddable":true,"href":"https:\/\/watchdeluxe.it\/fr\/wp-json\/wp\/v2\/woo-feed-brand?post=177373"}],"curies":[{"name":"wp","href":"https:\/\/api.w.org\/{rel}","templated":true}]}}