{"id":177303,"date":"2026-04-22T09:50:14","date_gmt":"2026-04-22T07:50:14","guid":{"rendered":"https:\/\/watchdeluxe.it\/prodotto\/omega-de-ville-prestige-dewdrop-ref-424-18-27-60-55-001\/"},"modified":"2026-04-22T09:50:14","modified_gmt":"2026-04-22T07:50:14","slug":"omega-de-ville-prestige-dewdrop-ref-424-18-27-60-55-001","status":"publish","type":"product","link":"https:\/\/watchdeluxe.it\/fr\/prodotto\/omega-de-ville-prestige-dewdrop-ref-424-18-27-60-55-001\/","title":{"rendered":"Omega De Ville Prestige Dewdrop r\u00e9f. 424.18.27.60.55.001"},"content":{"rendered":"<p>Omega De Ville Prestige Dewdrop r\u00e9f. 424.18.27.60.55.001<\/p>\n<ul>\n<li><strong>Collection :<\/strong> De Ville Prestige Dewdrop<\/li>\n<li><strong>Bo\u00eetier :<\/strong> Acier inoxydable avec lunette sertie de diamants<\/li>\n<li><strong>Diam\u00e8tre :<\/strong> 27,4 mm<\/li>\n<li><strong>Cadran :<\/strong> Nacre blanche avec 8 index en diamants et chiffres romains<\/li>\n<li><strong>Mouvement :<\/strong> Calibre OMEGA 4061 au quartz de haute pr\u00e9cision<\/li>\n<li><strong>Verre :<\/strong> Verre saphir bomb\u00e9 r\u00e9sistant aux rayures avec traitement antireflet \u00e0 l\u2019int\u00e9rieur<\/li>\n<li><strong>Bracelet :<\/strong> Cuir blanc brillant avec boucle ardillon<\/li>\n<li><strong>\u00c9tanch\u00e9it\u00e9 :<\/strong> 3 bar (30 m\u00e8tres \/ 100 feet)<\/li>\n<li><strong>Autonomie de la pile :<\/strong> 48 mois<\/li>\n<li><strong>Caract\u00e9ristique sp\u00e9ciale :<\/strong> Fond avec l\u2019embl\u00e8me du dieu Chronos grav\u00e9<\/li>\n<\/ul>\n","protected":false},"excerpt":{"rendered":"<p>L\u2019essence de la f\u00e9minit\u00e9 rencontre la haute pr\u00e9cision suisse dans cette OMEGA De Ville Prestige, un chef-d\u2019\u0153uvre de lumi\u00e8re agr\u00e9ment\u00e9 de diamants et de nacre pure.<\/p>\n","protected":false},"featured_media":177304,"template":"","meta":{"_crdt_document":"","advanced_seo_description":"","jetpack_seo_html_title":"","jetpack_seo_noindex":false},"product_brand":[],"product_cat":[1921],"product_tag":[1425],"berocket_brand":[],"woo-feed-brand":[],"class_list":{"0":"post-177303","1":"product","2":"type-product","3":"status-publish","4":"has-post-thumbnail","6":"product_cat-omega","7":"product_tag-de-ville","9":"first","10":"instock","11":"sale","12":"taxable","13":"shipping-taxable","14":"purchasable","15":"product-type-simple"},"bundled_by":[],"bundle_stock_status":"instock","bundle_stock_quantity":1,"bundle_virtual":false,"bundle_layout":"","bundle_add_to_cart_form_location":"","bundle_editable_in_cart":false,"bundle_sold_individually_context":"","bundle_item_grouping":"","bundle_min_size":"","bundle_max_size":"","bundle_price":[],"bundled_items":[],"bundle_sell_ids":[],"group_of_quantity":0,"min_quantity":0,"max_quantity":"","exclude_order_quantity_value_rules":"no","exclude_category_quantity_rules":"no","combine_variations":"no","jetpack_sharing_enabled":true,"jetpack_likes_enabled":true,"_links":{"self":[{"href":"https:\/\/watchdeluxe.it\/fr\/wp-json\/wp\/v2\/product\/177303","targetHints":{"allow":["GET"]}}],"collection":[{"href":"https:\/\/watchdeluxe.it\/fr\/wp-json\/wp\/v2\/product"}],"about":[{"href":"https:\/\/watchdeluxe.it\/fr\/wp-json\/wp\/v2\/types\/product"}],"wp:featuredmedia":[{"embeddable":true,"href":"https:\/\/watchdeluxe.it\/fr\/wp-json\/wp\/v2\/media\/177304"}],"wp:attachment":[{"href":"https:\/\/watchdeluxe.it\/fr\/wp-json\/wp\/v2\/media?parent=177303"}],"wp:term":[{"taxonomy":"product_brand","embeddable":true,"href":"https:\/\/watchdeluxe.it\/fr\/wp-json\/wp\/v2\/product_brand?post=177303"},{"taxonomy":"product_cat","embeddable":true,"href":"https:\/\/watchdeluxe.it\/fr\/wp-json\/wp\/v2\/product_cat?post=177303"},{"taxonomy":"product_tag","embeddable":true,"href":"https:\/\/watchdeluxe.it\/fr\/wp-json\/wp\/v2\/product_tag?post=177303"},{"taxonomy":"berocket_brand","embeddable":true,"href":"https:\/\/watchdeluxe.it\/fr\/wp-json\/wp\/v2\/berocket_brand?post=177303"},{"taxonomy":"woo-feed-brand","embeddable":true,"href":"https:\/\/watchdeluxe.it\/fr\/wp-json\/wp\/v2\/woo-feed-brand?post=177303"}],"curies":[{"name":"wp","href":"https:\/\/api.w.org\/{rel}","templated":true}]}}