{"id":177292,"date":"2026-04-22T09:46:04","date_gmt":"2026-04-22T07:46:04","guid":{"rendered":"https:\/\/watchdeluxe.it\/prodotto\/omega-de-ville-prestige-butterfly-ref-424-57-37-20-55-003\/"},"modified":"2026-04-22T09:46:04","modified_gmt":"2026-04-22T07:46:04","slug":"omega-de-ville-prestige-butterfly-ref-424-57-37-20-55-003","status":"publish","type":"product","link":"https:\/\/watchdeluxe.it\/fr\/prodotto\/omega-de-ville-prestige-butterfly-ref-424-57-37-20-55-003\/","title":{"rendered":"Omega De Ville Prestige Butterfly r\u00e9f. 424.57.37.20.55.003"},"content":{"rendered":"<p>Omega De Ville Prestige Butterfly r\u00e9f. 424.57.37.20.55.003\n<\/p>\n<ul>\n<li><strong>R\u00e9f\u00e9rence :<\/strong> 424.57.37.20.55.003<\/li>\n<li><strong>Mat\u00e9riau du bo\u00eetier :<\/strong> Or rouge 18K avec lunette sertie de diamants<\/li>\n<li><strong>Diam\u00e8tre :<\/strong> 36,8 mm<\/li>\n<li><strong>Cadran :<\/strong> Nacre blanche avec motif papillon et 9 index en diamants<\/li>\n<li><strong>Mouvement :<\/strong> Calibre OMEGA 2500 \u00e0 remontage automatique<\/li>\n<li><strong>Technologie :<\/strong> \u00c9chappement Co-Axial pour une pr\u00e9cision sup\u00e9rieure dans le temps<\/li>\n<li><strong>R\u00e9serve de marche :<\/strong> 48 heures<\/li>\n<li><strong>Verre :<\/strong> Saphir bomb\u00e9 antirayure avec traitement antireflet interne<\/li>\n<li><strong>Bracelet :<\/strong> Cuir blanc effet satin\u00e9 avec finition nacr\u00e9e<\/li>\n<li><strong>Fonctions :<\/strong> Guichet de date \u00e0 6 heures et certification officielle de Chronom\u00e8tre (COSC)<\/li>\n<\/ul>\n","protected":false},"excerpt":{"rendered":"<p>Ic\u00f4ne de gr\u00e2ce et d\u2019\u00e9l\u00e9gance, cette OMEGA De Ville Prestige Butterfly marie l\u2019or rouge 18K \u00e0 l\u2019\u00e9clat de la nacre et des diamants.<\/p>\n","protected":false},"featured_media":177279,"template":"","meta":{"_crdt_document":"","advanced_seo_description":"","jetpack_seo_html_title":"","jetpack_seo_noindex":false},"product_brand":[],"product_cat":[1921],"product_tag":[1425],"berocket_brand":[],"woo-feed-brand":[],"class_list":{"0":"post-177292","1":"product","2":"type-product","3":"status-publish","4":"has-post-thumbnail","6":"product_cat-omega","7":"product_tag-de-ville","9":"first","10":"instock","11":"sale","12":"taxable","13":"shipping-taxable","14":"purchasable","15":"product-type-simple"},"bundled_by":[],"bundle_stock_status":"instock","bundle_stock_quantity":1,"bundle_virtual":false,"bundle_layout":"","bundle_add_to_cart_form_location":"","bundle_editable_in_cart":false,"bundle_sold_individually_context":"","bundle_item_grouping":"","bundle_min_size":"","bundle_max_size":"","bundle_price":[],"bundled_items":[],"bundle_sell_ids":[],"group_of_quantity":0,"min_quantity":0,"max_quantity":"","exclude_order_quantity_value_rules":"no","exclude_category_quantity_rules":"no","combine_variations":"no","jetpack_sharing_enabled":true,"jetpack_likes_enabled":true,"_links":{"self":[{"href":"https:\/\/watchdeluxe.it\/fr\/wp-json\/wp\/v2\/product\/177292","targetHints":{"allow":["GET"]}}],"collection":[{"href":"https:\/\/watchdeluxe.it\/fr\/wp-json\/wp\/v2\/product"}],"about":[{"href":"https:\/\/watchdeluxe.it\/fr\/wp-json\/wp\/v2\/types\/product"}],"wp:featuredmedia":[{"embeddable":true,"href":"https:\/\/watchdeluxe.it\/fr\/wp-json\/wp\/v2\/media\/177279"}],"wp:attachment":[{"href":"https:\/\/watchdeluxe.it\/fr\/wp-json\/wp\/v2\/media?parent=177292"}],"wp:term":[{"taxonomy":"product_brand","embeddable":true,"href":"https:\/\/watchdeluxe.it\/fr\/wp-json\/wp\/v2\/product_brand?post=177292"},{"taxonomy":"product_cat","embeddable":true,"href":"https:\/\/watchdeluxe.it\/fr\/wp-json\/wp\/v2\/product_cat?post=177292"},{"taxonomy":"product_tag","embeddable":true,"href":"https:\/\/watchdeluxe.it\/fr\/wp-json\/wp\/v2\/product_tag?post=177292"},{"taxonomy":"berocket_brand","embeddable":true,"href":"https:\/\/watchdeluxe.it\/fr\/wp-json\/wp\/v2\/berocket_brand?post=177292"},{"taxonomy":"woo-feed-brand","embeddable":true,"href":"https:\/\/watchdeluxe.it\/fr\/wp-json\/wp\/v2\/woo-feed-brand?post=177292"}],"curies":[{"name":"wp","href":"https:\/\/api.w.org\/{rel}","templated":true}]}}