{"id":176922,"date":"2026-04-17T11:26:38","date_gmt":"2026-04-17T09:26:38","guid":{"rendered":"https:\/\/watchdeluxe.it\/prodotto\/omega-constellation-globemaster-ref-130-53-41-22-03-001\/"},"modified":"2026-04-17T11:27:23","modified_gmt":"2026-04-17T09:27:23","slug":"omega-constellation-globemaster-ref-130-53-41-22-03-001","status":"publish","type":"product","link":"https:\/\/watchdeluxe.it\/fr\/prodotto\/omega-constellation-globemaster-ref-130-53-41-22-03-001\/","title":{"rendered":"Omega Constellation Globemaster r\u00e9f. 130.53.41.22.03.001"},"content":{"rendered":"<p>Omega Constellation Globemaster r\u00e9f. 130.53.41.22.03.001<\/p>\n<ul>\n<li><strong>Mouvement :<\/strong> OMEGA 8923 \u00e0 remontage automatique avec \u00e9chappement Co-Axial<\/li>\n<li><strong>Mat\u00e9riau du bo\u00eetier :<\/strong> Or Sedna\u2122 18K avec lunette cannel\u00e9e<\/li>\n<li><strong>Diam\u00e8tre :<\/strong> 41 mm<\/li>\n<li><strong>Cadran :<\/strong> Bleu bross\u00e9 soleil avec design \u00ab Pie Pan \u00bb<\/li>\n<li><strong>Complication :<\/strong> Calendrier annuel avec indication des mois par aiguille centrale<\/li>\n<li><strong>Certification :<\/strong> Master Chronometer certifi\u00e9 par le METAS<\/li>\n<li><strong>R\u00e9sistance Magn\u00e9tique :<\/strong> R\u00e9sistant aux champs magn\u00e9tiques jusqu&#8217;\u00e0 15 000 gauss<\/li>\n<li><strong>Verre :<\/strong> Verre saphir bomb\u00e9 r\u00e9sistant aux rayures avec traitement antireflet<\/li>\n<li><strong>Fond :<\/strong> Transparent en verre saphir avec m\u00e9daillon de l\u2019Observatoire<\/li>\n<li><strong>\u00c9tanch\u00e9it\u00e9 :<\/strong> 10 bars (100 m\u00e8tres \/ 330 pieds)<\/li>\n<\/ul>\n","protected":false},"excerpt":{"rendered":"<p>L\u2019OMEGA Globemaster Annual Calendar repr\u00e9sente le summum de l\u2019\u00e9l\u00e9gance horlog\u00e8re, alliant le charme de l\u2019or Sedna\u2122 18K \u00e0 la plus haute pr\u00e9cision certifi\u00e9e Master Chronometer.<\/p>\n","protected":false},"featured_media":176924,"template":"","meta":{"_crdt_document":"","advanced_seo_description":"","jetpack_seo_html_title":"","jetpack_seo_noindex":false},"product_brand":[],"product_cat":[1921],"product_tag":[1426],"berocket_brand":[],"woo-feed-brand":[],"class_list":{"0":"post-176922","1":"product","2":"type-product","3":"status-publish","4":"has-post-thumbnail","6":"product_cat-omega","7":"product_tag-constellation","9":"first","10":"instock","11":"sale","12":"taxable","13":"shipping-taxable","14":"purchasable","15":"product-type-simple"},"bundled_by":[],"bundle_stock_status":"instock","bundle_stock_quantity":1,"bundle_virtual":false,"bundle_layout":"","bundle_add_to_cart_form_location":"","bundle_editable_in_cart":false,"bundle_sold_individually_context":"","bundle_item_grouping":"","bundle_min_size":"","bundle_max_size":"","bundle_price":[],"bundled_items":[],"bundle_sell_ids":[],"group_of_quantity":0,"min_quantity":0,"max_quantity":"","exclude_order_quantity_value_rules":"no","exclude_category_quantity_rules":"no","combine_variations":"no","jetpack_sharing_enabled":true,"jetpack_likes_enabled":true,"_links":{"self":[{"href":"https:\/\/watchdeluxe.it\/fr\/wp-json\/wp\/v2\/product\/176922","targetHints":{"allow":["GET"]}}],"collection":[{"href":"https:\/\/watchdeluxe.it\/fr\/wp-json\/wp\/v2\/product"}],"about":[{"href":"https:\/\/watchdeluxe.it\/fr\/wp-json\/wp\/v2\/types\/product"}],"wp:featuredmedia":[{"embeddable":true,"href":"https:\/\/watchdeluxe.it\/fr\/wp-json\/wp\/v2\/media\/176924"}],"wp:attachment":[{"href":"https:\/\/watchdeluxe.it\/fr\/wp-json\/wp\/v2\/media?parent=176922"}],"wp:term":[{"taxonomy":"product_brand","embeddable":true,"href":"https:\/\/watchdeluxe.it\/fr\/wp-json\/wp\/v2\/product_brand?post=176922"},{"taxonomy":"product_cat","embeddable":true,"href":"https:\/\/watchdeluxe.it\/fr\/wp-json\/wp\/v2\/product_cat?post=176922"},{"taxonomy":"product_tag","embeddable":true,"href":"https:\/\/watchdeluxe.it\/fr\/wp-json\/wp\/v2\/product_tag?post=176922"},{"taxonomy":"berocket_brand","embeddable":true,"href":"https:\/\/watchdeluxe.it\/fr\/wp-json\/wp\/v2\/berocket_brand?post=176922"},{"taxonomy":"woo-feed-brand","embeddable":true,"href":"https:\/\/watchdeluxe.it\/fr\/wp-json\/wp\/v2\/woo-feed-brand?post=176922"}],"curies":[{"name":"wp","href":"https:\/\/api.w.org\/{rel}","templated":true}]}}