{"id":176909,"date":"2026-04-17T11:24:26","date_gmt":"2026-04-17T09:24:26","guid":{"rendered":"https:\/\/watchdeluxe.it\/prodotto\/omega-constellation-quartz-ref-131-10-28-60-03-001\/"},"modified":"2026-04-17T11:25:07","modified_gmt":"2026-04-17T09:25:07","slug":"omega-constellation-quartz-ref-131-10-28-60-03-001","status":"publish","type":"product","link":"https:\/\/watchdeluxe.it\/fr\/prodotto\/omega-constellation-quartz-ref-131-10-28-60-03-001\/","title":{"rendered":"Omega Constellation quartz r\u00e9f. 131.10.28.60.03.001"},"content":{"rendered":"<p>Omega Constellation quartz r\u00e9f. 131.10.28.60.03.001<\/p>\n<ul>\n<li><strong>R\u00e9f\u00e9rence :<\/strong> 131.10.28.60.03.001<\/li>\n<li><strong>Collection :<\/strong> Constellation Manhattan<\/li>\n<li><strong>Bo\u00eetier :<\/strong> Acier inoxydable de 28 mm<\/li>\n<li><strong>Cadran :<\/strong> Bleu bross\u00e9 \u00e0 rayons de soleil avec index appliqu\u00e9s<\/li>\n<li><strong>Mouvement :<\/strong> OMEGA 4061 quartz avec fonction &#8216;Long Life&#8217;<\/li>\n<li><strong>Verre :<\/strong> Saphir bomb\u00e9 r\u00e9sistant aux rayures avec traitement antireflet \u00e0 l\u2019int\u00e9rieur<\/li>\n<li><strong>Lunette :<\/strong> Acier avec chiffres romains grav\u00e9s<\/li>\n<li><strong>\u00c9tanch\u00e9it\u00e9 :<\/strong> 3 bar (30 m\u00e8tres \/ 100 feet)<\/li>\n<li><strong>Bracelet :<\/strong> Acier avec boucle d\u00e9ployante et ajustement confort<\/li>\n<li><strong>Autonomie :<\/strong> Pile d&#8217;une dur\u00e9e jusqu&#8217;\u00e0 48 mois<\/li>\n<\/ul>\n","protected":false},"excerpt":{"rendered":"<p>L&#8217;incarnation de l&#8217;\u00e9l\u00e9gance moderne : une montre Constellation en acier avec un cadran bleu magn\u00e9tique, d\u00e9di\u00e9e \u00e0 ceux qui exigent pr\u00e9cision et style iconique.<\/p>\n","protected":false},"featured_media":176903,"template":"","meta":{"_crdt_document":"","advanced_seo_description":"","jetpack_seo_html_title":"","jetpack_seo_noindex":false},"product_brand":[],"product_cat":[1921],"product_tag":[1426],"berocket_brand":[],"woo-feed-brand":[],"class_list":{"0":"post-176909","1":"product","2":"type-product","3":"status-publish","4":"has-post-thumbnail","6":"product_cat-omega","7":"product_tag-constellation","9":"first","10":"instock","11":"sale","12":"taxable","13":"shipping-taxable","14":"purchasable","15":"product-type-simple"},"bundled_by":[],"bundle_stock_status":"instock","bundle_stock_quantity":1,"bundle_virtual":false,"bundle_layout":"","bundle_add_to_cart_form_location":"","bundle_editable_in_cart":false,"bundle_sold_individually_context":"","bundle_item_grouping":"","bundle_min_size":"","bundle_max_size":"","bundle_price":[],"bundled_items":[],"bundle_sell_ids":[],"group_of_quantity":0,"min_quantity":0,"max_quantity":"","exclude_order_quantity_value_rules":"no","exclude_category_quantity_rules":"no","combine_variations":"no","jetpack_sharing_enabled":true,"jetpack_likes_enabled":true,"_links":{"self":[{"href":"https:\/\/watchdeluxe.it\/fr\/wp-json\/wp\/v2\/product\/176909","targetHints":{"allow":["GET"]}}],"collection":[{"href":"https:\/\/watchdeluxe.it\/fr\/wp-json\/wp\/v2\/product"}],"about":[{"href":"https:\/\/watchdeluxe.it\/fr\/wp-json\/wp\/v2\/types\/product"}],"wp:featuredmedia":[{"embeddable":true,"href":"https:\/\/watchdeluxe.it\/fr\/wp-json\/wp\/v2\/media\/176903"}],"wp:attachment":[{"href":"https:\/\/watchdeluxe.it\/fr\/wp-json\/wp\/v2\/media?parent=176909"}],"wp:term":[{"taxonomy":"product_brand","embeddable":true,"href":"https:\/\/watchdeluxe.it\/fr\/wp-json\/wp\/v2\/product_brand?post=176909"},{"taxonomy":"product_cat","embeddable":true,"href":"https:\/\/watchdeluxe.it\/fr\/wp-json\/wp\/v2\/product_cat?post=176909"},{"taxonomy":"product_tag","embeddable":true,"href":"https:\/\/watchdeluxe.it\/fr\/wp-json\/wp\/v2\/product_tag?post=176909"},{"taxonomy":"berocket_brand","embeddable":true,"href":"https:\/\/watchdeluxe.it\/fr\/wp-json\/wp\/v2\/berocket_brand?post=176909"},{"taxonomy":"woo-feed-brand","embeddable":true,"href":"https:\/\/watchdeluxe.it\/fr\/wp-json\/wp\/v2\/woo-feed-brand?post=176909"}],"curies":[{"name":"wp","href":"https:\/\/api.w.org\/{rel}","templated":true}]}}