{"id":176861,"date":"2026-04-17T11:11:43","date_gmt":"2026-04-17T09:11:43","guid":{"rendered":"https:\/\/watchdeluxe.it\/prodotto\/omega-seamaster-diver-300m-ref-210-22-42-20-03-002\/"},"modified":"2026-04-17T11:11:43","modified_gmt":"2026-04-17T09:11:43","slug":"omega-seamaster-diver-300m-ref-210-22-42-20-03-002","status":"publish","type":"product","link":"https:\/\/watchdeluxe.it\/fr\/prodotto\/omega-seamaster-diver-300m-ref-210-22-42-20-03-002\/","title":{"rendered":"Omega seamaster diver 300m r\u00e9f. 210.22.42.20.03.002"},"content":{"rendered":"<p>Omega seamaster diver 300m r\u00e9f. 210.22.42.20.03.002\n<\/p>\n<ul>\n<li><strong>R\u00e9f\u00e9rence :<\/strong> 210.22.42.20.03.002<\/li>\n<li><strong>Mouvement :<\/strong> OMEGA Calibre 8800 \u00e0 remontage automatique avec \u00e9chappement Co-Axial.<\/li>\n<li><strong>Certification :<\/strong> Master Chronometer certifi\u00e9 METAS, r\u00e9sistant aux champs magn\u00e9tiques jusqu&#8217;\u00e0 15 000 gauss.<\/li>\n<li><strong>Mat\u00e9riaux :<\/strong> Acier inoxydable et or Sedna\u2122 18K.<\/li>\n<li><strong>Cadran :<\/strong> C\u00e9ramique bleue avec motif \u00e0 vagues grav\u00e9 au laser et guichet de date \u00e0 6 heures.<\/li>\n<li><strong>Lunette :<\/strong> Tournante unidirectionnelle en or Sedna\u2122 avec anneau en c\u00e9ramique bleue et \u00e9chelle de plong\u00e9e en Ceragold\u2122.<\/li>\n<li><strong>Verre :<\/strong> Saphir bomb\u00e9 r\u00e9sistant aux rayures avec traitement antireflet double face.<\/li>\n<li><strong>\u00c9tanch\u00e9it\u00e9 :<\/strong> 30 bar (300 m\u00e8tres \/ 1000 pieds).<\/li>\n<li><strong>Caract\u00e9ristiques sp\u00e9ciales :<\/strong> Valve \u00e0 h\u00e9lium et fond transparent en verre saphir.<\/li>\n<li><strong>R\u00e9serve de marche :<\/strong> 55 heures.<\/li>\n<li><strong>Bracelet :<\/strong> Caoutchouc bleu de haute qualit\u00e9 avec boucle en acier.<\/li>\n<\/ul>\n","protected":false},"excerpt":{"rendered":"<p>L\u2019Omega Seamaster Diver 300M en acier et or Sedna\u2122 est la synth\u00e8se parfaite entre \u00e9l\u00e9gance nautique et pr\u00e9cision d\u2019avant-garde, une ic\u00f4ne l\u00e9gendaire pour les amoureux de la mer.<\/p>\n","protected":false},"featured_media":0,"template":"","meta":{"_crdt_document":"","advanced_seo_description":"","jetpack_seo_html_title":"","jetpack_seo_noindex":false},"product_brand":[],"product_cat":[1921],"product_tag":[3961],"berocket_brand":[],"woo-feed-brand":[],"class_list":{"0":"post-176861","1":"product","2":"type-product","3":"status-publish","5":"product_cat-omega","6":"product_tag-seamaster-2","8":"first","9":"outofstock","10":"sale","11":"taxable","12":"shipping-taxable","13":"purchasable","14":"product-type-simple"},"bundled_by":[],"bundle_stock_status":"outofstock","bundle_stock_quantity":0,"bundle_virtual":false,"bundle_layout":"","bundle_add_to_cart_form_location":"","bundle_editable_in_cart":false,"bundle_sold_individually_context":"","bundle_item_grouping":"","bundle_min_size":"","bundle_max_size":"","bundle_price":[],"bundled_items":[],"bundle_sell_ids":[],"group_of_quantity":0,"min_quantity":0,"max_quantity":"","exclude_order_quantity_value_rules":"no","exclude_category_quantity_rules":"no","combine_variations":"no","jetpack_sharing_enabled":true,"jetpack_likes_enabled":true,"_links":{"self":[{"href":"https:\/\/watchdeluxe.it\/fr\/wp-json\/wp\/v2\/product\/176861","targetHints":{"allow":["GET"]}}],"collection":[{"href":"https:\/\/watchdeluxe.it\/fr\/wp-json\/wp\/v2\/product"}],"about":[{"href":"https:\/\/watchdeluxe.it\/fr\/wp-json\/wp\/v2\/types\/product"}],"wp:attachment":[{"href":"https:\/\/watchdeluxe.it\/fr\/wp-json\/wp\/v2\/media?parent=176861"}],"wp:term":[{"taxonomy":"product_brand","embeddable":true,"href":"https:\/\/watchdeluxe.it\/fr\/wp-json\/wp\/v2\/product_brand?post=176861"},{"taxonomy":"product_cat","embeddable":true,"href":"https:\/\/watchdeluxe.it\/fr\/wp-json\/wp\/v2\/product_cat?post=176861"},{"taxonomy":"product_tag","embeddable":true,"href":"https:\/\/watchdeluxe.it\/fr\/wp-json\/wp\/v2\/product_tag?post=176861"},{"taxonomy":"berocket_brand","embeddable":true,"href":"https:\/\/watchdeluxe.it\/fr\/wp-json\/wp\/v2\/berocket_brand?post=176861"},{"taxonomy":"woo-feed-brand","embeddable":true,"href":"https:\/\/watchdeluxe.it\/fr\/wp-json\/wp\/v2\/woo-feed-brand?post=176861"}],"curies":[{"name":"wp","href":"https:\/\/api.w.org\/{rel}","templated":true}]}}