{"id":176785,"date":"2026-04-17T10:37:01","date_gmt":"2026-04-17T08:37:01","guid":{"rendered":"https:\/\/watchdeluxe.it\/prodotto\/omega-seamaster-chronographe-44-mm-ref-210-20-44-51-01-001\/"},"modified":"2026-04-17T10:37:01","modified_gmt":"2026-04-17T08:37:01","slug":"omega-seamaster-chronographe-44-mm-ref-210-20-44-51-01-001","status":"publish","type":"product","link":"https:\/\/watchdeluxe.it\/fr\/prodotto\/omega-seamaster-chronographe-44-mm-ref-210-20-44-51-01-001\/","title":{"rendered":"Omega Seamaster Chronographe 44 mm r\u00e9f. 210.20.44.51.01.001"},"content":{"rendered":"<p>Omega Seamaster Chronographe 44 mm r\u00e9f. 210.20.44.51.01.001<\/p>\n<ul>\n<li><strong>R\u00e9f\u00e9rence :<\/strong> 210.20.44.51.01.001<\/li>\n<li><strong>Mouvement :<\/strong> OMEGA Calibre 9900 \u00e0 remontage automatique<\/li>\n<li><strong>Mat\u00e9riau :<\/strong> Acier inoxydable et or Sedna\u2122 18K<\/li>\n<li><strong>Diam\u00e8tre du bo\u00eetier :<\/strong> 44 mm<\/li>\n<li><strong>Cadran :<\/strong> C\u00e9ramique noire [ZrO2] avec ondes grav\u00e9es au laser<\/li>\n<li><strong>Lunette :<\/strong> C\u00e9ramique noire polie avec \u00e9chelle gradu\u00e9e en Ceragold\u2122<\/li>\n<li><strong>\u00c9tanch\u00e9it\u00e9 :<\/strong> 30 bar (300 m\u00e8tres \/ 1000 feet)<\/li>\n<li><strong>R\u00e9serve de marche :<\/strong> 60 heures<\/li>\n<li><strong>Certification :<\/strong> Master Chronometer approuv\u00e9 par le METAS<\/li>\n<li><strong>Verre :<\/strong> Saphir r\u00e9sistant aux rayures avec traitement antireflet<\/li>\n<li><strong>Fonctions :<\/strong> Chronographe, date et valve \u00e0 h\u00e9lium<\/li>\n<\/ul>\n","protected":false},"excerpt":{"rendered":"<p>Une ic\u00f4ne de pr\u00e9cision et de style qui allie la robustesse de l\u2019acier \u00e0 l\u2019exclusivit\u00e9 de l\u2019or Sedna\u2122 18K. Ce chronographe Master Chronometer est l\u2019essence du luxe subaquatique sign\u00e9 OMEGA. <\/p>\n","protected":false},"featured_media":176786,"template":"","meta":{"_crdt_document":"","advanced_seo_description":"","jetpack_seo_html_title":"","jetpack_seo_noindex":false},"product_brand":[],"product_cat":[1921],"product_tag":[3961],"berocket_brand":[],"woo-feed-brand":[],"class_list":{"0":"post-176785","1":"product","2":"type-product","3":"status-publish","4":"has-post-thumbnail","6":"product_cat-omega","7":"product_tag-seamaster-2","9":"first","10":"instock","11":"sale","12":"taxable","13":"shipping-taxable","14":"purchasable","15":"product-type-simple"},"bundled_by":[],"bundle_stock_status":"instock","bundle_stock_quantity":1,"bundle_virtual":false,"bundle_layout":"","bundle_add_to_cart_form_location":"","bundle_editable_in_cart":false,"bundle_sold_individually_context":"","bundle_item_grouping":"","bundle_min_size":"","bundle_max_size":"","bundle_price":[],"bundled_items":[],"bundle_sell_ids":[],"group_of_quantity":0,"min_quantity":0,"max_quantity":"","exclude_order_quantity_value_rules":"no","exclude_category_quantity_rules":"no","combine_variations":"no","jetpack_sharing_enabled":true,"jetpack_likes_enabled":true,"_links":{"self":[{"href":"https:\/\/watchdeluxe.it\/fr\/wp-json\/wp\/v2\/product\/176785","targetHints":{"allow":["GET"]}}],"collection":[{"href":"https:\/\/watchdeluxe.it\/fr\/wp-json\/wp\/v2\/product"}],"about":[{"href":"https:\/\/watchdeluxe.it\/fr\/wp-json\/wp\/v2\/types\/product"}],"wp:featuredmedia":[{"embeddable":true,"href":"https:\/\/watchdeluxe.it\/fr\/wp-json\/wp\/v2\/media\/176786"}],"wp:attachment":[{"href":"https:\/\/watchdeluxe.it\/fr\/wp-json\/wp\/v2\/media?parent=176785"}],"wp:term":[{"taxonomy":"product_brand","embeddable":true,"href":"https:\/\/watchdeluxe.it\/fr\/wp-json\/wp\/v2\/product_brand?post=176785"},{"taxonomy":"product_cat","embeddable":true,"href":"https:\/\/watchdeluxe.it\/fr\/wp-json\/wp\/v2\/product_cat?post=176785"},{"taxonomy":"product_tag","embeddable":true,"href":"https:\/\/watchdeluxe.it\/fr\/wp-json\/wp\/v2\/product_tag?post=176785"},{"taxonomy":"berocket_brand","embeddable":true,"href":"https:\/\/watchdeluxe.it\/fr\/wp-json\/wp\/v2\/berocket_brand?post=176785"},{"taxonomy":"woo-feed-brand","embeddable":true,"href":"https:\/\/watchdeluxe.it\/fr\/wp-json\/wp\/v2\/woo-feed-brand?post=176785"}],"curies":[{"name":"wp","href":"https:\/\/api.w.org\/{rel}","templated":true}]}}