{"id":176117,"date":"2026-04-15T11:35:19","date_gmt":"2026-04-15T09:35:19","guid":{"rendered":"https:\/\/watchdeluxe.it\/prodotto\/hublot-big-bang-original-blue-301-sx-710-rx\/"},"modified":"2026-04-15T11:35:19","modified_gmt":"2026-04-15T09:35:19","slug":"hublot-big-bang-original-blue-301-sx-710-rx","status":"publish","type":"product","link":"https:\/\/watchdeluxe.it\/fr\/prodotto\/hublot-big-bang-original-blue-301-sx-710-rx\/","title":{"rendered":"Hublot big bang original blue 301.SX.710.RX"},"content":{"rendered":"<p>Hublot Big Bang Original Blue 301.SX.710.RX<\/p>\n<ul>\n<li><strong>R\u00e9f\u00e9rence :<\/strong> 301.SX.710.RX<\/li>\n<li><strong>Bo\u00eetier :<\/strong> Acier inoxydable poli et satin\u00e9 (diam\u00e8tre 44 mm)<\/li>\n<li><strong>Lunette :<\/strong> Acier satin\u00e9 vertical avec 6 vis en titane en forme de H<\/li>\n<li><strong>Mouvement :<\/strong> Calibre HUB4100 chronographe \u00e0 remontage automatique<\/li>\n<li><strong>R\u00e9serve de marche :<\/strong> Environ 42 heures<\/li>\n<li><strong>Cadran :<\/strong> Bleu avec finition satin\u00e9e soleil<\/li>\n<li><strong>Verre :<\/strong> Saphir avec traitement antireflet<\/li>\n<li><strong>Bracelet :<\/strong> Caoutchouc bleu structur\u00e9 \u00e0 rayures<\/li>\n<li><strong>Fermoir :<\/strong> Boucle d\u00e9ployante en acier inoxydable<\/li>\n<li><strong>\u00c9tanch\u00e9it\u00e9 :<\/strong> 100 m\u00e8tres (10 ATM)<\/li>\n<\/ul>\n","protected":false},"excerpt":{"rendered":"<p>Une ic\u00f4ne de puissance et d&#8217;\u00e9l\u00e9gance qui fusionne l&#8217;acier satin\u00e9 avec l&#8217;intensit\u00e9 du bleu pour un r\u00e9sultat esth\u00e9tique sans compromis, fid\u00e8le \u00e0 la philosophie Art of Fusion d&#8217;Hublot.<\/p>\n","protected":false},"featured_media":176106,"template":"","meta":{"_crdt_document":"","advanced_seo_description":"","jetpack_seo_html_title":"","jetpack_seo_noindex":false},"product_brand":[],"product_cat":[1917],"product_tag":[3722],"berocket_brand":[],"woo-feed-brand":[],"class_list":{"0":"post-176117","1":"product","2":"type-product","3":"status-publish","4":"has-post-thumbnail","6":"product_cat-hublot","7":"product_tag-big-bang-2","9":"first","10":"instock","11":"sale","12":"taxable","13":"shipping-taxable","14":"purchasable","15":"product-type-simple"},"bundled_by":[],"bundle_stock_status":"instock","bundle_stock_quantity":1,"bundle_virtual":false,"bundle_layout":"","bundle_add_to_cart_form_location":"","bundle_editable_in_cart":false,"bundle_sold_individually_context":"","bundle_item_grouping":"","bundle_min_size":"","bundle_max_size":"","bundle_price":[],"bundled_items":[],"bundle_sell_ids":[],"group_of_quantity":0,"min_quantity":0,"max_quantity":"","exclude_order_quantity_value_rules":"no","exclude_category_quantity_rules":"no","combine_variations":"no","jetpack_sharing_enabled":true,"jetpack_likes_enabled":true,"_links":{"self":[{"href":"https:\/\/watchdeluxe.it\/fr\/wp-json\/wp\/v2\/product\/176117","targetHints":{"allow":["GET"]}}],"collection":[{"href":"https:\/\/watchdeluxe.it\/fr\/wp-json\/wp\/v2\/product"}],"about":[{"href":"https:\/\/watchdeluxe.it\/fr\/wp-json\/wp\/v2\/types\/product"}],"wp:featuredmedia":[{"embeddable":true,"href":"https:\/\/watchdeluxe.it\/fr\/wp-json\/wp\/v2\/media\/176106"}],"wp:attachment":[{"href":"https:\/\/watchdeluxe.it\/fr\/wp-json\/wp\/v2\/media?parent=176117"}],"wp:term":[{"taxonomy":"product_brand","embeddable":true,"href":"https:\/\/watchdeluxe.it\/fr\/wp-json\/wp\/v2\/product_brand?post=176117"},{"taxonomy":"product_cat","embeddable":true,"href":"https:\/\/watchdeluxe.it\/fr\/wp-json\/wp\/v2\/product_cat?post=176117"},{"taxonomy":"product_tag","embeddable":true,"href":"https:\/\/watchdeluxe.it\/fr\/wp-json\/wp\/v2\/product_tag?post=176117"},{"taxonomy":"berocket_brand","embeddable":true,"href":"https:\/\/watchdeluxe.it\/fr\/wp-json\/wp\/v2\/berocket_brand?post=176117"},{"taxonomy":"woo-feed-brand","embeddable":true,"href":"https:\/\/watchdeluxe.it\/fr\/wp-json\/wp\/v2\/woo-feed-brand?post=176117"}],"curies":[{"name":"wp","href":"https:\/\/api.w.org\/{rel}","templated":true}]}}