{"id":176008,"date":"2026-04-15T11:14:50","date_gmt":"2026-04-15T09:14:50","guid":{"rendered":"https:\/\/watchdeluxe.it\/prodotto\/big-bang-integrated-time-only-yellow-gold-pave-ref-456-vx-0130-vx\/"},"modified":"2026-04-15T11:14:50","modified_gmt":"2026-04-15T09:14:50","slug":"big-bang-integrated-time-only-yellow-gold-pave-ref-456-vx-0130-vx","status":"publish","type":"product","link":"https:\/\/watchdeluxe.it\/fr\/prodotto\/big-bang-integrated-time-only-yellow-gold-pave-ref-456-vx-0130-vx\/","title":{"rendered":"Big Bang Integrated Time Only Yellow Gold Pav\u00e9 r\u00e9f. 456.VX.0130.VX"},"content":{"rendered":"<p>Big Bang Integrated Time Only Yellow Gold Pav\u00e9 r\u00e9f. 456.VX.0130.VX<\/p>\n<ul>\n<li><strong>R\u00e9f\u00e9rence :<\/strong> 456.VX.0130.VX<\/li>\n<li><strong>Collection :<\/strong> Big Bang Integral Time Only<\/li>\n<li><strong>Mat\u00e9riau du bo\u00eetier :<\/strong> Or jaune 18K satin\u00e9 et poli<\/li>\n<li><strong>Diam\u00e8tre :<\/strong> 40 mm<\/li>\n<li><strong>Mouvement :<\/strong> Calibre HUB1710 \u00e0 remontage automatique<\/li>\n<li><strong>R\u00e9serve de marche :<\/strong> 50 heures<\/li>\n<li><strong>Cadran :<\/strong> Verre saphir transparent<\/li>\n<li><strong>Lunette :<\/strong> Or jaune 18K avec 6 vis en titane en forme de H<\/li>\n<li><strong>\u00c9tanch\u00e9it\u00e9 :<\/strong> 10 ATM (100 m\u00e8tres)<\/li>\n<li><strong>Bracelet :<\/strong> Or jaune 18K int\u00e9gr\u00e9 avec boucle d\u00e9ployante<\/li>\n<\/ul>\n","protected":false},"excerpt":{"rendered":"<p>Une ic\u00f4ne de luxe architectural qui fusionne la puissance de l\u2019or jaune 18 carats avec un design int\u00e9gr\u00e9 ultra-plat, \u00e9quilibre parfait entre audace sportive et \u00e9l\u00e9gance classique.<\/p>\n","protected":false},"featured_media":175999,"template":"","meta":{"_crdt_document":"","advanced_seo_description":"","jetpack_seo_html_title":"","jetpack_seo_noindex":false},"product_brand":[],"product_cat":[1918],"product_tag":[3722],"berocket_brand":[],"woo-feed-brand":[],"class_list":{"0":"post-176008","1":"product","2":"type-product","3":"status-publish","4":"has-post-thumbnail","6":"product_cat-iwc","7":"product_tag-big-bang-2","9":"first","10":"instock","11":"sale","12":"taxable","13":"shipping-taxable","14":"purchasable","15":"product-type-simple"},"bundled_by":[],"bundle_stock_status":"instock","bundle_stock_quantity":1,"bundle_virtual":false,"bundle_layout":"","bundle_add_to_cart_form_location":"","bundle_editable_in_cart":false,"bundle_sold_individually_context":"","bundle_item_grouping":"","bundle_min_size":"","bundle_max_size":"","bundle_price":[],"bundled_items":[],"bundle_sell_ids":[],"group_of_quantity":0,"min_quantity":0,"max_quantity":"","exclude_order_quantity_value_rules":"no","exclude_category_quantity_rules":"no","combine_variations":"no","jetpack_sharing_enabled":true,"jetpack_likes_enabled":true,"_links":{"self":[{"href":"https:\/\/watchdeluxe.it\/fr\/wp-json\/wp\/v2\/product\/176008","targetHints":{"allow":["GET"]}}],"collection":[{"href":"https:\/\/watchdeluxe.it\/fr\/wp-json\/wp\/v2\/product"}],"about":[{"href":"https:\/\/watchdeluxe.it\/fr\/wp-json\/wp\/v2\/types\/product"}],"wp:featuredmedia":[{"embeddable":true,"href":"https:\/\/watchdeluxe.it\/fr\/wp-json\/wp\/v2\/media\/175999"}],"wp:attachment":[{"href":"https:\/\/watchdeluxe.it\/fr\/wp-json\/wp\/v2\/media?parent=176008"}],"wp:term":[{"taxonomy":"product_brand","embeddable":true,"href":"https:\/\/watchdeluxe.it\/fr\/wp-json\/wp\/v2\/product_brand?post=176008"},{"taxonomy":"product_cat","embeddable":true,"href":"https:\/\/watchdeluxe.it\/fr\/wp-json\/wp\/v2\/product_cat?post=176008"},{"taxonomy":"product_tag","embeddable":true,"href":"https:\/\/watchdeluxe.it\/fr\/wp-json\/wp\/v2\/product_tag?post=176008"},{"taxonomy":"berocket_brand","embeddable":true,"href":"https:\/\/watchdeluxe.it\/fr\/wp-json\/wp\/v2\/berocket_brand?post=176008"},{"taxonomy":"woo-feed-brand","embeddable":true,"href":"https:\/\/watchdeluxe.it\/fr\/wp-json\/wp\/v2\/woo-feed-brand?post=176008"}],"curies":[{"name":"wp","href":"https:\/\/api.w.org\/{rel}","templated":true}]}}