{"id":175922,"date":"2026-04-15T10:31:08","date_gmt":"2026-04-15T08:31:08","guid":{"rendered":"https:\/\/watchdeluxe.it\/prodotto\/hublot-classic-fusion-titanium-blue-ref-511-nx-7170-rx\/"},"modified":"2026-04-15T10:31:08","modified_gmt":"2026-04-15T08:31:08","slug":"hublot-classic-fusion-titanium-blue-ref-511-nx-7170-rx","status":"publish","type":"product","link":"https:\/\/watchdeluxe.it\/fr\/prodotto\/hublot-classic-fusion-titanium-blue-ref-511-nx-7170-rx\/","title":{"rendered":"Hublot Classic Fusion Titanium Blue r\u00e9f. 511.NX.7170.RX"},"content":{"rendered":"<p>Hublot Classic Fusion Titanium Blue r\u00e9f. 511.NX.7170.RX<\/p>\n<ul>\n<li><strong>R\u00e9f\u00e9rence :<\/strong> 511.NX.7170.RX<\/li>\n<li><strong>Diam\u00e8tre :<\/strong> 45 mm<\/li>\n<li><strong>Bo\u00eetier :<\/strong> Titane satin\u00e9 et poli<\/li>\n<li><strong>Lunette :<\/strong> Titane avec 6 vis en forme de H en titane<\/li>\n<li><strong>Mouvement :<\/strong> Calibre HUB1112 \u00e0 remontage automatique<\/li>\n<li><strong>R\u00e9serve de marche :<\/strong> 42 heures<\/li>\n<li><strong>Cadran :<\/strong> Bleu satin\u00e9 avec finition soleil<\/li>\n<li><strong>Verre :<\/strong> Saphir avec traitement antireflet<\/li>\n<li><strong>Bracelet :<\/strong> Caoutchouc bleu doubl\u00e9<\/li>\n<li><strong>\u00c9tanch\u00e9it\u00e9 :<\/strong> 50 m\u00e8tres (5 ATM)<\/li>\n<\/ul>\n","protected":false},"excerpt":{"rendered":"<p>L\u2019essence du minimalisme contemporain rencontre l\u2019excellence technique dans un garde-temps en titane et bleu sunray. Une ic\u00f4ne de style qui red\u00e9finit l\u2019\u00e9l\u00e9gance sportive sign\u00e9e Hublot. <\/p>\n","protected":false},"featured_media":175923,"template":"","meta":{"_crdt_document":"","advanced_seo_description":"","jetpack_seo_html_title":"","jetpack_seo_noindex":false},"product_brand":[],"product_cat":[1917],"product_tag":[],"berocket_brand":[],"woo-feed-brand":[],"class_list":{"0":"post-175922","1":"product","2":"type-product","3":"status-publish","4":"has-post-thumbnail","6":"product_cat-hublot","8":"first","9":"instock","10":"sale","11":"taxable","12":"shipping-taxable","13":"purchasable","14":"product-type-simple"},"bundled_by":[],"bundle_stock_status":"instock","bundle_stock_quantity":1,"bundle_virtual":false,"bundle_layout":"","bundle_add_to_cart_form_location":"","bundle_editable_in_cart":false,"bundle_sold_individually_context":"","bundle_item_grouping":"","bundle_min_size":"","bundle_max_size":"","bundle_price":[],"bundled_items":[],"bundle_sell_ids":[],"group_of_quantity":0,"min_quantity":0,"max_quantity":"","exclude_order_quantity_value_rules":"no","exclude_category_quantity_rules":"no","combine_variations":"no","jetpack_sharing_enabled":true,"jetpack_likes_enabled":true,"_links":{"self":[{"href":"https:\/\/watchdeluxe.it\/fr\/wp-json\/wp\/v2\/product\/175922","targetHints":{"allow":["GET"]}}],"collection":[{"href":"https:\/\/watchdeluxe.it\/fr\/wp-json\/wp\/v2\/product"}],"about":[{"href":"https:\/\/watchdeluxe.it\/fr\/wp-json\/wp\/v2\/types\/product"}],"wp:featuredmedia":[{"embeddable":true,"href":"https:\/\/watchdeluxe.it\/fr\/wp-json\/wp\/v2\/media\/175923"}],"wp:attachment":[{"href":"https:\/\/watchdeluxe.it\/fr\/wp-json\/wp\/v2\/media?parent=175922"}],"wp:term":[{"taxonomy":"product_brand","embeddable":true,"href":"https:\/\/watchdeluxe.it\/fr\/wp-json\/wp\/v2\/product_brand?post=175922"},{"taxonomy":"product_cat","embeddable":true,"href":"https:\/\/watchdeluxe.it\/fr\/wp-json\/wp\/v2\/product_cat?post=175922"},{"taxonomy":"product_tag","embeddable":true,"href":"https:\/\/watchdeluxe.it\/fr\/wp-json\/wp\/v2\/product_tag?post=175922"},{"taxonomy":"berocket_brand","embeddable":true,"href":"https:\/\/watchdeluxe.it\/fr\/wp-json\/wp\/v2\/berocket_brand?post=175922"},{"taxonomy":"woo-feed-brand","embeddable":true,"href":"https:\/\/watchdeluxe.it\/fr\/wp-json\/wp\/v2\/woo-feed-brand?post=175922"}],"curies":[{"name":"wp","href":"https:\/\/api.w.org\/{rel}","templated":true}]}}