{"id":175878,"date":"2026-04-15T10:18:43","date_gmt":"2026-04-15T08:18:43","guid":{"rendered":"https:\/\/watchdeluxe.it\/prodotto\/hublot-classic-fusion-orlinski-bracelet-titanium-white-ref-550-ns-2200-ns-orl22\/"},"modified":"2026-04-15T10:18:43","modified_gmt":"2026-04-15T08:18:43","slug":"hublot-classic-fusion-orlinski-bracelet-titanium-white-ref-550-ns-2200-ns-orl22","status":"publish","type":"product","link":"https:\/\/watchdeluxe.it\/fr\/prodotto\/hublot-classic-fusion-orlinski-bracelet-titanium-white-ref-550-ns-2200-ns-orl22\/","title":{"rendered":"Hublot classic fusion orlinski bracelet titanium white r\u00e9f. 550.NS.2200.NS.ORL22"},"content":{"rendered":"<p>Hublot classic fusion orlinski bracelet titanium white r\u00e9f. 550.NS.2200.NS.ORL22<\/p>\n<ul>\n<li><strong>R\u00e9f\u00e9rence :<\/strong> 550.NS.2200.NS.ORL22<\/li>\n<li><strong>Collection :<\/strong> Classic Fusion Orlinski<\/li>\n<li><strong>Bo\u00eetier :<\/strong> Titane poli avec design \u00e0 facettes sign\u00e9 Richard Orlinski<\/li>\n<li><strong>Diam\u00e8tre :<\/strong> 40 mm<\/li>\n<li><strong>Cadran :<\/strong> C\u00e9ramique blanche polie avec architecture 3D<\/li>\n<li><strong>Mouvement :<\/strong> Calibre HUB1100 \u00e0 remontage automatique<\/li>\n<li><strong>R\u00e9serve de marche :<\/strong> Environ 42 heures<\/li>\n<li><strong>Bracelet :<\/strong> Titane poli int\u00e9gr\u00e9 compos\u00e9 de 83 \u00e9l\u00e9ments \u00e0 facettes<\/li>\n<li><strong>Verre :<\/strong> Saphir avec traitement antireflet<\/li>\n<li><strong>\u00c9tanch\u00e9it\u00e9 :<\/strong> 50 m\u00e8tres (5 ATM)<\/li>\n<\/ul>\n","protected":false},"excerpt":{"rendered":"<p>Une \u0153uvre d&#8217;art sculpt\u00e9e dans le titane, o\u00f9 le design g\u00e9om\u00e9trique de Richard Orlinski se fond avec l&#8217;excellence horlog\u00e8re d&#8217;Hublot dans un bracelet int\u00e9gr\u00e9 sans pr\u00e9c\u00e9dent.<\/p>\n","protected":false},"featured_media":175866,"template":"","meta":{"_crdt_document":"","advanced_seo_description":"","jetpack_seo_html_title":"","jetpack_seo_noindex":false},"product_brand":[],"product_cat":[1917],"product_tag":[3889],"berocket_brand":[],"woo-feed-brand":[],"class_list":{"0":"post-175878","1":"product","2":"type-product","3":"status-publish","4":"has-post-thumbnail","6":"product_cat-hublot","7":"product_tag-classic-fusion-2","9":"first","10":"instock","11":"sale","12":"taxable","13":"shipping-taxable","14":"purchasable","15":"product-type-simple"},"bundled_by":[],"bundle_stock_status":"instock","bundle_stock_quantity":1,"bundle_virtual":false,"bundle_layout":"","bundle_add_to_cart_form_location":"","bundle_editable_in_cart":false,"bundle_sold_individually_context":"","bundle_item_grouping":"","bundle_min_size":"","bundle_max_size":"","bundle_price":[],"bundled_items":[],"bundle_sell_ids":[],"group_of_quantity":0,"min_quantity":0,"max_quantity":"","exclude_order_quantity_value_rules":"no","exclude_category_quantity_rules":"no","combine_variations":"no","exclude_global_add_ons":[],"addons":[],"jetpack_sharing_enabled":true,"jetpack_likes_enabled":true,"_links":{"self":[{"href":"https:\/\/watchdeluxe.it\/fr\/wp-json\/wp\/v2\/product\/175878","targetHints":{"allow":["GET"]}}],"collection":[{"href":"https:\/\/watchdeluxe.it\/fr\/wp-json\/wp\/v2\/product"}],"about":[{"href":"https:\/\/watchdeluxe.it\/fr\/wp-json\/wp\/v2\/types\/product"}],"wp:featuredmedia":[{"embeddable":true,"href":"https:\/\/watchdeluxe.it\/fr\/wp-json\/wp\/v2\/media\/175866"}],"wp:attachment":[{"href":"https:\/\/watchdeluxe.it\/fr\/wp-json\/wp\/v2\/media?parent=175878"}],"wp:term":[{"taxonomy":"product_brand","embeddable":true,"href":"https:\/\/watchdeluxe.it\/fr\/wp-json\/wp\/v2\/product_brand?post=175878"},{"taxonomy":"product_cat","embeddable":true,"href":"https:\/\/watchdeluxe.it\/fr\/wp-json\/wp\/v2\/product_cat?post=175878"},{"taxonomy":"product_tag","embeddable":true,"href":"https:\/\/watchdeluxe.it\/fr\/wp-json\/wp\/v2\/product_tag?post=175878"},{"taxonomy":"berocket_brand","embeddable":true,"href":"https:\/\/watchdeluxe.it\/fr\/wp-json\/wp\/v2\/berocket_brand?post=175878"},{"taxonomy":"woo-feed-brand","embeddable":true,"href":"https:\/\/watchdeluxe.it\/fr\/wp-json\/wp\/v2\/woo-feed-brand?post=175878"}],"curies":[{"name":"wp","href":"https:\/\/api.w.org\/{rel}","templated":true}]}}