{"id":175774,"date":"2026-04-15T09:48:36","date_gmt":"2026-04-15T07:48:36","guid":{"rendered":"https:\/\/watchdeluxe.it\/prodotto\/hublot-classic-fusion-ref-581-nx-8970-lr\/"},"modified":"2026-04-15T09:48:36","modified_gmt":"2026-04-15T07:48:36","slug":"hublot-classic-fusion-ref-581-nx-8970-lr","status":"publish","type":"product","link":"https:\/\/watchdeluxe.it\/fr\/prodotto\/hublot-classic-fusion-ref-581-nx-8970-lr\/","title":{"rendered":"Hublot classic fusion r\u00e9f. 581.NX.8970.LR"},"content":{"rendered":"<p>Hublot classic fusion r\u00e9f. 581.NX.8970.LR<\/p>\n<ul>\n<li><strong>R\u00e9f\u00e9rence :<\/strong> 581.NX.8970.LR<\/li>\n<li><strong>Collection :<\/strong> Classic Fusion<\/li>\n<li><strong>Bo\u00eetier :<\/strong> Titane poli et satin\u00e9<\/li>\n<li><strong>Diam\u00e8tre :<\/strong> 33 mm<\/li>\n<li><strong>Mouvement :<\/strong> Quartz HUB2912<\/li>\n<li><strong>Cadran :<\/strong> Vert satin\u00e9 avec effet \u00ab soleil \u00bb<\/li>\n<li><strong>Lunette :<\/strong> Titane avec 6 vis en forme de H<\/li>\n<li><strong>Verre :<\/strong> Saphir avec traitement antireflet<\/li>\n<li><strong>Bracelet :<\/strong> Cuir d&#8217;alligator vert et caoutchouc noir<\/li>\n<li><strong>\u00c9tanch\u00e9it\u00e9 :<\/strong> 50 m\u00e8tres (5 ATM)<\/li>\n<\/ul>\n","protected":false},"excerpt":{"rendered":"<p>L&#8217;Hublot Classic Fusion Titanium Green 33 mm incarne l&#8217;essence de l&#8217;\u00e9l\u00e9gance contemporaine, alliant la r\u00e9sistance du titane de grade 5 \u00e0 l&#8217;intensit\u00e9 magn\u00e9tique d&#8217;un cadran vert satin\u00e9.<\/p>\n","protected":false},"featured_media":175768,"template":"","meta":{"_crdt_document":"","advanced_seo_description":"","jetpack_seo_html_title":"","jetpack_seo_noindex":false},"product_brand":[],"product_cat":[1917],"product_tag":[3889],"berocket_brand":[],"woo-feed-brand":[],"class_list":{"0":"post-175774","1":"product","2":"type-product","3":"status-publish","4":"has-post-thumbnail","6":"product_cat-hublot","7":"product_tag-classic-fusion-2","9":"first","10":"instock","11":"sale","12":"taxable","13":"shipping-taxable","14":"purchasable","15":"product-type-simple"},"bundled_by":[],"bundle_stock_status":"instock","bundle_stock_quantity":1,"bundle_virtual":false,"bundle_layout":"","bundle_add_to_cart_form_location":"","bundle_editable_in_cart":false,"bundle_sold_individually_context":"","bundle_item_grouping":"","bundle_min_size":"","bundle_max_size":"","bundle_price":[],"bundled_items":[],"bundle_sell_ids":[],"group_of_quantity":0,"min_quantity":0,"max_quantity":"","exclude_order_quantity_value_rules":"no","exclude_category_quantity_rules":"no","combine_variations":"no","exclude_global_add_ons":[],"addons":[],"jetpack_sharing_enabled":true,"jetpack_likes_enabled":true,"_links":{"self":[{"href":"https:\/\/watchdeluxe.it\/fr\/wp-json\/wp\/v2\/product\/175774","targetHints":{"allow":["GET"]}}],"collection":[{"href":"https:\/\/watchdeluxe.it\/fr\/wp-json\/wp\/v2\/product"}],"about":[{"href":"https:\/\/watchdeluxe.it\/fr\/wp-json\/wp\/v2\/types\/product"}],"wp:featuredmedia":[{"embeddable":true,"href":"https:\/\/watchdeluxe.it\/fr\/wp-json\/wp\/v2\/media\/175768"}],"wp:attachment":[{"href":"https:\/\/watchdeluxe.it\/fr\/wp-json\/wp\/v2\/media?parent=175774"}],"wp:term":[{"taxonomy":"product_brand","embeddable":true,"href":"https:\/\/watchdeluxe.it\/fr\/wp-json\/wp\/v2\/product_brand?post=175774"},{"taxonomy":"product_cat","embeddable":true,"href":"https:\/\/watchdeluxe.it\/fr\/wp-json\/wp\/v2\/product_cat?post=175774"},{"taxonomy":"product_tag","embeddable":true,"href":"https:\/\/watchdeluxe.it\/fr\/wp-json\/wp\/v2\/product_tag?post=175774"},{"taxonomy":"berocket_brand","embeddable":true,"href":"https:\/\/watchdeluxe.it\/fr\/wp-json\/wp\/v2\/berocket_brand?post=175774"},{"taxonomy":"woo-feed-brand","embeddable":true,"href":"https:\/\/watchdeluxe.it\/fr\/wp-json\/wp\/v2\/woo-feed-brand?post=175774"}],"curies":[{"name":"wp","href":"https:\/\/api.w.org\/{rel}","templated":true}]}}