{"id":175740,"date":"2026-04-15T09:35:09","date_gmt":"2026-04-15T07:35:09","guid":{"rendered":"https:\/\/watchdeluxe.it\/prodotto\/hublot-spirit-of-big-bang-titanium-ref-642-nx-0170-rx\/"},"modified":"2026-04-15T09:35:55","modified_gmt":"2026-04-15T07:35:55","slug":"hublot-spirit-of-big-bang-titanium-ref-642-nx-0170-rx","status":"publish","type":"product","link":"https:\/\/watchdeluxe.it\/fr\/prodotto\/hublot-spirit-of-big-bang-titanium-ref-642-nx-0170-rx\/","title":{"rendered":"Hublot Spirit of Big Bang Titanium r\u00e9f. 642.NX.0170.RX"},"content":{"rendered":"<p>Hublot Spirit of Big Bang Titanium r\u00e9f. 642.NX.0170.RX<\/p>\n<p>&lt;<\/p>\n<ul>\n<li><strong>R\u00e9f\u00e9rence :<\/strong> 642.NX.0170.RX<\/li>\n<li><strong>Bo\u00eetier :<\/strong> Titane poli et satin\u00e9 (Diam\u00e8tre 42 mm)<\/li>\n<li><strong>Lunette :<\/strong> Titane satin\u00e9 et poli avec 6 vis en titane en forme de H<\/li>\n<li><strong>Mouvement :<\/strong> HUB4700 Chronographe automatique squelette<\/li>\n<li><strong>Fr\u00e9quence :<\/strong> 5 Hz (36 000 alt\/h) pour une pr\u00e9cision au 1\/10 de seconde<\/li>\n<li><strong>R\u00e9serve de marche :<\/strong> 50 heures<\/li>\n<li><strong>Cadran :<\/strong> Verre saphir avec finitions squelett\u00e9es<\/li>\n<li><strong>Verre :<\/strong> Saphir avec traitement antireflet<\/li>\n<li><strong>Bracelet :<\/strong> Caoutchouc noir structur\u00e9 \u00e0 lignes<\/li>\n<li><strong>\u00c9tanch\u00e9it\u00e9 :<\/strong> 100 m\u00e8tres (10 ATM)<\/li>\n<\/ul>\n","protected":false},"excerpt":{"rendered":"<p>L\u2019incarnation de l\u2019\u00ab Art of Fusion \u00bb Hublot dans un design tonneau \u00e9poustouflant, o\u00f9 le titane ultral\u00e9ger rencontre la pr\u00e9cision millim\u00e9tr\u00e9e d\u2019un mouvement chronographe squelette.<\/p>\n","protected":false},"featured_media":175741,"template":"","meta":{"_crdt_document":"","advanced_seo_description":"","jetpack_seo_html_title":"","jetpack_seo_noindex":false},"product_brand":[],"product_cat":[2223],"product_tag":[3951],"berocket_brand":[],"woo-feed-brand":[],"class_list":{"0":"post-175740","1":"product","2":"type-product","3":"status-publish","4":"has-post-thumbnail","6":"product_cat-hublot-fr","7":"product_tag-lesprit-du-big-bang","9":"first","10":"instock","11":"sale","12":"taxable","13":"shipping-taxable","14":"purchasable","15":"product-type-simple"},"bundled_by":[],"bundle_stock_status":"instock","bundle_stock_quantity":1,"bundle_virtual":false,"bundle_layout":"","bundle_add_to_cart_form_location":"","bundle_editable_in_cart":false,"bundle_sold_individually_context":"","bundle_item_grouping":"","bundle_min_size":"","bundle_max_size":"","bundle_price":[],"bundled_items":[],"bundle_sell_ids":[],"group_of_quantity":0,"min_quantity":0,"max_quantity":"","exclude_order_quantity_value_rules":"no","exclude_category_quantity_rules":"no","combine_variations":"no","jetpack_sharing_enabled":true,"jetpack_likes_enabled":true,"_links":{"self":[{"href":"https:\/\/watchdeluxe.it\/fr\/wp-json\/wp\/v2\/product\/175740","targetHints":{"allow":["GET"]}}],"collection":[{"href":"https:\/\/watchdeluxe.it\/fr\/wp-json\/wp\/v2\/product"}],"about":[{"href":"https:\/\/watchdeluxe.it\/fr\/wp-json\/wp\/v2\/types\/product"}],"wp:featuredmedia":[{"embeddable":true,"href":"https:\/\/watchdeluxe.it\/fr\/wp-json\/wp\/v2\/media\/175741"}],"wp:attachment":[{"href":"https:\/\/watchdeluxe.it\/fr\/wp-json\/wp\/v2\/media?parent=175740"}],"wp:term":[{"taxonomy":"product_brand","embeddable":true,"href":"https:\/\/watchdeluxe.it\/fr\/wp-json\/wp\/v2\/product_brand?post=175740"},{"taxonomy":"product_cat","embeddable":true,"href":"https:\/\/watchdeluxe.it\/fr\/wp-json\/wp\/v2\/product_cat?post=175740"},{"taxonomy":"product_tag","embeddable":true,"href":"https:\/\/watchdeluxe.it\/fr\/wp-json\/wp\/v2\/product_tag?post=175740"},{"taxonomy":"berocket_brand","embeddable":true,"href":"https:\/\/watchdeluxe.it\/fr\/wp-json\/wp\/v2\/berocket_brand?post=175740"},{"taxonomy":"woo-feed-brand","embeddable":true,"href":"https:\/\/watchdeluxe.it\/fr\/wp-json\/wp\/v2\/woo-feed-brand?post=175740"}],"curies":[{"name":"wp","href":"https:\/\/api.w.org\/{rel}","templated":true}]}}