{"id":175640,"date":"2026-04-14T18:05:52","date_gmt":"2026-04-14T16:05:52","guid":{"rendered":"https:\/\/watchdeluxe.it\/prodotto\/hamilton-ventura-quartz-ref-h24411732\/"},"modified":"2026-04-14T18:05:52","modified_gmt":"2026-04-14T16:05:52","slug":"hamilton-ventura-quartz-ref-h24411732","status":"publish","type":"product","link":"https:\/\/watchdeluxe.it\/fr\/prodotto\/hamilton-ventura-quartz-ref-h24411732\/","title":{"rendered":"Hamilton Ventura Quartz r\u00e9f. H24411732"},"content":{"rendered":"<p>Hamilton Ventura Quartz r\u00e9f. H24411732<\/p>\n<ul>\n<li><strong>R\u00e9f\u00e9rence :<\/strong> H24411732<\/li>\n<li><strong>Collection :<\/strong> Ventura<\/li>\n<li><strong>Mouvement :<\/strong> Quartz suisse (Calibre 955.412)<\/li>\n<li><strong>Dimensions bo\u00eetier :<\/strong> 32,3 mm x 50,3 mm<\/li>\n<li><strong>Mat\u00e9riau du bo\u00eetier :<\/strong> Acier inoxydable<\/li>\n<li><strong>Cadran :<\/strong> Noir avec index et aiguilles argent\u00e9s<\/li>\n<li><strong>Verre :<\/strong> Min\u00e9ral haute r\u00e9sistance<\/li>\n<li><strong>Bracelet :<\/strong> Cuir de veau noir fa\u00e7on crocodile<\/li>\n<li><strong>\u00c9tanch\u00e9it\u00e9 :<\/strong> 5 bar (50 m)<\/li>\n<li><strong>Entre-corne :<\/strong> 17 mm<\/li>\n<\/ul>\n","protected":false},"excerpt":{"rendered":"<p>L\u2019Hamilton Ventura Quartz H24411732 est l\u2019ic\u00f4ne audacieuse qui a red\u00e9fini le design horloger, alliant l\u2019h\u00e9ritage l\u00e9gendaire d\u2019Elvis Presley \u00e0 une esth\u00e9tique futuriste intemporelle.<\/p>\n","protected":false},"featured_media":175329,"template":"","meta":{"_crdt_document":"","advanced_seo_description":"","jetpack_seo_html_title":"","jetpack_seo_noindex":false},"product_brand":[],"product_cat":[1915],"product_tag":[],"berocket_brand":[],"woo-feed-brand":[],"class_list":{"0":"post-175640","1":"product","2":"type-product","3":"status-publish","4":"has-post-thumbnail","6":"product_cat-hamilton","8":"first","9":"instock","10":"sale","11":"taxable","12":"shipping-taxable","13":"purchasable","14":"product-type-simple"},"bundled_by":[],"bundle_stock_status":"instock","bundle_stock_quantity":1,"bundle_virtual":false,"bundle_layout":"","bundle_add_to_cart_form_location":"","bundle_editable_in_cart":false,"bundle_sold_individually_context":"","bundle_item_grouping":"","bundle_min_size":"","bundle_max_size":"","bundle_price":[],"bundled_items":[],"bundle_sell_ids":[],"group_of_quantity":0,"min_quantity":0,"max_quantity":"","exclude_order_quantity_value_rules":"no","exclude_category_quantity_rules":"no","combine_variations":"no","jetpack_sharing_enabled":true,"jetpack_likes_enabled":true,"_links":{"self":[{"href":"https:\/\/watchdeluxe.it\/fr\/wp-json\/wp\/v2\/product\/175640","targetHints":{"allow":["GET"]}}],"collection":[{"href":"https:\/\/watchdeluxe.it\/fr\/wp-json\/wp\/v2\/product"}],"about":[{"href":"https:\/\/watchdeluxe.it\/fr\/wp-json\/wp\/v2\/types\/product"}],"wp:featuredmedia":[{"embeddable":true,"href":"https:\/\/watchdeluxe.it\/fr\/wp-json\/wp\/v2\/media\/175329"}],"wp:attachment":[{"href":"https:\/\/watchdeluxe.it\/fr\/wp-json\/wp\/v2\/media?parent=175640"}],"wp:term":[{"taxonomy":"product_brand","embeddable":true,"href":"https:\/\/watchdeluxe.it\/fr\/wp-json\/wp\/v2\/product_brand?post=175640"},{"taxonomy":"product_cat","embeddable":true,"href":"https:\/\/watchdeluxe.it\/fr\/wp-json\/wp\/v2\/product_cat?post=175640"},{"taxonomy":"product_tag","embeddable":true,"href":"https:\/\/watchdeluxe.it\/fr\/wp-json\/wp\/v2\/product_tag?post=175640"},{"taxonomy":"berocket_brand","embeddable":true,"href":"https:\/\/watchdeluxe.it\/fr\/wp-json\/wp\/v2\/berocket_brand?post=175640"},{"taxonomy":"woo-feed-brand","embeddable":true,"href":"https:\/\/watchdeluxe.it\/fr\/wp-json\/wp\/v2\/woo-feed-brand?post=175640"}],"curies":[{"name":"wp","href":"https:\/\/api.w.org\/{rel}","templated":true}]}}