{"id":175639,"date":"2026-04-14T18:12:07","date_gmt":"2026-04-14T16:12:07","guid":{"rendered":"https:\/\/watchdeluxe.it\/prodotto\/hamilton-american-classic-boulton-quartz-ref-h13431553\/"},"modified":"2026-04-14T18:12:07","modified_gmt":"2026-04-14T16:12:07","slug":"hamilton-american-classic-boulton-quartz-ref-h13431553","status":"publish","type":"product","link":"https:\/\/watchdeluxe.it\/fr\/prodotto\/hamilton-american-classic-boulton-quartz-ref-h13431553\/","title":{"rendered":"Hamilton American Classic Boulton Quartz r\u00e9f. H13431553"},"content":{"rendered":"<p>Hamilton American Classic Boulton Quartz r\u00e9f. H13431553<\/p>\n<ul>\n<li><strong>R\u00e9f\u00e9rence :<\/strong> H13431553<\/li>\n<li><strong>Collection :<\/strong> American Classic<\/li>\n<li><strong>Mouvement :<\/strong> Quartz suisse de haute pr\u00e9cision (Calibre 980.163)<\/li>\n<li><strong>Dimensions du bo\u00eetier :<\/strong> 27 mm x 31,6 mm<\/li>\n<li><strong>\u00c9paisseur :<\/strong> 7,8 mm<\/li>\n<li><strong>Mat\u00e9riau du bo\u00eetier :<\/strong> Acier inoxydable avec rev\u00eatement PVD or jaune<\/li>\n<li><strong>Verre :<\/strong> Cristal min\u00e9ral bomb\u00e9<\/li>\n<li><strong>Cadran :<\/strong> Blanc avec chiffres arabes et compteur de la petite seconde \u00e0 6 heures<\/li>\n<li><strong>Bracelet :<\/strong> Cuir de veau marron avec finition imprim\u00e9 alligator<\/li>\n<li><strong>\u00c9tanch\u00e9it\u00e9 :<\/strong> 3 bar (30 m\u00e8tres)<\/li>\n<\/ul>\n","protected":false},"excerpt":{"rendered":"<p>L\u2019Hamilton Boulton Quartz incarne l\u2019\u00e9l\u00e9gance intemporelle du style Art d\u00e9co, une ic\u00f4ne de 1941 aujourd\u2019hui r\u00e9interpr\u00e9t\u00e9e pour le poignet moderne avec la pr\u00e9cision du quartz suisse et un charme cin\u00e9matographique hors du temps.<\/p>\n","protected":false},"featured_media":175535,"template":"","meta":{"_crdt_document":"","advanced_seo_description":"","jetpack_seo_html_title":"","jetpack_seo_noindex":false},"product_brand":[],"product_cat":[1915],"product_tag":[],"berocket_brand":[],"woo-feed-brand":[],"class_list":{"0":"post-175639","1":"product","2":"type-product","3":"status-publish","4":"has-post-thumbnail","6":"product_cat-hamilton","8":"first","9":"instock","10":"sale","11":"taxable","12":"shipping-taxable","13":"purchasable","14":"product-type-simple"},"bundled_by":[],"bundle_stock_status":"instock","bundle_stock_quantity":1,"bundle_virtual":false,"bundle_layout":"","bundle_add_to_cart_form_location":"","bundle_editable_in_cart":false,"bundle_sold_individually_context":"","bundle_item_grouping":"","bundle_min_size":"","bundle_max_size":"","bundle_price":[],"bundled_items":[],"bundle_sell_ids":[],"group_of_quantity":0,"min_quantity":0,"max_quantity":"","exclude_order_quantity_value_rules":"no","exclude_category_quantity_rules":"no","combine_variations":"no","jetpack_sharing_enabled":true,"jetpack_likes_enabled":true,"_links":{"self":[{"href":"https:\/\/watchdeluxe.it\/fr\/wp-json\/wp\/v2\/product\/175639","targetHints":{"allow":["GET"]}}],"collection":[{"href":"https:\/\/watchdeluxe.it\/fr\/wp-json\/wp\/v2\/product"}],"about":[{"href":"https:\/\/watchdeluxe.it\/fr\/wp-json\/wp\/v2\/types\/product"}],"wp:featuredmedia":[{"embeddable":true,"href":"https:\/\/watchdeluxe.it\/fr\/wp-json\/wp\/v2\/media\/175535"}],"wp:attachment":[{"href":"https:\/\/watchdeluxe.it\/fr\/wp-json\/wp\/v2\/media?parent=175639"}],"wp:term":[{"taxonomy":"product_brand","embeddable":true,"href":"https:\/\/watchdeluxe.it\/fr\/wp-json\/wp\/v2\/product_brand?post=175639"},{"taxonomy":"product_cat","embeddable":true,"href":"https:\/\/watchdeluxe.it\/fr\/wp-json\/wp\/v2\/product_cat?post=175639"},{"taxonomy":"product_tag","embeddable":true,"href":"https:\/\/watchdeluxe.it\/fr\/wp-json\/wp\/v2\/product_tag?post=175639"},{"taxonomy":"berocket_brand","embeddable":true,"href":"https:\/\/watchdeluxe.it\/fr\/wp-json\/wp\/v2\/berocket_brand?post=175639"},{"taxonomy":"woo-feed-brand","embeddable":true,"href":"https:\/\/watchdeluxe.it\/fr\/wp-json\/wp\/v2\/woo-feed-brand?post=175639"}],"curies":[{"name":"wp","href":"https:\/\/api.w.org\/{rel}","templated":true}]}}