{"id":175597,"date":"2026-04-14T17:12:38","date_gmt":"2026-04-14T15:12:38","guid":{"rendered":"https:\/\/watchdeluxe.it\/prodotto\/hamilton-american-classic-intra-matic-auto-chrono-ref-h38436830\/"},"modified":"2026-04-14T17:12:38","modified_gmt":"2026-04-14T15:12:38","slug":"hamilton-american-classic-intra-matic-auto-chrono-ref-h38436830","status":"publish","type":"product","link":"https:\/\/watchdeluxe.it\/fr\/prodotto\/hamilton-american-classic-intra-matic-auto-chrono-ref-h38436830\/","title":{"rendered":"Hamilton American Classic Intra-Matic Auto Chrono r\u00e9f. H38436830"},"content":{"rendered":"<p>Hamilton American Classic Intra-Matic Auto Chrono r\u00e9f. H38436830<\/p>\n<ul>\n<li><strong>Mouvement :<\/strong> Calibre automatique H-31 avec 60 heures de r\u00e9serve de marche<\/li>\n<li><strong>Mat\u00e9riau du bo\u00eetier :<\/strong> Acier inoxydable avec rev\u00eatement PVD or jaune<\/li>\n<li><strong>Diam\u00e8tre :<\/strong> 40 mm<\/li>\n<li><strong>Verre :<\/strong> Saphir avec traitement antireflet<\/li>\n<li><strong>Cadran :<\/strong> Noir avec compteurs blancs contrast\u00e9s (Reverse Panda)<\/li>\n<li><strong>\u00c9tanch\u00e9it\u00e9 :<\/strong> 10 bar (100 m\u00e8tres)<\/li>\n<li><strong>Bracelet :<\/strong> Cuir de veau noir avec finition mate<\/li>\n<li><strong>Fonctions :<\/strong> Chronographe, heures, minutes, petite seconde et date<\/li>\n<li><strong>Largeur de l\u2019entre-corne :<\/strong> 20 mm<\/li>\n<li><strong>Design :<\/strong> Inspir\u00e9 du mod\u00e8le historique Chronograph A de 1968<\/li>\n<\/ul>\n","protected":false},"excerpt":{"rendered":"<p>Une ic\u00f4ne n\u00e9o-vintage qui allie la chaleur du PVD or jaune \u00e0 la pr\u00e9cision du mouvement H-31, id\u00e9ale pour ceux qui exigent un style distinctif et des performances chronographiques d\u2019excellence.<\/p>\n","protected":false},"featured_media":175165,"template":"","meta":{"_crdt_document":"","advanced_seo_description":"","jetpack_seo_html_title":"","jetpack_seo_noindex":false},"product_brand":[],"product_cat":[1915],"product_tag":[1431],"berocket_brand":[],"woo-feed-brand":[],"class_list":{"0":"post-175597","1":"product","2":"type-product","3":"status-publish","4":"has-post-thumbnail","6":"product_cat-hamilton","7":"product_tag-american-classic","9":"first","10":"instock","11":"sale","12":"taxable","13":"shipping-taxable","14":"purchasable","15":"product-type-simple"},"bundled_by":[],"bundle_stock_status":"instock","bundle_stock_quantity":1,"bundle_virtual":false,"bundle_layout":"","bundle_add_to_cart_form_location":"","bundle_editable_in_cart":false,"bundle_sold_individually_context":"","bundle_item_grouping":"","bundle_min_size":"","bundle_max_size":"","bundle_price":[],"bundled_items":[],"bundle_sell_ids":[],"group_of_quantity":0,"min_quantity":0,"max_quantity":"","exclude_order_quantity_value_rules":"no","exclude_category_quantity_rules":"no","combine_variations":"no","jetpack_sharing_enabled":true,"jetpack_likes_enabled":true,"_links":{"self":[{"href":"https:\/\/watchdeluxe.it\/fr\/wp-json\/wp\/v2\/product\/175597","targetHints":{"allow":["GET"]}}],"collection":[{"href":"https:\/\/watchdeluxe.it\/fr\/wp-json\/wp\/v2\/product"}],"about":[{"href":"https:\/\/watchdeluxe.it\/fr\/wp-json\/wp\/v2\/types\/product"}],"wp:featuredmedia":[{"embeddable":true,"href":"https:\/\/watchdeluxe.it\/fr\/wp-json\/wp\/v2\/media\/175165"}],"wp:attachment":[{"href":"https:\/\/watchdeluxe.it\/fr\/wp-json\/wp\/v2\/media?parent=175597"}],"wp:term":[{"taxonomy":"product_brand","embeddable":true,"href":"https:\/\/watchdeluxe.it\/fr\/wp-json\/wp\/v2\/product_brand?post=175597"},{"taxonomy":"product_cat","embeddable":true,"href":"https:\/\/watchdeluxe.it\/fr\/wp-json\/wp\/v2\/product_cat?post=175597"},{"taxonomy":"product_tag","embeddable":true,"href":"https:\/\/watchdeluxe.it\/fr\/wp-json\/wp\/v2\/product_tag?post=175597"},{"taxonomy":"berocket_brand","embeddable":true,"href":"https:\/\/watchdeluxe.it\/fr\/wp-json\/wp\/v2\/berocket_brand?post=175597"},{"taxonomy":"woo-feed-brand","embeddable":true,"href":"https:\/\/watchdeluxe.it\/fr\/wp-json\/wp\/v2\/woo-feed-brand?post=175597"}],"curies":[{"name":"wp","href":"https:\/\/api.w.org\/{rel}","templated":true}]}}