{"id":175538,"date":"2026-04-14T17:36:07","date_gmt":"2026-04-14T15:36:07","guid":{"rendered":"https:\/\/watchdeluxe.it\/prodotto\/hamilton-jazzmaster-performer-auto-ref-h36125890\/"},"modified":"2026-04-14T17:36:07","modified_gmt":"2026-04-14T15:36:07","slug":"hamilton-jazzmaster-performer-auto-ref-h36125890","status":"publish","type":"product","link":"https:\/\/watchdeluxe.it\/fr\/prodotto\/hamilton-jazzmaster-performer-auto-ref-h36125890\/","title":{"rendered":"Hamilton jazzmaster performer auto r\u00e9f. H36125890"},"content":{"rendered":"<p>Hamilton jazzmaster performer auto r\u00e9f. H36125890<\/p>\n<ul>\n<li><strong>Collection :<\/strong> Jazzmaster Performer<\/li>\n<li><strong>Mouvement :<\/strong> Automatique Calibre H-10<\/li>\n<li><strong>R\u00e9serve de marche :<\/strong> 80 heures<\/li>\n<li><strong>Mat\u00e9riau du bo\u00eetier :<\/strong> Acier inoxydable avec lunette en PVD or rose<\/li>\n<li><strong>Diam\u00e8tre :<\/strong> 34 mm<\/li>\n<li><strong>Cadran :<\/strong> Nacre blanche iridescente<\/li>\n<li><strong>Verre :<\/strong> Saphir avec traitement antireflet<\/li>\n<li><strong>\u00c9tanch\u00e9it\u00e9 :<\/strong> 10 bar (100 m\u00e8tres)<\/li>\n<li><strong>Bracelet :<\/strong> Satin beige avec doublure en cuir de veau<\/li>\n<li><strong>Sp\u00e9cificit\u00e9s :<\/strong> Spiral amagn\u00e9tique en Nivachron\u2122 et fond transparent<\/li>\n<\/ul>\n","protected":false},"excerpt":{"rendered":"<p>L&#8217;excellence m\u00e9canique suisse rencontre un design sport-chic irr\u00e9sistible : un chef-d&#8217;\u0153uvre de gr\u00e2ce avec cadran en nacre et d\u00e9tails raffin\u00e9s en or rose.<\/p>\n","protected":false},"featured_media":175177,"template":"","meta":{"_crdt_document":"","advanced_seo_description":"","jetpack_seo_html_title":"","jetpack_seo_noindex":false},"product_brand":[],"product_cat":[1915],"product_tag":[1394],"berocket_brand":[],"woo-feed-brand":[],"class_list":{"0":"post-175538","1":"product","2":"type-product","3":"status-publish","4":"has-post-thumbnail","6":"product_cat-hamilton","7":"product_tag-jazzmaster","9":"first","10":"instock","11":"sale","12":"taxable","13":"shipping-taxable","14":"purchasable","15":"product-type-simple"},"bundled_by":[],"bundle_stock_status":"instock","bundle_stock_quantity":1,"bundle_virtual":false,"bundle_layout":"","bundle_add_to_cart_form_location":"","bundle_editable_in_cart":false,"bundle_sold_individually_context":"","bundle_item_grouping":"","bundle_min_size":"","bundle_max_size":"","bundle_price":[],"bundled_items":[],"bundle_sell_ids":[],"group_of_quantity":0,"min_quantity":0,"max_quantity":"","exclude_order_quantity_value_rules":"no","exclude_category_quantity_rules":"no","combine_variations":"no","jetpack_sharing_enabled":true,"jetpack_likes_enabled":true,"_links":{"self":[{"href":"https:\/\/watchdeluxe.it\/fr\/wp-json\/wp\/v2\/product\/175538","targetHints":{"allow":["GET"]}}],"collection":[{"href":"https:\/\/watchdeluxe.it\/fr\/wp-json\/wp\/v2\/product"}],"about":[{"href":"https:\/\/watchdeluxe.it\/fr\/wp-json\/wp\/v2\/types\/product"}],"wp:featuredmedia":[{"embeddable":true,"href":"https:\/\/watchdeluxe.it\/fr\/wp-json\/wp\/v2\/media\/175177"}],"wp:attachment":[{"href":"https:\/\/watchdeluxe.it\/fr\/wp-json\/wp\/v2\/media?parent=175538"}],"wp:term":[{"taxonomy":"product_brand","embeddable":true,"href":"https:\/\/watchdeluxe.it\/fr\/wp-json\/wp\/v2\/product_brand?post=175538"},{"taxonomy":"product_cat","embeddable":true,"href":"https:\/\/watchdeluxe.it\/fr\/wp-json\/wp\/v2\/product_cat?post=175538"},{"taxonomy":"product_tag","embeddable":true,"href":"https:\/\/watchdeluxe.it\/fr\/wp-json\/wp\/v2\/product_tag?post=175538"},{"taxonomy":"berocket_brand","embeddable":true,"href":"https:\/\/watchdeluxe.it\/fr\/wp-json\/wp\/v2\/berocket_brand?post=175538"},{"taxonomy":"woo-feed-brand","embeddable":true,"href":"https:\/\/watchdeluxe.it\/fr\/wp-json\/wp\/v2\/woo-feed-brand?post=175538"}],"curies":[{"name":"wp","href":"https:\/\/api.w.org\/{rel}","templated":true}]}}