{"id":175434,"date":"2026-04-14T18:01:10","date_gmt":"2026-04-14T16:01:10","guid":{"rendered":"https:\/\/watchdeluxe.it\/prodotto\/hamilton-jazzmaster-lady-quartz-ref-h32111140\/"},"modified":"2026-04-14T18:01:10","modified_gmt":"2026-04-14T16:01:10","slug":"hamilton-jazzmaster-lady-quartz-ref-h32111140","status":"publish","type":"product","link":"https:\/\/watchdeluxe.it\/fr\/prodotto\/hamilton-jazzmaster-lady-quartz-ref-h32111140\/","title":{"rendered":"Hamilton jazzmaster lady quartz r\u00e9f. H32111140"},"content":{"rendered":"<p>Hamilton jazzmaster lady quartz r\u00e9f. H32111140<\/p>\n<ul>\n<li><strong>R\u00e9f\u00e9rence :<\/strong> H32111140<\/li>\n<li><strong>Collection :<\/strong> Jazzmaster<\/li>\n<li><strong>Mouvement :<\/strong> Quartz (Swiss Made)<\/li>\n<li><strong>Calibre :<\/strong> F03.105<\/li>\n<li><strong>Dimension du bo\u00eetier :<\/strong> 26 mm<\/li>\n<li><strong>Mat\u00e9riau du bo\u00eetier :<\/strong> acier inoxydable<\/li>\n<li><strong>Verre :<\/strong> Saphir inrayable<\/li>\n<li><strong>\u00c9tanch\u00e9it\u00e9 :<\/strong> 5 bar (50 m)<\/li>\n<li><strong>D\u00e9tails du cadran :<\/strong> Bleu avec 5 diamants sertis<\/li>\n<li><strong>Bracelet :<\/strong> Acier inoxydable \u00e0 cinq maillons<\/li>\n<\/ul>\n","protected":false},"excerpt":{"rendered":"<p>Symphonie d&#8217;\u00e9l\u00e9gance et de pr\u00e9cision, l&#8217;Hamilton Jazzmaster Lady Quartz enchante avec son cadran bleu nuit rehauss\u00e9 de diamants et un design suisse intemporel.<\/p>\n","protected":false},"featured_media":175225,"template":"","meta":{"_crdt_document":"","advanced_seo_description":"","jetpack_seo_html_title":"","jetpack_seo_noindex":false},"product_brand":[],"product_cat":[1915],"product_tag":[1394],"berocket_brand":[],"woo-feed-brand":[],"class_list":{"0":"post-175434","1":"product","2":"type-product","3":"status-publish","4":"has-post-thumbnail","6":"product_cat-hamilton","7":"product_tag-jazzmaster","9":"first","10":"instock","11":"taxable","12":"shipping-taxable","13":"purchasable","14":"product-type-simple"},"bundled_by":[],"bundle_stock_status":"instock","bundle_stock_quantity":1,"bundle_virtual":false,"bundle_layout":"","bundle_add_to_cart_form_location":"","bundle_editable_in_cart":false,"bundle_sold_individually_context":"","bundle_item_grouping":"","bundle_min_size":"","bundle_max_size":"","bundle_price":[],"bundled_items":[],"bundle_sell_ids":[],"group_of_quantity":0,"min_quantity":0,"max_quantity":"","exclude_order_quantity_value_rules":"no","exclude_category_quantity_rules":"no","combine_variations":"no","jetpack_sharing_enabled":true,"jetpack_likes_enabled":true,"_links":{"self":[{"href":"https:\/\/watchdeluxe.it\/fr\/wp-json\/wp\/v2\/product\/175434","targetHints":{"allow":["GET"]}}],"collection":[{"href":"https:\/\/watchdeluxe.it\/fr\/wp-json\/wp\/v2\/product"}],"about":[{"href":"https:\/\/watchdeluxe.it\/fr\/wp-json\/wp\/v2\/types\/product"}],"wp:featuredmedia":[{"embeddable":true,"href":"https:\/\/watchdeluxe.it\/fr\/wp-json\/wp\/v2\/media\/175225"}],"wp:attachment":[{"href":"https:\/\/watchdeluxe.it\/fr\/wp-json\/wp\/v2\/media?parent=175434"}],"wp:term":[{"taxonomy":"product_brand","embeddable":true,"href":"https:\/\/watchdeluxe.it\/fr\/wp-json\/wp\/v2\/product_brand?post=175434"},{"taxonomy":"product_cat","embeddable":true,"href":"https:\/\/watchdeluxe.it\/fr\/wp-json\/wp\/v2\/product_cat?post=175434"},{"taxonomy":"product_tag","embeddable":true,"href":"https:\/\/watchdeluxe.it\/fr\/wp-json\/wp\/v2\/product_tag?post=175434"},{"taxonomy":"berocket_brand","embeddable":true,"href":"https:\/\/watchdeluxe.it\/fr\/wp-json\/wp\/v2\/berocket_brand?post=175434"},{"taxonomy":"woo-feed-brand","embeddable":true,"href":"https:\/\/watchdeluxe.it\/fr\/wp-json\/wp\/v2\/woo-feed-brand?post=175434"}],"curies":[{"name":"wp","href":"https:\/\/api.w.org\/{rel}","templated":true}]}}