{"id":175361,"date":"2026-04-14T16:36:52","date_gmt":"2026-04-14T14:36:52","guid":{"rendered":"https:\/\/watchdeluxe.it\/prodotto\/hamilton-khaki-aviation-pilot-ref-h76215140\/"},"modified":"2026-04-14T16:36:52","modified_gmt":"2026-04-14T14:36:52","slug":"hamilton-khaki-aviation-pilot-ref-h76215140","status":"publish","type":"product","link":"https:\/\/watchdeluxe.it\/fr\/prodotto\/hamilton-khaki-aviation-pilot-ref-h76215140\/","title":{"rendered":"Hamilton khaki aviation pilot r\u00e9f. H76215140"},"content":{"rendered":"<p>Hamilton khaki aviation pilot r\u00e9f. H76215140<\/p>\n<li><strong>R\u00e9f\u00e9rence :<\/strong> H76215140<\/li>\n<li><strong>Mouvement :<\/strong> Automatique calibre H-10<\/li>\n<li><strong>R\u00e9serve de marche :<\/strong> 80 heures<\/li>\n<li><strong>Dimensions du bo\u00eetier :<\/strong> 36 mm<\/li>\n<li><strong>Mat\u00e9riau :<\/strong> Acier inoxydable<\/li>\n<li><strong>Verre :<\/strong> Saphir avec traitement antireflet<\/li>\n<li><strong>\u00c9tanch\u00e9it\u00e9 :<\/strong> 10 bar (100 m)<\/li>\n<li><strong>Caract\u00e9ristique sp\u00e9ciale :<\/strong> Spiral en Nivachron\u2122 antimagn\u00e9tique<\/li>\n<li><strong>Cadran :<\/strong> Bleu avec Super-LumiNova\u00ae<\/li>\n<li><strong>Fond :<\/strong> Transparent<\/li>\n<\/ul>\n","protected":false},"excerpt":{"rendered":"<p>L&#8217;Hamilton Khaki Aviation Pilot Auto de 36 mm allie l&#8217;esth\u00e9tique classique des instruments de vol \u00e0 un design moderne et compact, parfait pour ceux qui recherchent pr\u00e9cision et style intemporel.<\/p>\n","protected":false},"featured_media":175139,"template":"","meta":{"_crdt_document":"","advanced_seo_description":"","jetpack_seo_html_title":"","jetpack_seo_noindex":false},"product_brand":[],"product_cat":[1915],"product_tag":[1387],"berocket_brand":[],"woo-feed-brand":[],"class_list":{"0":"post-175361","1":"product","2":"type-product","3":"status-publish","4":"has-post-thumbnail","6":"product_cat-hamilton","7":"product_tag-khaki","9":"first","10":"instock","11":"sale","12":"taxable","13":"shipping-taxable","14":"purchasable","15":"product-type-simple"},"bundled_by":[],"bundle_stock_status":"instock","bundle_stock_quantity":1,"bundle_virtual":false,"bundle_layout":"","bundle_add_to_cart_form_location":"","bundle_editable_in_cart":false,"bundle_sold_individually_context":"","bundle_item_grouping":"","bundle_min_size":"","bundle_max_size":"","bundle_price":[],"bundled_items":[],"bundle_sell_ids":[],"group_of_quantity":0,"min_quantity":0,"max_quantity":"","exclude_order_quantity_value_rules":"no","exclude_category_quantity_rules":"no","combine_variations":"no","jetpack_sharing_enabled":true,"jetpack_likes_enabled":true,"_links":{"self":[{"href":"https:\/\/watchdeluxe.it\/fr\/wp-json\/wp\/v2\/product\/175361","targetHints":{"allow":["GET"]}}],"collection":[{"href":"https:\/\/watchdeluxe.it\/fr\/wp-json\/wp\/v2\/product"}],"about":[{"href":"https:\/\/watchdeluxe.it\/fr\/wp-json\/wp\/v2\/types\/product"}],"wp:featuredmedia":[{"embeddable":true,"href":"https:\/\/watchdeluxe.it\/fr\/wp-json\/wp\/v2\/media\/175139"}],"wp:attachment":[{"href":"https:\/\/watchdeluxe.it\/fr\/wp-json\/wp\/v2\/media?parent=175361"}],"wp:term":[{"taxonomy":"product_brand","embeddable":true,"href":"https:\/\/watchdeluxe.it\/fr\/wp-json\/wp\/v2\/product_brand?post=175361"},{"taxonomy":"product_cat","embeddable":true,"href":"https:\/\/watchdeluxe.it\/fr\/wp-json\/wp\/v2\/product_cat?post=175361"},{"taxonomy":"product_tag","embeddable":true,"href":"https:\/\/watchdeluxe.it\/fr\/wp-json\/wp\/v2\/product_tag?post=175361"},{"taxonomy":"berocket_brand","embeddable":true,"href":"https:\/\/watchdeluxe.it\/fr\/wp-json\/wp\/v2\/berocket_brand?post=175361"},{"taxonomy":"woo-feed-brand","embeddable":true,"href":"https:\/\/watchdeluxe.it\/fr\/wp-json\/wp\/v2\/woo-feed-brand?post=175361"}],"curies":[{"name":"wp","href":"https:\/\/api.w.org\/{rel}","templated":true}]}}