{"id":175340,"date":"2026-04-14T16:08:48","date_gmt":"2026-04-14T14:08:48","guid":{"rendered":"https:\/\/watchdeluxe.it\/prodotto\/hamilton-khaki-aviation-pilot-pioneer-mechanical-chrono-ref-h76409530\/"},"modified":"2026-04-14T16:08:48","modified_gmt":"2026-04-14T14:08:48","slug":"hamilton-khaki-aviation-pilot-pioneer-mechanical-chrono-ref-h76409530","status":"publish","type":"product","link":"https:\/\/watchdeluxe.it\/fr\/prodotto\/hamilton-khaki-aviation-pilot-pioneer-mechanical-chrono-ref-h76409530\/","title":{"rendered":"Hamilton khaki aviation pilot pioneer mechanical chrono r\u00e9f. H76409530"},"content":{"rendered":"<p>Hamilton khaki aviation pilot pioneer mechanical chrono r\u00e9f. H76409530<\/p>\n<ul>\n<li><strong>Mouvement :<\/strong> M\u00e9canique \u00e0 remontage manuel calibre H-50<\/li>\n<li><strong>R\u00e9serve de marche :<\/strong> 80 heures d&#8217;autonomie<\/li>\n<li><strong>Mat\u00e9riau du bo\u00eetier :<\/strong> acier inoxydable<\/li>\n<li><strong>Dimensions du bo\u00eetier :<\/strong> 36 mm x 33 mm<\/li>\n<li><strong>Verre :<\/strong> Min\u00e9ral bomb\u00e9 avec traitement antireflet<\/li>\n<li><strong>Cadran :<\/strong> Noir avec texture granul\u00e9e d&#8217;inspiration vintage<\/li>\n<li><strong>Bracelet :<\/strong> Cuir de veau marron avec boucle ardillon<\/li>\n<li><strong>\u00c9tanch\u00e9it\u00e9 :<\/strong> 10 bar (100 m \/ 145 psi)<\/li>\n<li><strong>Largeur des cornes :<\/strong> 18 mm<\/li>\n<li><strong>Caract\u00e9ristiques :<\/strong> R\u00e9interpr\u00e9tation fid\u00e8le du mod\u00e8le militaire RAF de 1973<\/li>\n<\/ul>\n","protected":false},"excerpt":{"rendered":"<p>Un authentique hommage \u00e0 l&#8217;histoire de l&#8217;aviation militaire britannique, qui allie l&#8217;esprit vintage des ann\u00e9es 70 \u00e0 un calibre m\u00e9canique moderne dot\u00e9 d&#8217;une r\u00e9serve de marche exceptionnelle.<\/p>\n","protected":false},"featured_media":175135,"template":"","meta":{"_crdt_document":"","advanced_seo_description":"","jetpack_seo_html_title":"","jetpack_seo_noindex":false},"product_brand":[],"product_cat":[1915],"product_tag":[1387],"berocket_brand":[],"woo-feed-brand":[],"class_list":{"0":"post-175340","1":"product","2":"type-product","3":"status-publish","4":"has-post-thumbnail","6":"product_cat-hamilton","7":"product_tag-khaki","9":"first","10":"instock","11":"sale","12":"taxable","13":"shipping-taxable","14":"purchasable","15":"product-type-simple"},"bundled_by":[],"bundle_stock_status":"instock","bundle_stock_quantity":1,"bundle_virtual":false,"bundle_layout":"","bundle_add_to_cart_form_location":"","bundle_editable_in_cart":false,"bundle_sold_individually_context":"","bundle_item_grouping":"","bundle_min_size":"","bundle_max_size":"","bundle_price":[],"bundled_items":[],"bundle_sell_ids":[],"group_of_quantity":0,"min_quantity":0,"max_quantity":"","exclude_order_quantity_value_rules":"no","exclude_category_quantity_rules":"no","combine_variations":"no","jetpack_sharing_enabled":true,"jetpack_likes_enabled":true,"_links":{"self":[{"href":"https:\/\/watchdeluxe.it\/fr\/wp-json\/wp\/v2\/product\/175340","targetHints":{"allow":["GET"]}}],"collection":[{"href":"https:\/\/watchdeluxe.it\/fr\/wp-json\/wp\/v2\/product"}],"about":[{"href":"https:\/\/watchdeluxe.it\/fr\/wp-json\/wp\/v2\/types\/product"}],"wp:featuredmedia":[{"embeddable":true,"href":"https:\/\/watchdeluxe.it\/fr\/wp-json\/wp\/v2\/media\/175135"}],"wp:attachment":[{"href":"https:\/\/watchdeluxe.it\/fr\/wp-json\/wp\/v2\/media?parent=175340"}],"wp:term":[{"taxonomy":"product_brand","embeddable":true,"href":"https:\/\/watchdeluxe.it\/fr\/wp-json\/wp\/v2\/product_brand?post=175340"},{"taxonomy":"product_cat","embeddable":true,"href":"https:\/\/watchdeluxe.it\/fr\/wp-json\/wp\/v2\/product_cat?post=175340"},{"taxonomy":"product_tag","embeddable":true,"href":"https:\/\/watchdeluxe.it\/fr\/wp-json\/wp\/v2\/product_tag?post=175340"},{"taxonomy":"berocket_brand","embeddable":true,"href":"https:\/\/watchdeluxe.it\/fr\/wp-json\/wp\/v2\/berocket_brand?post=175340"},{"taxonomy":"woo-feed-brand","embeddable":true,"href":"https:\/\/watchdeluxe.it\/fr\/wp-json\/wp\/v2\/woo-feed-brand?post=175340"}],"curies":[{"name":"wp","href":"https:\/\/api.w.org\/{rel}","templated":true}]}}