{"id":175081,"date":"2026-04-14T15:23:20","date_gmt":"2026-04-14T13:23:20","guid":{"rendered":"https:\/\/watchdeluxe.it\/prodotto\/hamilton-khaki-navy-scuba-gmt-ref-h82565930\/"},"modified":"2026-04-14T15:23:20","modified_gmt":"2026-04-14T13:23:20","slug":"hamilton-khaki-navy-scuba-gmt-ref-h82565930","status":"publish","type":"product","link":"https:\/\/watchdeluxe.it\/fr\/prodotto\/hamilton-khaki-navy-scuba-gmt-ref-h82565930\/","title":{"rendered":"Hamilton Khaki Navy Scuba GMT r\u00e9f. H82565930"},"content":{"rendered":"<p>Hamilton Khaki Navy Scuba GMT r\u00e9f. H82565930<\/p>\n<ul>\n<li><strong>R\u00e9f\u00e9rence :<\/strong> H82565930<\/li>\n<li><strong>Mouvement :<\/strong> Remontage automatique H-14<\/li>\n<li><strong>Fonctions :<\/strong> GMT (deuxi\u00e8me fuseau horaire) et Date<\/li>\n<li><strong>R\u00e9serve de marche :<\/strong> 80 heures<\/li>\n<li><strong>Mat\u00e9riau du bo\u00eetier :<\/strong> Bronze avec fond en titane<\/li>\n<li><strong>Diam\u00e8tre :<\/strong> 43 mm<\/li>\n<li><strong>Verre :<\/strong> Saphir avec traitement antireflet<\/li>\n<li><strong>\u00c9tanch\u00e9it\u00e9 :<\/strong> 30 bar (300 m)<\/li>\n<li><strong>Bracelet :<\/strong> NATO en tissu noir et or<\/li>\n<li><strong>Caract\u00e9ristiques :<\/strong> Spiral en Nivachron\u2122 amagn\u00e9tique et Super-LumiNova\u00ae<\/li>\n<\/ul>\n","protected":false},"excerpt":{"rendered":"<p>L\u2019Hamilton Khaki Navy Scuba GMT Auto en bronze est l\u2019essence de l\u2019exploration d\u2019avant-garde, alliant le charme d\u2019un bo\u00eetier \u00e9volutif \u00e0 la pr\u00e9cision d\u2019un fuseau horaire mondial.<\/p>\n","protected":false},"featured_media":175064,"template":"","meta":{"_crdt_document":"","advanced_seo_description":"","jetpack_seo_html_title":"","jetpack_seo_noindex":false},"product_brand":[],"product_cat":[1915],"product_tag":[],"berocket_brand":[],"woo-feed-brand":[],"class_list":{"0":"post-175081","1":"product","2":"type-product","3":"status-publish","4":"has-post-thumbnail","6":"product_cat-hamilton","8":"first","9":"instock","10":"sale","11":"taxable","12":"shipping-taxable","13":"purchasable","14":"product-type-simple"},"bundled_by":[],"bundle_stock_status":"instock","bundle_stock_quantity":1,"bundle_virtual":false,"bundle_layout":"","bundle_add_to_cart_form_location":"","bundle_editable_in_cart":false,"bundle_sold_individually_context":"","bundle_item_grouping":"","bundle_min_size":"","bundle_max_size":"","bundle_price":[],"bundled_items":[],"bundle_sell_ids":[],"group_of_quantity":0,"min_quantity":0,"max_quantity":"","exclude_order_quantity_value_rules":"no","exclude_category_quantity_rules":"no","combine_variations":"no","jetpack_sharing_enabled":true,"jetpack_likes_enabled":true,"_links":{"self":[{"href":"https:\/\/watchdeluxe.it\/fr\/wp-json\/wp\/v2\/product\/175081","targetHints":{"allow":["GET"]}}],"collection":[{"href":"https:\/\/watchdeluxe.it\/fr\/wp-json\/wp\/v2\/product"}],"about":[{"href":"https:\/\/watchdeluxe.it\/fr\/wp-json\/wp\/v2\/types\/product"}],"wp:featuredmedia":[{"embeddable":true,"href":"https:\/\/watchdeluxe.it\/fr\/wp-json\/wp\/v2\/media\/175064"}],"wp:attachment":[{"href":"https:\/\/watchdeluxe.it\/fr\/wp-json\/wp\/v2\/media?parent=175081"}],"wp:term":[{"taxonomy":"product_brand","embeddable":true,"href":"https:\/\/watchdeluxe.it\/fr\/wp-json\/wp\/v2\/product_brand?post=175081"},{"taxonomy":"product_cat","embeddable":true,"href":"https:\/\/watchdeluxe.it\/fr\/wp-json\/wp\/v2\/product_cat?post=175081"},{"taxonomy":"product_tag","embeddable":true,"href":"https:\/\/watchdeluxe.it\/fr\/wp-json\/wp\/v2\/product_tag?post=175081"},{"taxonomy":"berocket_brand","embeddable":true,"href":"https:\/\/watchdeluxe.it\/fr\/wp-json\/wp\/v2\/berocket_brand?post=175081"},{"taxonomy":"woo-feed-brand","embeddable":true,"href":"https:\/\/watchdeluxe.it\/fr\/wp-json\/wp\/v2\/woo-feed-brand?post=175081"}],"curies":[{"name":"wp","href":"https:\/\/api.w.org\/{rel}","templated":true}]}}