{"id":175080,"date":"2026-04-14T15:24:54","date_gmt":"2026-04-14T13:24:54","guid":{"rendered":"https:\/\/watchdeluxe.it\/prodotto\/hamilton-khaki-navy-ref-h82505150\/"},"modified":"2026-04-14T15:24:54","modified_gmt":"2026-04-14T13:24:54","slug":"hamilton-khaki-navy-ref-h82505150","status":"publish","type":"product","link":"https:\/\/watchdeluxe.it\/fr\/prodotto\/hamilton-khaki-navy-ref-h82505150\/","title":{"rendered":"Hamilton khaki navy r\u00e9f. H82505150"},"content":{"rendered":"<p>Hamilton khaki navy r\u00e9f. H82505150<\/p>\n<ul>\n<li><strong>Mouvement :<\/strong> Automatique Calibre H-10<\/li>\n<li><strong>R\u00e9serve de marche :<\/strong> 80 heures<\/li>\n<li><strong>Mat\u00e9riau du bo\u00eetier :<\/strong> Acier inoxydable<\/li>\n<li><strong>Lunette :<\/strong> C\u00e9ramique bleue tournante unidirectionnelle<\/li>\n<li><strong>\u00c9tanch\u00e9it\u00e9 :<\/strong> 30 bar (300 m)<\/li>\n<li><strong>Verre :<\/strong> Saphir avec traitement antireflet<\/li>\n<li><strong>Spiral :<\/strong> Nivachron\u2122 \u00e0 haute r\u00e9sistance magn\u00e9tique<\/li>\n<li><strong>Diam\u00e8tre :<\/strong> 43 mm<\/li>\n<li><strong>Cadran :<\/strong> Argent\u00e9 avec index et aiguilles en Super-LumiNova\u00ae<\/li>\n<li><strong>Bracelet :<\/strong> Acier inoxydable avec boucle d\u00e9ployante<\/li>\n<\/ul>\n","protected":false},"excerpt":{"rendered":"<p>L&#8217;Hamilton Khaki Navy Scuba Auto 43 mm incarne la pr\u00e9cision sous-marine, alliant une lunette en c\u00e9ramique high-tech \u00e0 des performances de plong\u00e9e professionnelles. Un chef-d&#8217;\u0153uvre d&#8217;ing\u00e9nierie suisse con\u00e7u pour ceux qui vivent l&#8217;aventure sans renoncer \u00e0 une \u00e9l\u00e9gance intemporelle. <\/p>\n","protected":false},"featured_media":175066,"template":"","meta":{"_crdt_document":"","advanced_seo_description":"","jetpack_seo_html_title":"","jetpack_seo_noindex":false},"product_brand":[],"product_cat":[1915],"product_tag":[1387],"berocket_brand":[],"woo-feed-brand":[],"class_list":{"0":"post-175080","1":"product","2":"type-product","3":"status-publish","4":"has-post-thumbnail","6":"product_cat-hamilton","7":"product_tag-khaki","9":"first","10":"instock","11":"sale","12":"taxable","13":"shipping-taxable","14":"purchasable","15":"product-type-simple"},"bundled_by":[],"bundle_stock_status":"instock","bundle_stock_quantity":1,"bundle_virtual":false,"bundle_layout":"","bundle_add_to_cart_form_location":"","bundle_editable_in_cart":false,"bundle_sold_individually_context":"","bundle_item_grouping":"","bundle_min_size":"","bundle_max_size":"","bundle_price":[],"bundled_items":[],"bundle_sell_ids":[],"group_of_quantity":0,"min_quantity":0,"max_quantity":"","exclude_order_quantity_value_rules":"no","exclude_category_quantity_rules":"no","combine_variations":"no","jetpack_sharing_enabled":true,"jetpack_likes_enabled":true,"_links":{"self":[{"href":"https:\/\/watchdeluxe.it\/fr\/wp-json\/wp\/v2\/product\/175080","targetHints":{"allow":["GET"]}}],"collection":[{"href":"https:\/\/watchdeluxe.it\/fr\/wp-json\/wp\/v2\/product"}],"about":[{"href":"https:\/\/watchdeluxe.it\/fr\/wp-json\/wp\/v2\/types\/product"}],"wp:featuredmedia":[{"embeddable":true,"href":"https:\/\/watchdeluxe.it\/fr\/wp-json\/wp\/v2\/media\/175066"}],"wp:attachment":[{"href":"https:\/\/watchdeluxe.it\/fr\/wp-json\/wp\/v2\/media?parent=175080"}],"wp:term":[{"taxonomy":"product_brand","embeddable":true,"href":"https:\/\/watchdeluxe.it\/fr\/wp-json\/wp\/v2\/product_brand?post=175080"},{"taxonomy":"product_cat","embeddable":true,"href":"https:\/\/watchdeluxe.it\/fr\/wp-json\/wp\/v2\/product_cat?post=175080"},{"taxonomy":"product_tag","embeddable":true,"href":"https:\/\/watchdeluxe.it\/fr\/wp-json\/wp\/v2\/product_tag?post=175080"},{"taxonomy":"berocket_brand","embeddable":true,"href":"https:\/\/watchdeluxe.it\/fr\/wp-json\/wp\/v2\/berocket_brand?post=175080"},{"taxonomy":"woo-feed-brand","embeddable":true,"href":"https:\/\/watchdeluxe.it\/fr\/wp-json\/wp\/v2\/woo-feed-brand?post=175080"}],"curies":[{"name":"wp","href":"https:\/\/api.w.org\/{rel}","templated":true}]}}