{"id":174915,"date":"2026-04-14T14:40:32","date_gmt":"2026-04-14T12:40:32","guid":{"rendered":"https:\/\/watchdeluxe.it\/prodotto\/glashutte-sixties-chronograph-annual-edition-ref-1-39-34-05-22-04\/"},"modified":"2026-04-14T14:40:32","modified_gmt":"2026-04-14T12:40:32","slug":"glashutte-sixties-chronograph-annual-edition-ref-1-39-34-05-22-04","status":"publish","type":"product","link":"https:\/\/watchdeluxe.it\/fr\/prodotto\/glashutte-sixties-chronograph-annual-edition-ref-1-39-34-05-22-04\/","title":{"rendered":"Glash\u00fctte Sixties Chronograph Annual Edition r\u00e9f. 1-39-34-05-22-04"},"content":{"rendered":"<p>Glash\u00fctte Sixties Chronograph Annual Edition r\u00e9f. 1-39-34-05-22-04<\/p>\n<ul>\n<li><strong>Mouvement :<\/strong> Calibre de manufacture 39-34, m\u00e9canique \u00e0 remontage automatique.<\/li>\n<li><strong>Bo\u00eetier :<\/strong> Acier inoxydable poli, diam\u00e8tre 42,00 mm et \u00e9paisseur 12,40 mm.<\/li>\n<li><strong>Cadran :<\/strong> Vert avec effet d\u00e9grad\u00e9 et texture gaufr\u00e9e r\u00e9alis\u00e9e avec des outils originaux des ann\u00e9es 60.<\/li>\n<li><strong>Fonctions :<\/strong> Heures, minutes, petite seconde, chronographe avec arr\u00eat des secondes et compteur 30 minutes.<\/li>\n<li><strong>R\u00e9serve de marche :<\/strong> 38 heures (\u00b1 5 %) avec fr\u00e9quence de 28 800 alternances\/heure.<\/li>\n<li><strong>Verre :<\/strong> saphir bomb\u00e9 avec traitement antireflet sur les deux faces.<\/li>\n<li><strong>Fond de bo\u00eete :<\/strong> Verre saphir de forme sp\u00e9ciale pour admirer le rotor squelett\u00e9 et les finitions du mouvement.<\/li>\n<li><strong>D\u00e9tails du mouvement :<\/strong> Platine trois-quarts de Glash\u00fctte, r\u00e9glage microm\u00e9trique \u00e0 col de cygne et masse oscillante en or 21 ct.<\/li>\n<li><strong>Bracelet :<\/strong> Cuir de veau nubuck marron-gris avec boucle ardillon en acier.<\/li>\n<li><strong>\u00c9tanch\u00e9it\u00e9 :<\/strong> Test\u00e9e jusqu\u2019\u00e0 3 bar (30 m\u00e8tres).<\/li>\n<\/ul>\n","protected":false},"excerpt":{"rendered":"<p>Un chef-d\u2019\u0153uvre d\u2019art horloger qui capture l\u2019essence vibrante des ann\u00e9es 60 \u00e0 travers un cadran vert \u00e9meraude travaill\u00e9 \u00e0 la main et un design vintage intemporel. <\/p>\n","protected":false},"featured_media":0,"template":"","meta":{"_crdt_document":"","advanced_seo_description":"","jetpack_seo_html_title":"","jetpack_seo_noindex":false},"product_brand":[],"product_cat":[3915],"product_tag":[1628],"berocket_brand":[],"woo-feed-brand":[],"class_list":{"0":"post-174915","1":"product","2":"type-product","3":"status-publish","5":"product_cat-glashutte-original","6":"product_tag-sixties","8":"first","9":"instock","10":"sale","11":"taxable","12":"shipping-taxable","13":"purchasable","14":"product-type-simple"},"bundled_by":[],"bundle_stock_status":"instock","bundle_stock_quantity":1,"bundle_virtual":false,"bundle_layout":"","bundle_add_to_cart_form_location":"","bundle_editable_in_cart":false,"bundle_sold_individually_context":"","bundle_item_grouping":"","bundle_min_size":"","bundle_max_size":"","bundle_price":[],"bundled_items":[],"bundle_sell_ids":[],"group_of_quantity":0,"min_quantity":0,"max_quantity":"","exclude_order_quantity_value_rules":"no","exclude_category_quantity_rules":"no","combine_variations":"no","exclude_global_add_ons":[],"addons":[],"jetpack_sharing_enabled":true,"jetpack_likes_enabled":true,"_links":{"self":[{"href":"https:\/\/watchdeluxe.it\/fr\/wp-json\/wp\/v2\/product\/174915","targetHints":{"allow":["GET"]}}],"collection":[{"href":"https:\/\/watchdeluxe.it\/fr\/wp-json\/wp\/v2\/product"}],"about":[{"href":"https:\/\/watchdeluxe.it\/fr\/wp-json\/wp\/v2\/types\/product"}],"wp:attachment":[{"href":"https:\/\/watchdeluxe.it\/fr\/wp-json\/wp\/v2\/media?parent=174915"}],"wp:term":[{"taxonomy":"product_brand","embeddable":true,"href":"https:\/\/watchdeluxe.it\/fr\/wp-json\/wp\/v2\/product_brand?post=174915"},{"taxonomy":"product_cat","embeddable":true,"href":"https:\/\/watchdeluxe.it\/fr\/wp-json\/wp\/v2\/product_cat?post=174915"},{"taxonomy":"product_tag","embeddable":true,"href":"https:\/\/watchdeluxe.it\/fr\/wp-json\/wp\/v2\/product_tag?post=174915"},{"taxonomy":"berocket_brand","embeddable":true,"href":"https:\/\/watchdeluxe.it\/fr\/wp-json\/wp\/v2\/berocket_brand?post=174915"},{"taxonomy":"woo-feed-brand","embeddable":true,"href":"https:\/\/watchdeluxe.it\/fr\/wp-json\/wp\/v2\/woo-feed-brand?post=174915"}],"curies":[{"name":"wp","href":"https:\/\/api.w.org\/{rel}","templated":true}]}}