{"id":174526,"date":"2026-04-14T11:14:11","date_gmt":"2026-04-14T09:14:11","guid":{"rendered":"https:\/\/watchdeluxe.it\/prodotto\/chanel-j12-bleu-38-mm-ref-h9632\/"},"modified":"2026-04-14T11:14:11","modified_gmt":"2026-04-14T09:14:11","slug":"chanel-j12-bleu-38-mm-ref-h9632","status":"publish","type":"product","link":"https:\/\/watchdeluxe.it\/fr\/prodotto\/chanel-j12-bleu-38-mm-ref-h9632\/","title":{"rendered":"Chanel J12 bleu 38 mm r\u00e9f. H9632"},"content":{"rendered":"<\/p>\n<ul>\n<li><strong>R\u00e9f\u00e9rence :<\/strong> H9632<\/li>\n<li><strong>Mouvement :<\/strong> Calibre 12.1 m\u00e9canique \u00e0 remontage automatique de Manufacture<\/li>\n<li><strong>Certification :<\/strong> Chronom\u00e8tre certifi\u00e9 par le COSC<\/li>\n<li><strong>Mati\u00e8re :<\/strong> C\u00e9ramique haute r\u00e9sistance bleue mate et acier avec rev\u00eatement noir<\/li>\n<li><strong>Diam\u00e8tre :<\/strong> 38 mm<\/li>\n<li><strong>R\u00e9serve de marche :<\/strong> Environ 70 heures<\/li>\n<li><strong>Lunette :<\/strong> Fixe en acier noir avec bague en c\u00e9ramique bleue et motif baguette<\/li>\n<li><strong>Cadran :<\/strong> Verni bleu avec index et finitions noirs<\/li>\n<li><strong>\u00c9tanch\u00e9it\u00e9 :<\/strong> 200 m\u00e8tres<\/li>\n<li><strong>Bracelet :<\/strong> C\u00e9ramique bleue mate avec boucle triple d\u00e9ployante en acier<\/li>\n<\/ul>\n","protected":false},"excerpt":{"rendered":"<p>Chanel J12 bleu 38 mm r\u00e9f. H9632 <\/p>\n","protected":false},"featured_media":174518,"template":"","meta":{"_crdt_document":"","advanced_seo_description":"","jetpack_seo_html_title":"","jetpack_seo_noindex":false},"product_brand":[],"product_cat":[2336],"product_tag":[],"berocket_brand":[],"woo-feed-brand":[],"class_list":{"0":"post-174526","1":"product","2":"type-product","3":"status-publish","4":"has-post-thumbnail","6":"product_cat-chanel","8":"first","9":"instock","10":"sale","11":"taxable","12":"shipping-taxable","13":"purchasable","14":"product-type-simple"},"bundled_by":[],"bundle_stock_status":"instock","bundle_stock_quantity":1,"bundle_virtual":false,"bundle_layout":"","bundle_add_to_cart_form_location":"","bundle_editable_in_cart":false,"bundle_sold_individually_context":"","bundle_item_grouping":"","bundle_min_size":"","bundle_max_size":"","bundle_price":[],"bundled_items":[],"bundle_sell_ids":[],"group_of_quantity":0,"min_quantity":0,"max_quantity":"","exclude_order_quantity_value_rules":"no","exclude_category_quantity_rules":"no","combine_variations":"no","jetpack_sharing_enabled":true,"jetpack_likes_enabled":true,"_links":{"self":[{"href":"https:\/\/watchdeluxe.it\/fr\/wp-json\/wp\/v2\/product\/174526","targetHints":{"allow":["GET"]}}],"collection":[{"href":"https:\/\/watchdeluxe.it\/fr\/wp-json\/wp\/v2\/product"}],"about":[{"href":"https:\/\/watchdeluxe.it\/fr\/wp-json\/wp\/v2\/types\/product"}],"wp:featuredmedia":[{"embeddable":true,"href":"https:\/\/watchdeluxe.it\/fr\/wp-json\/wp\/v2\/media\/174518"}],"wp:attachment":[{"href":"https:\/\/watchdeluxe.it\/fr\/wp-json\/wp\/v2\/media?parent=174526"}],"wp:term":[{"taxonomy":"product_brand","embeddable":true,"href":"https:\/\/watchdeluxe.it\/fr\/wp-json\/wp\/v2\/product_brand?post=174526"},{"taxonomy":"product_cat","embeddable":true,"href":"https:\/\/watchdeluxe.it\/fr\/wp-json\/wp\/v2\/product_cat?post=174526"},{"taxonomy":"product_tag","embeddable":true,"href":"https:\/\/watchdeluxe.it\/fr\/wp-json\/wp\/v2\/product_tag?post=174526"},{"taxonomy":"berocket_brand","embeddable":true,"href":"https:\/\/watchdeluxe.it\/fr\/wp-json\/wp\/v2\/berocket_brand?post=174526"},{"taxonomy":"woo-feed-brand","embeddable":true,"href":"https:\/\/watchdeluxe.it\/fr\/wp-json\/wp\/v2\/woo-feed-brand?post=174526"}],"curies":[{"name":"wp","href":"https:\/\/api.w.org\/{rel}","templated":true}]}}